{"id":93310,"date":"2026-01-27T14:40:25","date_gmt":"2026-01-27T19:40:25","guid":{"rendered":"https:\/\/pavillonchassepeche.ca\/?post_type=product&#038;p=93310"},"modified":"2026-02-11T16:36:16","modified_gmt":"2026-02-11T21:36:16","slug":"excalibur-mag340-crossbow-realtree-package-excape","status":"publish","type":"product","link":"https:\/\/pavillonchassepeche.ca\/en\/product\/excalibur-mag340-crossbow-realtree-package-excape\/","title":{"rendered":"EXCALIBUR MAG340 CROSSBOW REALTREE PACKAGE EXCAPE"},"content":{"rendered":"<p data-start=\"84\" data-end=\"679\">L\u2019arbal\u00e8te <strong data-start=\"124\" data-end=\"169\">Excalibur MAG 340 Realtree Package Escape<\/strong> est une valeur s\u00fbre pour les chasseurs qui veulent une arbal\u00e8te fiable, simple et ultra robuste. Gr\u00e2ce \u00e0 sa conception \u00e0 branches recourb\u00e9es, elle offre une durabilit\u00e9 exceptionnelle et une pr\u00e9cision constante, m\u00eame dans des conditions difficiles. Sa vitesse de tir impressionnante et son format compact en font un excellent choix autant pour les chasseurs exp\u00e9riment\u00e9s que pour ceux qui veulent une arbal\u00e8te performante sans m\u00e9canique complexe. Le fini Realtree permet un camouflage efficace en milieu bois\u00e9.<\/p>\n<p data-start=\"681\" data-end=\"701\"><strong data-start=\"681\" data-end=\"701\">Caract\u00e9ristiques<\/strong><\/p>\n<ul data-start=\"702\" data-end=\"991\">\n<li data-start=\"702\" data-end=\"782\">\n<p data-start=\"704\" data-end=\"782\">Conception \u00e0 branches recourb\u00e9es, reconnue pour sa fiabilit\u00e9 et sa long\u00e9vit\u00e9<\/p>\n<\/li>\n<li data-start=\"783\" data-end=\"830\">\n<p data-start=\"785\" data-end=\"830\">Vitesse rapide et trajectoire de tir stable<\/p>\n<\/li>\n<li data-start=\"831\" data-end=\"867\">\n<p data-start=\"833\" data-end=\"867\">Design compact et bien \u00e9quilibr\u00e9<\/p>\n<\/li>\n<li data-start=\"868\" data-end=\"905\">\n<p data-start=\"870\" data-end=\"905\">Pr\u00e9cision constante tir apr\u00e8s tir<\/p>\n<\/li>\n<li data-start=\"906\" data-end=\"951\">\n<p data-start=\"908\" data-end=\"951\">Fini Realtree pour un meilleur camouflage<\/p>\n<\/li>\n<li data-start=\"952\" data-end=\"991\">\n<p data-start=\"954\" data-end=\"991\">Package complet pr\u00eat pour la chasse<\/p>\n<\/li>\n<\/ul>\n<p data-start=\"993\" data-end=\"1022\"><strong data-start=\"993\" data-end=\"1022\">Sp\u00e9cifications techniques<\/strong><\/p>\n<ul data-start=\"1023\" data-end=\"1304\">\n<li data-start=\"1023\" data-end=\"1062\">\n<p data-start=\"1025\" data-end=\"1062\">Vitesse : jusqu\u2019\u00e0 340 pieds\/seconde<\/p>\n<\/li>\n<li data-start=\"1063\" data-end=\"1101\">\n<p data-start=\"1065\" data-end=\"1101\">Poids de traction : environ 225 lb<\/p>\n<\/li>\n<li data-start=\"1102\" data-end=\"1140\">\n<p data-start=\"1104\" data-end=\"1140\">Poids de l\u2019arbal\u00e8te : environ 6 lb<\/p>\n<\/li>\n<li data-start=\"1141\" data-end=\"1173\">\n<p data-start=\"1143\" data-end=\"1173\">Longueur : environ 35 pouces<\/p>\n<\/li>\n<li data-start=\"1174\" data-end=\"1213\">\n<p data-start=\"1176\" data-end=\"1213\">Course de corde : environ 13 pouces<\/p>\n<\/li>\n<li data-start=\"1214\" data-end=\"1243\">\n<p data-start=\"1216\" data-end=\"1243\">Type : arbal\u00e8te recourb\u00e9e<\/p>\n<\/li>\n<li data-start=\"1244\" data-end=\"1304\">\n<p data-start=\"1246\" data-end=\"1304\">Inclus : lunette de vis\u00e9e, carquois, carreaux d\u2019arbal\u00e8te<\/p>\n<\/li>\n<\/ul>\n","protected":false},"excerpt":{"rendered":"<p>L\u2019arbal\u00e8te Excalibur MAG 340 Realtree Package Escape est une valeur s\u00fbre pour les chasseurs qui veulent une arbal\u00e8te fiable, simple et ultra robuste. Gr\u00e2ce \u00e0 sa conception \u00e0 branches recourb\u00e9es, elle offre une durabilit\u00e9 exceptionnelle et une pr\u00e9cision constante, m\u00eame dans des conditions difficiles. Sa vitesse de tir impressionnante et son format compact en font [&hellip;]<\/p>\n","protected":false},"featured_media":93313,"comment_status":"open","ping_status":"closed","template":"","meta":{"_acf_changed":false,"pagelayer_contact_templates":[],"_pagelayer_content":""},"product_brand":[],"product_cat":[52,21],"product_tag":[348],"class_list":{"0":"post-93310","1":"product","2":"type-product","3":"status-publish","4":"has-post-thumbnail","6":"product_cat-arbaletes-arcs","7":"product_cat-chasse","8":"product_tag-excalibur","10":"first","11":"instock","12":"taxable","13":"shipping-taxable","14":"purchasable","15":"product-type-simple"},"acf":[],"jetpack_sharing_enabled":true,"_links":{"self":[{"href":"https:\/\/pavillonchassepeche.ca\/en\/wp-json\/wp\/v2\/product\/93310","targetHints":{"allow":["GET"]}}],"collection":[{"href":"https:\/\/pavillonchassepeche.ca\/en\/wp-json\/wp\/v2\/product"}],"about":[{"href":"https:\/\/pavillonchassepeche.ca\/en\/wp-json\/wp\/v2\/types\/product"}],"replies":[{"embeddable":true,"href":"https:\/\/pavillonchassepeche.ca\/en\/wp-json\/wp\/v2\/comments?post=93310"}],"version-history":[{"count":1,"href":"https:\/\/pavillonchassepeche.ca\/en\/wp-json\/wp\/v2\/product\/93310\/revisions"}],"predecessor-version":[{"id":93315,"href":"https:\/\/pavillonchassepeche.ca\/en\/wp-json\/wp\/v2\/product\/93310\/revisions\/93315"}],"wp:featuredmedia":[{"embeddable":true,"href":"https:\/\/pavillonchassepeche.ca\/en\/wp-json\/wp\/v2\/media\/93313"}],"wp:attachment":[{"href":"https:\/\/pavillonchassepeche.ca\/en\/wp-json\/wp\/v2\/media?parent=93310"}],"wp:term":[{"taxonomy":"product_brand","embeddable":true,"href":"https:\/\/pavillonchassepeche.ca\/en\/wp-json\/wp\/v2\/product_brand?post=93310"},{"taxonomy":"product_cat","embeddable":true,"href":"https:\/\/pavillonchassepeche.ca\/en\/wp-json\/wp\/v2\/product_cat?post=93310"},{"taxonomy":"product_tag","embeddable":true,"href":"https:\/\/pavillonchassepeche.ca\/en\/wp-json\/wp\/v2\/product_tag?post=93310"}],"curies":[{"name":"wp","href":"https:\/\/api.w.org\/{rel}","templated":true}]}}