{"id":93144,"date":"2025-12-22T16:27:27","date_gmt":"2025-12-22T21:27:27","guid":{"rendered":"https:\/\/pavillonchassepeche.ca\/?post_type=product&#038;p=93144"},"modified":"2026-04-24T21:09:55","modified_gmt":"2026-04-25T01:09:55","slug":"billet-de-tirage","status":"publish","type":"product","link":"https:\/\/pavillonchassepeche.ca\/en\/product\/billet-de-tirage\/","title":{"rendered":"BILLET DE TIRAGE"},"content":{"rendered":"<p style=\"text-align: center;\" data-start=\"162\" data-end=\"243\"><strong data-start=\"1449\" data-end=\"1464\">Important :<\/strong><br data-start=\"1464\" data-end=\"1467\" \/>Les informations inscrites lors du paiement (nom, num\u00e9ro de t\u00e9l\u00e9phone et adresse courriel) seront utilis\u00e9es comme coupon officiel pour le tirage. Assurez-vous que vos informations soient exactes.<\/p>\n<div>\n<p style=\"text-align: center;\"><img data-recalc-dims=\"1\" decoding=\"async\" class=\"an1\" draggable=\"false\" src=\"https:\/\/i0.wp.com\/fonts.gstatic.com\/s\/e\/notoemoji\/17.0\/1f3af\/32.png?ssl=1\" alt=\"&#x1f3af;\" data-emoji=\"&#x1f3af;\" aria-label=\"&#x1f3af;\" \/>\u00a0<strong>NOUVEAU TIRAGE EN MAGASIN<\/strong>\u00a0<img data-recalc-dims=\"1\" decoding=\"async\" class=\"an1\" draggable=\"false\" src=\"https:\/\/i0.wp.com\/fonts.gstatic.com\/s\/e\/notoemoji\/17.0\/1f3af\/32.png?ssl=1\" alt=\"&#x1f3af;\" data-emoji=\"&#x1f3af;\" aria-label=\"&#x1f3af;\" \/><\/p>\n<p style=\"text-align: center;\">On met la main sur du s\u00e9rieux cette fois\u2026<\/p>\n<p style=\"text-align: center;\">la Savage 110 Carbon Predator cal. .308 Win (18\u2019\u2019 \u2013 4 coups)\u00a0<img data-recalc-dims=\"1\" decoding=\"async\" class=\"an1\" draggable=\"false\" src=\"https:\/\/i0.wp.com\/fonts.gstatic.com\/s\/e\/notoemoji\/17.0\/1f525\/32.png?ssl=1\" alt=\"&#x1f525;\" data-emoji=\"&#x1f525;\" aria-label=\"&#x1f525;\" \/><\/p>\n<p style=\"text-align: center;\"><img data-recalc-dims=\"1\" decoding=\"async\" class=\"an1\" draggable=\"false\" src=\"https:\/\/i0.wp.com\/fonts.gstatic.com\/s\/e\/notoemoji\/17.0\/1f4a5\/32.png?ssl=1\" alt=\"&#x1f4a5;\" data-emoji=\"&#x1f4a5;\" aria-label=\"&#x1f4a5;\" \/>\u00a0Seulement 140 billets disponibles<br \/>\n<img data-recalc-dims=\"1\" decoding=\"async\" class=\"an1\" draggable=\"false\" src=\"https:\/\/i0.wp.com\/fonts.gstatic.com\/s\/e\/notoemoji\/17.0\/1f4a5\/32.png?ssl=1\" alt=\"&#x1f4a5;\" data-emoji=\"&#x1f4a5;\" aria-label=\"&#x1f4a5;\" \/>\u00a015 $ chaque (taxes incluses)<\/p>\n<p style=\"text-align: center;\">Premier arriv\u00e9, premier servi\u2026 \u00e7a risque de partir vite\u00a0<img data-recalc-dims=\"1\" decoding=\"async\" class=\"an1\" draggable=\"false\" src=\"https:\/\/i0.wp.com\/fonts.gstatic.com\/s\/e\/notoemoji\/17.0\/1f440\/32.png?ssl=1\" alt=\"&#x1f440;\" data-emoji=\"&#x1f440;\" aria-label=\"&#x1f440;\" \/><\/p>\n<p style=\"text-align: center;\"><img data-recalc-dims=\"1\" decoding=\"async\" class=\"an1\" draggable=\"false\" src=\"https:\/\/i0.wp.com\/fonts.gstatic.com\/s\/e\/notoemoji\/17.0\/1f39f_fe0f\/32.png?ssl=1\" alt=\"&#x1f39f;&#xfe0f;\" data-emoji=\"&#x1f39f;&#xfe0f;\" aria-label=\"&#x1f39f;&#xfe0f;\" \/>\u00a0Billets disponibles en magasin ET en ligne\u00a0<img data-recalc-dims=\"1\" decoding=\"async\" class=\"an1\" draggable=\"false\" src=\"https:\/\/i0.wp.com\/fonts.gstatic.com\/s\/e\/notoemoji\/17.0\/1f449\/32.png?ssl=1\" alt=\"&#x1f449;\" data-emoji=\"&#x1f449;\" aria-label=\"&#x1f449;\" \/>\u00a0<a href=\"https:\/\/pavillonchassepeche.ca\/\" target=\"_blank\" rel=\"noopener\" data-saferedirecturl=\"https:\/\/www.google.com\/url?q=https:\/\/pavillonchassepeche.ca&amp;source=gmail&amp;ust=1776127439604000&amp;usg=AOvVaw2XIkSYMAbHwVU7czpwK01Y\">pavillonchassepeche.ca<\/a><\/p>\n<p style=\"text-align: center;\"><strong>Passe nous voir\u00a0<\/strong><img data-recalc-dims=\"1\" decoding=\"async\" class=\"an1\" draggable=\"false\" src=\"https:\/\/i0.wp.com\/fonts.gstatic.com\/s\/e\/notoemoji\/17.0\/1f447\/32.png?ssl=1\" alt=\"&#x1f447;\" data-emoji=\"&#x1f447;\" aria-label=\"&#x1f447;\" \/><br \/>\n<img data-recalc-dims=\"1\" decoding=\"async\" class=\"an1\" draggable=\"false\" src=\"https:\/\/i0.wp.com\/fonts.gstatic.com\/s\/e\/notoemoji\/17.0\/1f4cd\/32.png?ssl=1\" alt=\"&#x1f4cd;\" data-emoji=\"&#x1f4cd;\" aria-label=\"&#x1f4cd;\" \/>\u00a0270 rue Denison E, Granby<\/p>\n<\/div>\n","protected":false},"excerpt":{"rendered":"<p>Important :Les informations inscrites lors du paiement (nom, num\u00e9ro de t\u00e9l\u00e9phone et adresse courriel) seront utilis\u00e9es comme coupon officiel pour le tirage. Assurez-vous que vos informations soient exactes. \u00a0NOUVEAU TIRAGE EN MAGASIN\u00a0 On met la main sur du s\u00e9rieux cette fois\u2026 la Savage 110 Carbon Predator cal. .308 Win (18\u2019\u2019 \u2013 4 coups)\u00a0 \u00a0Seulement 140 [&hellip;]<\/p>\n","protected":false},"featured_media":93772,"comment_status":"open","ping_status":"closed","template":"","meta":{"_acf_changed":false,"pagelayer_contact_templates":[],"_pagelayer_content":""},"product_brand":[],"product_cat":[21,144,110,1107,197],"product_tag":[],"class_list":{"0":"post-93144","1":"product","2":"type-product","3":"status-publish","4":"has-post-thumbnail","6":"product_cat-chasse","7":"product_cat-peche","8":"product_cat-plein-air","9":"product_cat-tirage","10":"product_cat-vetements","12":"first","13":"instock","14":"featured","15":"virtual","16":"taxable","17":"purchasable","18":"product-type-simple"},"acf":[],"jetpack_sharing_enabled":true,"_links":{"self":[{"href":"https:\/\/pavillonchassepeche.ca\/en\/wp-json\/wp\/v2\/product\/93144","targetHints":{"allow":["GET"]}}],"collection":[{"href":"https:\/\/pavillonchassepeche.ca\/en\/wp-json\/wp\/v2\/product"}],"about":[{"href":"https:\/\/pavillonchassepeche.ca\/en\/wp-json\/wp\/v2\/types\/product"}],"replies":[{"embeddable":true,"href":"https:\/\/pavillonchassepeche.ca\/en\/wp-json\/wp\/v2\/comments?post=93144"}],"version-history":[{"count":7,"href":"https:\/\/pavillonchassepeche.ca\/en\/wp-json\/wp\/v2\/product\/93144\/revisions"}],"predecessor-version":[{"id":93779,"href":"https:\/\/pavillonchassepeche.ca\/en\/wp-json\/wp\/v2\/product\/93144\/revisions\/93779"}],"wp:featuredmedia":[{"embeddable":true,"href":"https:\/\/pavillonchassepeche.ca\/en\/wp-json\/wp\/v2\/media\/93772"}],"wp:attachment":[{"href":"https:\/\/pavillonchassepeche.ca\/en\/wp-json\/wp\/v2\/media?parent=93144"}],"wp:term":[{"taxonomy":"product_brand","embeddable":true,"href":"https:\/\/pavillonchassepeche.ca\/en\/wp-json\/wp\/v2\/product_brand?post=93144"},{"taxonomy":"product_cat","embeddable":true,"href":"https:\/\/pavillonchassepeche.ca\/en\/wp-json\/wp\/v2\/product_cat?post=93144"},{"taxonomy":"product_tag","embeddable":true,"href":"https:\/\/pavillonchassepeche.ca\/en\/wp-json\/wp\/v2\/product_tag?post=93144"}],"curies":[{"name":"wp","href":"https:\/\/api.w.org\/{rel}","templated":true}]}}