{"id":93131,"date":"2025-12-22T15:03:41","date_gmt":"2025-12-22T20:03:41","guid":{"rendered":"https:\/\/pavillonchassepeche.ca\/?post_type=product&#038;p=93131"},"modified":"2026-02-11T16:37:01","modified_gmt":"2026-02-11T21:37:01","slug":"cannon-downrigger-replacement-cable-200ft","status":"publish","type":"product","link":"https:\/\/pavillonchassepeche.ca\/en\/product\/cannon-downrigger-replacement-cable-200ft\/","title":{"rendered":"CANNON DOWNRIGGER REPLACEMENT CABLE 200FT"},"content":{"rendered":"<p data-start=\"165\" data-end=\"712\">Le <strong data-start=\"197\" data-end=\"254\">CANNON C\u00e2ble de Remplacement pour Lance\u2011Leurre 200 ft<\/strong> est con\u00e7u pour remplacer facilement le c\u00e2ble de votre lance\u2011leurre tout en assurant une performance fiable sur l\u2019eau. Ce c\u00e2ble robuste et r\u00e9sistant \u00e0 la corrosion permet de maintenir vos leurres \u00e0 la profondeur exacte souhait\u00e9e, pour une p\u00eache plus efficace et sans soucis. Facile \u00e0 installer et compatible avec la plupart des lance\u2011leurres CANNON, il est id\u00e9al pour prolonger la dur\u00e9e de vie de votre \u00e9quipement et garantir des sorties de p\u00eache r\u00e9ussies.<\/p>\n<p data-start=\"714\" data-end=\"738\"><strong data-start=\"714\" data-end=\"736\">Caract\u00e9ristiques :<\/strong><\/p>\n<ul data-start=\"739\" data-end=\"929\">\n<li data-start=\"739\" data-end=\"790\">\n<p data-start=\"741\" data-end=\"790\">C\u00e2ble de remplacement durable pour lance\u2011leurre<\/p>\n<\/li>\n<li data-start=\"791\" data-end=\"845\">\n<p data-start=\"793\" data-end=\"845\">R\u00e9sistant \u00e0 la corrosion et aux conditions marines<\/p>\n<\/li>\n<li data-start=\"846\" data-end=\"879\">\n<p data-start=\"848\" data-end=\"879\">Installation simple et rapide<\/p>\n<\/li>\n<li data-start=\"880\" data-end=\"929\">\n<p data-start=\"882\" data-end=\"929\">Maintient vos leurres \u00e0 la profondeur d\u00e9sir\u00e9e<\/p>\n<\/li>\n<\/ul>\n<p data-start=\"931\" data-end=\"964\"><strong data-start=\"931\" data-end=\"962\">Sp\u00e9cifications techniques :<\/strong><\/p>\n<ul data-start=\"965\" data-end=\"1151\">\n<li data-start=\"965\" data-end=\"984\">\n<p data-start=\"967\" data-end=\"984\">Marque : CANNON<\/p>\n<\/li>\n<li data-start=\"985\" data-end=\"1035\">\n<p data-start=\"987\" data-end=\"1035\">Type : C\u00e2ble de remplacement pour lance\u2011leurre<\/p>\n<\/li>\n<li data-start=\"1036\" data-end=\"1064\">\n<p data-start=\"1038\" data-end=\"1064\">Longueur : 200 ft (61 m)<\/p>\n<\/li>\n<li data-start=\"1065\" data-end=\"1110\">\n<p data-start=\"1067\" data-end=\"1110\">Mat\u00e9riau : Acier r\u00e9sistant \u00e0 la corrosion<\/p>\n<\/li>\n<li data-start=\"1111\" data-end=\"1151\">\n<p data-start=\"1113\" data-end=\"1151\">Compatibilit\u00e9 : Lance\u2011leurres CANNON<\/p>\n<\/li>\n<\/ul>\n","protected":false},"excerpt":{"rendered":"<p>Le CANNON C\u00e2ble de Remplacement pour Lance\u2011Leurre 200 ft est con\u00e7u pour remplacer facilement le c\u00e2ble de votre lance\u2011leurre tout en assurant une performance fiable sur l\u2019eau. Ce c\u00e2ble robuste et r\u00e9sistant \u00e0 la corrosion permet de maintenir vos leurres \u00e0 la profondeur exacte souhait\u00e9e, pour une p\u00eache plus efficace et sans soucis. Facile \u00e0 [&hellip;]<\/p>\n","protected":false},"featured_media":93134,"comment_status":"open","ping_status":"closed","template":"","meta":{"_acf_changed":false,"pagelayer_contact_templates":[],"_pagelayer_content":""},"product_brand":[],"product_cat":[153,144],"product_tag":[1106],"class_list":{"0":"post-93131","1":"product","2":"type-product","3":"status-publish","4":"has-post-thumbnail","6":"product_cat-peche-accessoires-de-peche","7":"product_cat-peche","8":"product_tag-cannon","10":"first","11":"instock","12":"taxable","13":"shipping-taxable","14":"purchasable","15":"product-type-simple"},"acf":[],"jetpack_sharing_enabled":true,"_links":{"self":[{"href":"https:\/\/pavillonchassepeche.ca\/en\/wp-json\/wp\/v2\/product\/93131","targetHints":{"allow":["GET"]}}],"collection":[{"href":"https:\/\/pavillonchassepeche.ca\/en\/wp-json\/wp\/v2\/product"}],"about":[{"href":"https:\/\/pavillonchassepeche.ca\/en\/wp-json\/wp\/v2\/types\/product"}],"replies":[{"embeddable":true,"href":"https:\/\/pavillonchassepeche.ca\/en\/wp-json\/wp\/v2\/comments?post=93131"}],"version-history":[{"count":1,"href":"https:\/\/pavillonchassepeche.ca\/en\/wp-json\/wp\/v2\/product\/93131\/revisions"}],"predecessor-version":[{"id":93136,"href":"https:\/\/pavillonchassepeche.ca\/en\/wp-json\/wp\/v2\/product\/93131\/revisions\/93136"}],"wp:featuredmedia":[{"embeddable":true,"href":"https:\/\/pavillonchassepeche.ca\/en\/wp-json\/wp\/v2\/media\/93134"}],"wp:attachment":[{"href":"https:\/\/pavillonchassepeche.ca\/en\/wp-json\/wp\/v2\/media?parent=93131"}],"wp:term":[{"taxonomy":"product_brand","embeddable":true,"href":"https:\/\/pavillonchassepeche.ca\/en\/wp-json\/wp\/v2\/product_brand?post=93131"},{"taxonomy":"product_cat","embeddable":true,"href":"https:\/\/pavillonchassepeche.ca\/en\/wp-json\/wp\/v2\/product_cat?post=93131"},{"taxonomy":"product_tag","embeddable":true,"href":"https:\/\/pavillonchassepeche.ca\/en\/wp-json\/wp\/v2\/product_tag?post=93131"}],"curies":[{"name":"wp","href":"https:\/\/api.w.org\/{rel}","templated":true}]}}