{"id":93125,"date":"2025-12-22T14:49:48","date_gmt":"2025-12-22T19:49:48","guid":{"rendered":"https:\/\/pavillonchassepeche.ca\/?post_type=product&#038;p=93125"},"modified":"2026-02-11T16:37:26","modified_gmt":"2026-02-11T21:37:26","slug":"cannon-downrigger-replacement-cable-150ft","status":"publish","type":"product","link":"https:\/\/pavillonchassepeche.ca\/en\/product\/cannon-downrigger-replacement-cable-150ft\/","title":{"rendered":"CANNON DOWNRIGGER REPLACEMENT CABLE 150FT"},"content":{"rendered":"<p data-start=\"129\" data-end=\"599\">Le <strong data-start=\"161\" data-end=\"206\">CANNON Downrigger Replacement Cable 150ft<\/strong> est un c\u00e2ble de remplacement robuste et fiable pour votre downrigger. Con\u00e7u pour offrir une r\u00e9sistance maximale et une long\u00e9vit\u00e9 accrue, il permet de maintenir vos leurres \u00e0 la profondeur d\u00e9sir\u00e9e en toute s\u00e9curit\u00e9. Facile \u00e0 installer et compatible avec la plupart des downriggers CANNON, ce c\u00e2ble assure des performances constantes et une tranquillit\u00e9 d\u2019esprit lors de vos sorties de p\u00eache.<\/p>\n<p data-start=\"601\" data-end=\"625\"><strong data-start=\"601\" data-end=\"623\">Caract\u00e9ristiques :<\/strong><\/p>\n<ul data-start=\"626\" data-end=\"816\">\n<li data-start=\"626\" data-end=\"675\">\n<p data-start=\"628\" data-end=\"675\">C\u00e2ble de remplacement durable pour downrigger<\/p>\n<\/li>\n<li data-start=\"676\" data-end=\"730\">\n<p data-start=\"678\" data-end=\"730\">R\u00e9sistant \u00e0 la corrosion et aux conditions marines<\/p>\n<\/li>\n<li data-start=\"731\" data-end=\"764\">\n<p data-start=\"733\" data-end=\"764\">Installation facile et rapide<\/p>\n<\/li>\n<li data-start=\"765\" data-end=\"816\">\n<p data-start=\"767\" data-end=\"816\">Maintient vos leurres \u00e0 la profondeur souhait\u00e9e<\/p>\n<\/li>\n<\/ul>\n<p data-start=\"818\" data-end=\"851\"><strong data-start=\"818\" data-end=\"849\">Sp\u00e9cifications techniques :<\/strong><\/p>\n<ul data-start=\"852\" data-end=\"1036\">\n<li data-start=\"852\" data-end=\"871\">\n<p data-start=\"854\" data-end=\"871\">Marque : CANNON<\/p>\n<\/li>\n<li data-start=\"872\" data-end=\"920\">\n<p data-start=\"874\" data-end=\"920\">Type : C\u00e2ble de remplacement pour downrigger<\/p>\n<\/li>\n<li data-start=\"921\" data-end=\"951\">\n<p data-start=\"923\" data-end=\"951\">Longueur : 150 ft (45,7 m)<\/p>\n<\/li>\n<li data-start=\"952\" data-end=\"997\">\n<p data-start=\"954\" data-end=\"997\">Mat\u00e9riau : Acier r\u00e9sistant \u00e0 la corrosion<\/p>\n<\/li>\n<li data-start=\"998\" data-end=\"1036\">\n<p data-start=\"1000\" data-end=\"1036\">Compatibilit\u00e9 : Downriggers CANNON<\/p>\n<\/li>\n<\/ul>\n","protected":false},"excerpt":{"rendered":"<p>Le CANNON Downrigger Replacement Cable 150ft est un c\u00e2ble de remplacement robuste et fiable pour votre downrigger. Con\u00e7u pour offrir une r\u00e9sistance maximale et une long\u00e9vit\u00e9 accrue, il permet de maintenir vos leurres \u00e0 la profondeur d\u00e9sir\u00e9e en toute s\u00e9curit\u00e9. Facile \u00e0 installer et compatible avec la plupart des downriggers CANNON, ce c\u00e2ble assure des [&hellip;]<\/p>\n","protected":false},"featured_media":93128,"comment_status":"open","ping_status":"closed","template":"","meta":{"_acf_changed":false,"pagelayer_contact_templates":[],"_pagelayer_content":""},"product_brand":[],"product_cat":[144],"product_tag":[1106],"class_list":{"0":"post-93125","1":"product","2":"type-product","3":"status-publish","4":"has-post-thumbnail","6":"product_cat-peche","7":"product_tag-cannon","9":"first","10":"instock","11":"taxable","12":"shipping-taxable","13":"purchasable","14":"product-type-simple"},"acf":[],"jetpack_sharing_enabled":true,"_links":{"self":[{"href":"https:\/\/pavillonchassepeche.ca\/en\/wp-json\/wp\/v2\/product\/93125","targetHints":{"allow":["GET"]}}],"collection":[{"href":"https:\/\/pavillonchassepeche.ca\/en\/wp-json\/wp\/v2\/product"}],"about":[{"href":"https:\/\/pavillonchassepeche.ca\/en\/wp-json\/wp\/v2\/types\/product"}],"replies":[{"embeddable":true,"href":"https:\/\/pavillonchassepeche.ca\/en\/wp-json\/wp\/v2\/comments?post=93125"}],"version-history":[{"count":1,"href":"https:\/\/pavillonchassepeche.ca\/en\/wp-json\/wp\/v2\/product\/93125\/revisions"}],"predecessor-version":[{"id":93130,"href":"https:\/\/pavillonchassepeche.ca\/en\/wp-json\/wp\/v2\/product\/93125\/revisions\/93130"}],"wp:featuredmedia":[{"embeddable":true,"href":"https:\/\/pavillonchassepeche.ca\/en\/wp-json\/wp\/v2\/media\/93128"}],"wp:attachment":[{"href":"https:\/\/pavillonchassepeche.ca\/en\/wp-json\/wp\/v2\/media?parent=93125"}],"wp:term":[{"taxonomy":"product_brand","embeddable":true,"href":"https:\/\/pavillonchassepeche.ca\/en\/wp-json\/wp\/v2\/product_brand?post=93125"},{"taxonomy":"product_cat","embeddable":true,"href":"https:\/\/pavillonchassepeche.ca\/en\/wp-json\/wp\/v2\/product_cat?post=93125"},{"taxonomy":"product_tag","embeddable":true,"href":"https:\/\/pavillonchassepeche.ca\/en\/wp-json\/wp\/v2\/product_tag?post=93125"}],"curies":[{"name":"wp","href":"https:\/\/api.w.org\/{rel}","templated":true}]}}