{"id":93119,"date":"2025-12-22T14:31:36","date_gmt":"2025-12-22T19:31:36","guid":{"rendered":"https:\/\/pavillonchassepeche.ca\/?post_type=product&#038;p=93119"},"modified":"2026-02-11T16:37:45","modified_gmt":"2026-02-11T21:37:45","slug":"cannon-couvert-a-downrigger-noir","status":"publish","type":"product","link":"https:\/\/pavillonchassepeche.ca\/en\/product\/cannon-couvert-a-downrigger-noir\/","title":{"rendered":"CANNON COUVERT A DOWNRIGGER NOIR"},"content":{"rendered":"<p data-start=\"127\" data-end=\"695\">Le <strong data-start=\"159\" data-end=\"202\">CANNON Couvert (Cover) Downrigger White<\/strong> est l\u2019accessoire parfait pour prot\u00e9ger votre downrigger tout en naviguant ou lors du stockage. Con\u00e7u pour \u00e9pouser parfaitement la forme de votre \u00e9quipement, ce couvre-downrigger emp\u00eache les rayures, la poussi\u00e8re et les dommages caus\u00e9s par les intemp\u00e9ries. Fabriqu\u00e9 avec des mat\u00e9riaux r\u00e9sistants et durables, il assure une protection fiable tout en \u00e9tant facile \u00e0 installer et \u00e0 retirer. Id\u00e9al pour prolonger la dur\u00e9e de vie de votre downrigger et maintenir votre mat\u00e9riel en excellent \u00e9tat.<\/p>\n<p data-start=\"697\" data-end=\"721\"><strong data-start=\"697\" data-end=\"719\">Caract\u00e9ristiques :<\/strong><\/p>\n<ul data-start=\"722\" data-end=\"932\">\n<li data-start=\"722\" data-end=\"797\">\n<p data-start=\"724\" data-end=\"797\">Protection compl\u00e8te du downrigger contre les rayures et les intemp\u00e9ries<\/p>\n<\/li>\n<li data-start=\"798\" data-end=\"833\">\n<p data-start=\"800\" data-end=\"833\">Installation et retrait faciles<\/p>\n<\/li>\n<li data-start=\"834\" data-end=\"878\">\n<p data-start=\"836\" data-end=\"878\">Mat\u00e9riaux durables et r\u00e9sistants \u00e0 l\u2019eau<\/p>\n<\/li>\n<li data-start=\"879\" data-end=\"932\">\n<p data-start=\"881\" data-end=\"932\">Compatible avec la plupart des downriggers CANNON<\/p>\n<\/li>\n<\/ul>\n<p data-start=\"934\" data-end=\"967\"><strong data-start=\"934\" data-end=\"965\">Sp\u00e9cifications techniques :<\/strong><\/p>\n<ul data-start=\"968\" data-end=\"1139\">\n<li data-start=\"968\" data-end=\"987\">\n<p data-start=\"970\" data-end=\"987\">Marque : CANNON<\/p>\n<\/li>\n<li data-start=\"988\" data-end=\"1027\">\n<p data-start=\"990\" data-end=\"1027\">Mod\u00e8le : Couvert (Cover) Downrigger<\/p>\n<\/li>\n<li data-start=\"1028\" data-end=\"1047\">\n<p data-start=\"1030\" data-end=\"1047\">Couleur : Blanc<\/p>\n<\/li>\n<li data-start=\"1048\" data-end=\"1099\">\n<p data-start=\"1050\" data-end=\"1099\">Type : Accessoire de protection pour downrigger<\/p>\n<\/li>\n<li data-start=\"1100\" data-end=\"1139\">\n<p data-start=\"1102\" data-end=\"1139\">Utilisation : Stockage et transport<\/p>\n<\/li>\n<\/ul>\n","protected":false},"excerpt":{"rendered":"<p>Le CANNON Couvert (Cover) Downrigger White est l\u2019accessoire parfait pour prot\u00e9ger votre downrigger tout en naviguant ou lors du stockage. Con\u00e7u pour \u00e9pouser parfaitement la forme de votre \u00e9quipement, ce couvre-downrigger emp\u00eache les rayures, la poussi\u00e8re et les dommages caus\u00e9s par les intemp\u00e9ries. Fabriqu\u00e9 avec des mat\u00e9riaux r\u00e9sistants et durables, il assure une protection fiable [&hellip;]<\/p>\n","protected":false},"featured_media":93122,"comment_status":"open","ping_status":"closed","template":"","meta":{"_acf_changed":false,"pagelayer_contact_templates":[],"_pagelayer_content":""},"product_brand":[],"product_cat":[144],"product_tag":[1106],"class_list":{"0":"post-93119","1":"product","2":"type-product","3":"status-publish","4":"has-post-thumbnail","6":"product_cat-peche","7":"product_tag-cannon","9":"first","10":"instock","11":"taxable","12":"shipping-taxable","13":"purchasable","14":"product-type-simple"},"acf":[],"jetpack_sharing_enabled":true,"_links":{"self":[{"href":"https:\/\/pavillonchassepeche.ca\/en\/wp-json\/wp\/v2\/product\/93119","targetHints":{"allow":["GET"]}}],"collection":[{"href":"https:\/\/pavillonchassepeche.ca\/en\/wp-json\/wp\/v2\/product"}],"about":[{"href":"https:\/\/pavillonchassepeche.ca\/en\/wp-json\/wp\/v2\/types\/product"}],"replies":[{"embeddable":true,"href":"https:\/\/pavillonchassepeche.ca\/en\/wp-json\/wp\/v2\/comments?post=93119"}],"version-history":[{"count":1,"href":"https:\/\/pavillonchassepeche.ca\/en\/wp-json\/wp\/v2\/product\/93119\/revisions"}],"predecessor-version":[{"id":93124,"href":"https:\/\/pavillonchassepeche.ca\/en\/wp-json\/wp\/v2\/product\/93119\/revisions\/93124"}],"wp:featuredmedia":[{"embeddable":true,"href":"https:\/\/pavillonchassepeche.ca\/en\/wp-json\/wp\/v2\/media\/93122"}],"wp:attachment":[{"href":"https:\/\/pavillonchassepeche.ca\/en\/wp-json\/wp\/v2\/media?parent=93119"}],"wp:term":[{"taxonomy":"product_brand","embeddable":true,"href":"https:\/\/pavillonchassepeche.ca\/en\/wp-json\/wp\/v2\/product_brand?post=93119"},{"taxonomy":"product_cat","embeddable":true,"href":"https:\/\/pavillonchassepeche.ca\/en\/wp-json\/wp\/v2\/product_cat?post=93119"},{"taxonomy":"product_tag","embeddable":true,"href":"https:\/\/pavillonchassepeche.ca\/en\/wp-json\/wp\/v2\/product_tag?post=93119"}],"curies":[{"name":"wp","href":"https:\/\/api.w.org\/{rel}","templated":true}]}}