{"id":93059,"date":"2025-12-19T16:00:37","date_gmt":"2025-12-19T21:00:37","guid":{"rendered":"https:\/\/pavillonchassepeche.ca\/?post_type=product&#038;p=93059"},"modified":"2026-02-11T16:41:56","modified_gmt":"2026-02-11T21:41:56","slug":"berkley-gulp-alive-white-maggots-61g","status":"publish","type":"product","link":"https:\/\/pavillonchassepeche.ca\/en\/product\/berkley-gulp-alive-white-maggots-61g\/","title":{"rendered":"BERKLEY GULP ALIVE WHITE MAGGOTS 61G"},"content":{"rendered":"<p data-start=\"71\" data-end=\"631\">Le <strong data-start=\"114\" data-end=\"157\">Berkley Gulp! Alive! White Maggots 61 g<\/strong> est un app\u00e2t souple con\u00e7u pour reproduire parfaitement de petits asticots, offrant une pr\u00e9sentation ultra r\u00e9aliste aux poissons. Gr\u00e2ce \u00e0 la technologie exclusive <strong data-start=\"320\" data-end=\"336\">Gulp! Alive!<\/strong>, ces app\u00e2ts diffusent en continu une odeur et une saveur naturelles qui incitent les poissons \u00e0 mordre et \u00e0 garder l\u2019app\u00e2t plus longtemps. La couleur <strong data-start=\"487\" data-end=\"496\">White<\/strong> est tr\u00e8s visible sous l\u2019eau, id\u00e9ale pour attirer l\u2019achigan, le dor\u00e9 et d\u2019autres poissons pr\u00e9dateurs dans diverses conditions de p\u00eache.<\/p>\n<p data-start=\"633\" data-end=\"657\"><strong data-start=\"633\" data-end=\"655\">Caract\u00e9ristiques :<\/strong><\/p>\n<ul data-start=\"658\" data-end=\"961\">\n<li data-start=\"658\" data-end=\"702\">\n<p data-start=\"660\" data-end=\"702\">App\u00e2ts souples impr\u00e9gn\u00e9s de Gulp! Alive!<\/p>\n<\/li>\n<li data-start=\"703\" data-end=\"746\">\n<p data-start=\"705\" data-end=\"746\">Diffusion continue d\u2019odeur et de saveur<\/p>\n<\/li>\n<li data-start=\"747\" data-end=\"809\">\n<p data-start=\"749\" data-end=\"809\">Pr\u00e9sentation r\u00e9aliste et tr\u00e8s attrayante pour les poissons<\/p>\n<\/li>\n<li data-start=\"810\" data-end=\"856\">\n<p data-start=\"812\" data-end=\"856\">Couleur White pour une visibilit\u00e9 optimale<\/p>\n<\/li>\n<li data-start=\"857\" data-end=\"909\">\n<p data-start=\"859\" data-end=\"909\">Poids : 61 g, pratique pour plusieurs techniques<\/p>\n<\/li>\n<li data-start=\"910\" data-end=\"961\">\n<p data-start=\"912\" data-end=\"961\">Polyvalent pour plusieurs esp\u00e8ces et conditions<\/p>\n<\/li>\n<\/ul>\n<p data-start=\"963\" data-end=\"996\"><strong data-start=\"963\" data-end=\"994\">Sp\u00e9cifications techniques :<\/strong><\/p>\n<ul data-start=\"997\" data-end=\"1130\">\n<li data-start=\"997\" data-end=\"1020\">\n<p data-start=\"999\" data-end=\"1020\">Type : App\u00e2t souple<\/p>\n<\/li>\n<li data-start=\"1021\" data-end=\"1045\">\n<p data-start=\"1023\" data-end=\"1045\">Gamme : Gulp! Alive!<\/p>\n<\/li>\n<li data-start=\"1046\" data-end=\"1062\">\n<p data-start=\"1048\" data-end=\"1062\">Poids : 61 g<\/p>\n<\/li>\n<li data-start=\"1063\" data-end=\"1082\">\n<p data-start=\"1065\" data-end=\"1082\">Couleur : White<\/p>\n<\/li>\n<li data-start=\"1083\" data-end=\"1109\">\n<p data-start=\"1085\" data-end=\"1109\">Mod\u00e8le : White Maggots<\/p>\n<\/li>\n<li data-start=\"1110\" data-end=\"1130\">\n<p data-start=\"1112\" data-end=\"1130\">Marque : Berkley<\/p>\n<\/li>\n<\/ul>\n","protected":false},"excerpt":{"rendered":"<p>Le Berkley Gulp! Alive! White Maggots 61 g est un app\u00e2t souple con\u00e7u pour reproduire parfaitement de petits asticots, offrant une pr\u00e9sentation ultra r\u00e9aliste aux poissons. Gr\u00e2ce \u00e0 la technologie exclusive Gulp! Alive!, ces app\u00e2ts diffusent en continu une odeur et une saveur naturelles qui incitent les poissons \u00e0 mordre et \u00e0 garder l\u2019app\u00e2t plus [&hellip;]<\/p>\n","protected":false},"featured_media":93062,"comment_status":"open","ping_status":"closed","template":"","meta":{"_acf_changed":false,"pagelayer_contact_templates":[],"_pagelayer_content":""},"product_brand":[],"product_cat":[146,144],"product_tag":[285],"class_list":{"0":"post-93059","1":"product","2":"type-product","3":"status-publish","4":"has-post-thumbnail","6":"product_cat-peche-leurres-appats","7":"product_cat-peche","8":"product_tag-berkley","10":"first","11":"instock","12":"taxable","13":"shipping-taxable","14":"purchasable","15":"product-type-simple"},"acf":[],"jetpack_sharing_enabled":true,"_links":{"self":[{"href":"https:\/\/pavillonchassepeche.ca\/en\/wp-json\/wp\/v2\/product\/93059","targetHints":{"allow":["GET"]}}],"collection":[{"href":"https:\/\/pavillonchassepeche.ca\/en\/wp-json\/wp\/v2\/product"}],"about":[{"href":"https:\/\/pavillonchassepeche.ca\/en\/wp-json\/wp\/v2\/types\/product"}],"replies":[{"embeddable":true,"href":"https:\/\/pavillonchassepeche.ca\/en\/wp-json\/wp\/v2\/comments?post=93059"}],"version-history":[{"count":1,"href":"https:\/\/pavillonchassepeche.ca\/en\/wp-json\/wp\/v2\/product\/93059\/revisions"}],"predecessor-version":[{"id":93064,"href":"https:\/\/pavillonchassepeche.ca\/en\/wp-json\/wp\/v2\/product\/93059\/revisions\/93064"}],"wp:featuredmedia":[{"embeddable":true,"href":"https:\/\/pavillonchassepeche.ca\/en\/wp-json\/wp\/v2\/media\/93062"}],"wp:attachment":[{"href":"https:\/\/pavillonchassepeche.ca\/en\/wp-json\/wp\/v2\/media?parent=93059"}],"wp:term":[{"taxonomy":"product_brand","embeddable":true,"href":"https:\/\/pavillonchassepeche.ca\/en\/wp-json\/wp\/v2\/product_brand?post=93059"},{"taxonomy":"product_cat","embeddable":true,"href":"https:\/\/pavillonchassepeche.ca\/en\/wp-json\/wp\/v2\/product_cat?post=93059"},{"taxonomy":"product_tag","embeddable":true,"href":"https:\/\/pavillonchassepeche.ca\/en\/wp-json\/wp\/v2\/product_tag?post=93059"}],"curies":[{"name":"wp","href":"https:\/\/api.w.org\/{rel}","templated":true}]}}