{"id":93053,"date":"2025-12-19T15:56:21","date_gmt":"2025-12-19T20:56:21","guid":{"rendered":"https:\/\/pavillonchassepeche.ca\/?post_type=product&#038;p=93053"},"modified":"2026-02-11T16:42:09","modified_gmt":"2026-02-11T21:42:09","slug":"berkley-gulp-alive-chartreuse-54g","status":"publish","type":"product","link":"https:\/\/pavillonchassepeche.ca\/en\/product\/berkley-gulp-alive-chartreuse-54g\/","title":{"rendered":"BERKLEY GULP ALIVE CHARTREUSE 54G"},"content":{"rendered":"<p data-start=\"71\" data-end=\"645\">Le <strong data-start=\"114\" data-end=\"154\">Berkley Gulp! Alive! Chartreuse 54 g<\/strong> est un app\u00e2t souple ultra efficace con\u00e7u pour attirer les poissons m\u00eame dans les conditions les plus difficiles. Gr\u00e2ce \u00e0 la formule exclusive <strong data-start=\"297\" data-end=\"313\">Gulp! Alive!<\/strong>, cet app\u00e2t diffuse en continu une odeur et une saveur r\u00e9alistes qui incitent les poissons \u00e0 mordre et \u00e0 garder l\u2019app\u00e2t plus longtemps. Sa couleur <strong data-start=\"460\" data-end=\"474\">Chartreuse<\/strong>, tr\u00e8s visible sous l\u2019eau, est id\u00e9ale en eau teint\u00e9e ou par faible luminosit\u00e9. Un choix incontournable pour la p\u00eache de l\u2019achigan, du dor\u00e9 et d\u2019autres poissons pr\u00e9dateurs.<\/p>\n<p data-start=\"647\" data-end=\"671\"><strong data-start=\"647\" data-end=\"669\">Caract\u00e9ristiques :<\/strong><\/p>\n<ul data-start=\"672\" data-end=\"989\">\n<li data-start=\"672\" data-end=\"723\">\n<p data-start=\"674\" data-end=\"723\">App\u00e2t souple impr\u00e9gn\u00e9 d\u2019attractant Gulp! Alive!<\/p>\n<\/li>\n<li data-start=\"724\" data-end=\"767\">\n<p data-start=\"726\" data-end=\"767\">Diffusion continue d\u2019odeur et de saveur<\/p>\n<\/li>\n<li data-start=\"768\" data-end=\"825\">\n<p data-start=\"770\" data-end=\"825\">Pr\u00e9sentation r\u00e9aliste et attrayante pour les poissons<\/p>\n<\/li>\n<li data-start=\"826\" data-end=\"877\">\n<p data-start=\"828\" data-end=\"877\">Couleur Chartreuse pour une visibilit\u00e9 maximale<\/p>\n<\/li>\n<li data-start=\"878\" data-end=\"937\">\n<p data-start=\"880\" data-end=\"937\">Poids : 54 g, format pratique pour plusieurs techniques<\/p>\n<\/li>\n<li data-start=\"938\" data-end=\"989\">\n<p data-start=\"940\" data-end=\"989\">Polyvalent pour plusieurs esp\u00e8ces et conditions<\/p>\n<\/li>\n<\/ul>\n<p data-start=\"991\" data-end=\"1024\"><strong data-start=\"991\" data-end=\"1022\">Sp\u00e9cifications techniques :<\/strong><\/p>\n<ul data-start=\"1025\" data-end=\"1136\">\n<li data-start=\"1025\" data-end=\"1048\">\n<p data-start=\"1027\" data-end=\"1048\">Type : App\u00e2t souple<\/p>\n<\/li>\n<li data-start=\"1049\" data-end=\"1073\">\n<p data-start=\"1051\" data-end=\"1073\">Gamme : Gulp! Alive!<\/p>\n<\/li>\n<li data-start=\"1074\" data-end=\"1090\">\n<p data-start=\"1076\" data-end=\"1090\">Poids : 54 g<\/p>\n<\/li>\n<li data-start=\"1091\" data-end=\"1115\">\n<p data-start=\"1093\" data-end=\"1115\">Couleur : Chartreuse<\/p>\n<\/li>\n<li data-start=\"1116\" data-end=\"1136\">\n<p data-start=\"1118\" data-end=\"1136\">Marque : Berkley<\/p>\n<\/li>\n<\/ul>\n","protected":false},"excerpt":{"rendered":"<p>Le Berkley Gulp! Alive! Chartreuse 54 g est un app\u00e2t souple ultra efficace con\u00e7u pour attirer les poissons m\u00eame dans les conditions les plus difficiles. Gr\u00e2ce \u00e0 la formule exclusive Gulp! Alive!, cet app\u00e2t diffuse en continu une odeur et une saveur r\u00e9alistes qui incitent les poissons \u00e0 mordre et \u00e0 garder l\u2019app\u00e2t plus longtemps. [&hellip;]<\/p>\n","protected":false},"featured_media":93056,"comment_status":"open","ping_status":"closed","template":"","meta":{"_acf_changed":false,"pagelayer_contact_templates":[],"_pagelayer_content":""},"product_brand":[],"product_cat":[146,144],"product_tag":[285],"class_list":{"0":"post-93053","1":"product","2":"type-product","3":"status-publish","4":"has-post-thumbnail","6":"product_cat-peche-leurres-appats","7":"product_cat-peche","8":"product_tag-berkley","10":"first","11":"instock","12":"taxable","13":"shipping-taxable","14":"purchasable","15":"product-type-simple"},"acf":[],"jetpack_sharing_enabled":true,"_links":{"self":[{"href":"https:\/\/pavillonchassepeche.ca\/en\/wp-json\/wp\/v2\/product\/93053","targetHints":{"allow":["GET"]}}],"collection":[{"href":"https:\/\/pavillonchassepeche.ca\/en\/wp-json\/wp\/v2\/product"}],"about":[{"href":"https:\/\/pavillonchassepeche.ca\/en\/wp-json\/wp\/v2\/types\/product"}],"replies":[{"embeddable":true,"href":"https:\/\/pavillonchassepeche.ca\/en\/wp-json\/wp\/v2\/comments?post=93053"}],"version-history":[{"count":1,"href":"https:\/\/pavillonchassepeche.ca\/en\/wp-json\/wp\/v2\/product\/93053\/revisions"}],"predecessor-version":[{"id":93058,"href":"https:\/\/pavillonchassepeche.ca\/en\/wp-json\/wp\/v2\/product\/93053\/revisions\/93058"}],"wp:featuredmedia":[{"embeddable":true,"href":"https:\/\/pavillonchassepeche.ca\/en\/wp-json\/wp\/v2\/media\/93056"}],"wp:attachment":[{"href":"https:\/\/pavillonchassepeche.ca\/en\/wp-json\/wp\/v2\/media?parent=93053"}],"wp:term":[{"taxonomy":"product_brand","embeddable":true,"href":"https:\/\/pavillonchassepeche.ca\/en\/wp-json\/wp\/v2\/product_brand?post=93053"},{"taxonomy":"product_cat","embeddable":true,"href":"https:\/\/pavillonchassepeche.ca\/en\/wp-json\/wp\/v2\/product_cat?post=93053"},{"taxonomy":"product_tag","embeddable":true,"href":"https:\/\/pavillonchassepeche.ca\/en\/wp-json\/wp\/v2\/product_tag?post=93053"}],"curies":[{"name":"wp","href":"https:\/\/api.w.org\/{rel}","templated":true}]}}