{"id":93023,"date":"2025-12-19T15:05:55","date_gmt":"2025-12-19T20:05:55","guid":{"rendered":"https:\/\/pavillonchassepeche.ca\/?post_type=product&#038;p=93023"},"modified":"2026-02-11T16:43:48","modified_gmt":"2026-02-11T21:43:48","slug":"berkley-fry-75-in-natural","status":"publish","type":"product","link":"https:\/\/pavillonchassepeche.ca\/en\/product\/berkley-fry-75-in-natural\/","title":{"rendered":"BERKLEY FRY 75 IN NATURAL"},"content":{"rendered":"<p data-start=\"66\" data-end=\"632\">Le <strong data-start=\"109\" data-end=\"127\">Berkley Fry 75<\/strong> en couleur <strong data-start=\"139\" data-end=\"150\">Natural<\/strong> est un leurre souple ultra r\u00e9aliste con\u00e7u pour imiter parfaitement un petit poisson fourrage. Sa forme \u00e9lanc\u00e9e et ses mouvements naturels dans l\u2019eau en font une proie irr\u00e9sistible pour les pr\u00e9dateurs, autant en eau douce qu\u2019en eau l\u00e9g\u00e8rement trouble. Facile \u00e0 animer et tr\u00e8s polyvalent, ce leurre est id\u00e9al pour cibler des esp\u00e8ces comme l\u2019achigan, le dor\u00e9 et autres poissons carnassiers. Un choix efficace quand les poissons sont m\u00e9fiants et recherchent une pr\u00e9sentation naturelle.<\/p>\n<p data-start=\"634\" data-end=\"658\"><strong data-start=\"634\" data-end=\"656\">Caract\u00e9ristiques :<\/strong><\/p>\n<ul data-start=\"659\" data-end=\"891\">\n<li data-start=\"659\" data-end=\"704\">\n<p data-start=\"661\" data-end=\"704\">Leurre souple imitant un poisson fourrage<\/p>\n<\/li>\n<li data-start=\"705\" data-end=\"745\">\n<p data-start=\"707\" data-end=\"745\">Action de nage r\u00e9aliste et naturelle<\/p>\n<\/li>\n<li data-start=\"746\" data-end=\"796\">\n<p data-start=\"748\" data-end=\"796\">Couleur Natural pour une pr\u00e9sentation discr\u00e8te<\/p>\n<\/li>\n<li data-start=\"797\" data-end=\"832\">\n<p data-start=\"799\" data-end=\"832\">Polyvalent et facile \u00e0 utiliser<\/p>\n<\/li>\n<li data-start=\"833\" data-end=\"891\">\n<p data-start=\"835\" data-end=\"891\">Efficace pour plusieurs esp\u00e8ces de poissons pr\u00e9dateurs<\/p>\n<\/li>\n<\/ul>\n<p data-start=\"893\" data-end=\"926\"><strong data-start=\"893\" data-end=\"924\">Sp\u00e9cifications techniques :<\/strong><\/p>\n<ul data-start=\"927\" data-end=\"1035\">\n<li data-start=\"927\" data-end=\"951\">\n<p data-start=\"929\" data-end=\"951\">Type : Leurre souple<\/p>\n<\/li>\n<li data-start=\"952\" data-end=\"971\">\n<p data-start=\"954\" data-end=\"971\">Mod\u00e8le : Fry 75<\/p>\n<\/li>\n<li data-start=\"972\" data-end=\"992\">\n<p data-start=\"974\" data-end=\"992\">Longueur : 75 mm<\/p>\n<\/li>\n<li data-start=\"993\" data-end=\"1014\">\n<p data-start=\"995\" data-end=\"1014\">Couleur : Natural<\/p>\n<\/li>\n<li data-start=\"1015\" data-end=\"1035\">\n<p data-start=\"1017\" data-end=\"1035\">Marque : Berkley<\/p>\n<\/li>\n<\/ul>\n","protected":false},"excerpt":{"rendered":"<p>Le Berkley Fry 75 en couleur Natural est un leurre souple ultra r\u00e9aliste con\u00e7u pour imiter parfaitement un petit poisson fourrage. Sa forme \u00e9lanc\u00e9e et ses mouvements naturels dans l\u2019eau en font une proie irr\u00e9sistible pour les pr\u00e9dateurs, autant en eau douce qu\u2019en eau l\u00e9g\u00e8rement trouble. Facile \u00e0 animer et tr\u00e8s polyvalent, ce leurre est [&hellip;]<\/p>\n","protected":false},"featured_media":93026,"comment_status":"open","ping_status":"closed","template":"","meta":{"_acf_changed":false,"pagelayer_contact_templates":[],"_pagelayer_content":""},"product_brand":[],"product_cat":[146,144],"product_tag":[285],"class_list":{"0":"post-93023","1":"product","2":"type-product","3":"status-publish","4":"has-post-thumbnail","6":"product_cat-peche-leurres-appats","7":"product_cat-peche","8":"product_tag-berkley","10":"first","11":"instock","12":"taxable","13":"shipping-taxable","14":"purchasable","15":"product-type-simple"},"acf":[],"jetpack_sharing_enabled":true,"_links":{"self":[{"href":"https:\/\/pavillonchassepeche.ca\/en\/wp-json\/wp\/v2\/product\/93023","targetHints":{"allow":["GET"]}}],"collection":[{"href":"https:\/\/pavillonchassepeche.ca\/en\/wp-json\/wp\/v2\/product"}],"about":[{"href":"https:\/\/pavillonchassepeche.ca\/en\/wp-json\/wp\/v2\/types\/product"}],"replies":[{"embeddable":true,"href":"https:\/\/pavillonchassepeche.ca\/en\/wp-json\/wp\/v2\/comments?post=93023"}],"version-history":[{"count":1,"href":"https:\/\/pavillonchassepeche.ca\/en\/wp-json\/wp\/v2\/product\/93023\/revisions"}],"predecessor-version":[{"id":93028,"href":"https:\/\/pavillonchassepeche.ca\/en\/wp-json\/wp\/v2\/product\/93023\/revisions\/93028"}],"wp:featuredmedia":[{"embeddable":true,"href":"https:\/\/pavillonchassepeche.ca\/en\/wp-json\/wp\/v2\/media\/93026"}],"wp:attachment":[{"href":"https:\/\/pavillonchassepeche.ca\/en\/wp-json\/wp\/v2\/media?parent=93023"}],"wp:term":[{"taxonomy":"product_brand","embeddable":true,"href":"https:\/\/pavillonchassepeche.ca\/en\/wp-json\/wp\/v2\/product_brand?post=93023"},{"taxonomy":"product_cat","embeddable":true,"href":"https:\/\/pavillonchassepeche.ca\/en\/wp-json\/wp\/v2\/product_cat?post=93023"},{"taxonomy":"product_tag","embeddable":true,"href":"https:\/\/pavillonchassepeche.ca\/en\/wp-json\/wp\/v2\/product_tag?post=93023"}],"curies":[{"name":"wp","href":"https:\/\/api.w.org\/{rel}","templated":true}]}}