{"id":92946,"date":"2025-12-16T16:54:52","date_gmt":"2025-12-16T21:54:52","guid":{"rendered":"https:\/\/pavillonchassepeche.ca\/?post_type=product&#038;p=92946"},"modified":"2026-02-11T16:44:23","modified_gmt":"2026-02-11T21:44:23","slug":"berkley-dredger-25-5-firetiger","status":"publish","type":"product","link":"https:\/\/pavillonchassepeche.ca\/en\/product\/berkley-dredger-25-5-firetiger\/","title":{"rendered":"BERKLEY DREDGER 25.5 FIRETIGER"},"content":{"rendered":"<p data-start=\"129\" data-end=\"493\">Le <strong data-start=\"132\" data-end=\"156\">Berkley Dredger 25.5<\/strong> est un leurre con\u00e7u pour atteindre rapidement les zones profondes et attirer les pr\u00e9dateurs agressifs. Son design hydrodynamique lui permet de plonger rapidement tout en maintenant une action naturelle qui imite parfaitement le mouvement des poissons-app\u00e2ts. Id\u00e9al pour la p\u00eache du brochet, du dor\u00e9 et d\u2019autres pr\u00e9dateurs d\u2019eau douce.<\/p>\n<p data-start=\"495\" data-end=\"519\"><strong data-start=\"495\" data-end=\"517\">Caract\u00e9ristiques :<\/strong><\/p>\n<ul data-start=\"520\" data-end=\"692\">\n<li data-start=\"520\" data-end=\"559\">\n<p data-start=\"522\" data-end=\"559\">Type : Leurres plongeants (Dredger)<\/p>\n<\/li>\n<li data-start=\"560\" data-end=\"582\">\n<p data-start=\"562\" data-end=\"582\">Longueur : 25,5 cm<\/p>\n<\/li>\n<li data-start=\"583\" data-end=\"606\">\n<p data-start=\"585\" data-end=\"606\">Couleur : Firetiger<\/p>\n<\/li>\n<li data-start=\"607\" data-end=\"649\">\n<p data-start=\"609\" data-end=\"649\">Action : Plong\u00e9e rapide, nage r\u00e9aliste<\/p>\n<\/li>\n<li data-start=\"650\" data-end=\"692\">\n<p data-start=\"652\" data-end=\"692\">Hame\u00e7ons : Hame\u00e7ons triples de qualit\u00e9<\/p>\n<\/li>\n<\/ul>\n<p data-start=\"694\" data-end=\"727\"><strong data-start=\"694\" data-end=\"725\">Sp\u00e9cifications techniques :<\/strong><\/p>\n<ul data-start=\"728\" data-end=\"939\">\n<li data-start=\"728\" data-end=\"763\">\n<p data-start=\"730\" data-end=\"763\">Profondeur : Moyenne \u00e0 profonde<\/p>\n<\/li>\n<li data-start=\"764\" data-end=\"830\">\n<p data-start=\"766\" data-end=\"830\">Type de p\u00eache : Brochet, dor\u00e9 et autres pr\u00e9dateurs d\u2019eau douce<\/p>\n<\/li>\n<li data-start=\"831\" data-end=\"868\">\n<p data-start=\"833\" data-end=\"868\">Utilisation : Lancer et r\u00e9cup\u00e9rer<\/p>\n<\/li>\n<li data-start=\"869\" data-end=\"939\">\n<p data-start=\"871\" data-end=\"939\">Mat\u00e9riau : Plastique durable et hame\u00e7ons r\u00e9sistants \u00e0 la corrosion<\/p>\n<\/li>\n<\/ul>\n","protected":false},"excerpt":{"rendered":"<p>Le Berkley Dredger 25.5 est un leurre con\u00e7u pour atteindre rapidement les zones profondes et attirer les pr\u00e9dateurs agressifs. Son design hydrodynamique lui permet de plonger rapidement tout en maintenant une action naturelle qui imite parfaitement le mouvement des poissons-app\u00e2ts. Id\u00e9al pour la p\u00eache du brochet, du dor\u00e9 et d\u2019autres pr\u00e9dateurs d\u2019eau douce. Caract\u00e9ristiques : [&hellip;]<\/p>\n","protected":false},"featured_media":92949,"comment_status":"open","ping_status":"closed","template":"","meta":{"_acf_changed":false,"pagelayer_contact_templates":[],"_pagelayer_content":""},"product_brand":[],"product_cat":[146,144],"product_tag":[285],"class_list":{"0":"post-92946","1":"product","2":"type-product","3":"status-publish","4":"has-post-thumbnail","6":"product_cat-peche-leurres-appats","7":"product_cat-peche","8":"product_tag-berkley","10":"first","11":"instock","12":"taxable","13":"shipping-taxable","14":"purchasable","15":"product-type-simple"},"acf":[],"jetpack_sharing_enabled":true,"_links":{"self":[{"href":"https:\/\/pavillonchassepeche.ca\/en\/wp-json\/wp\/v2\/product\/92946","targetHints":{"allow":["GET"]}}],"collection":[{"href":"https:\/\/pavillonchassepeche.ca\/en\/wp-json\/wp\/v2\/product"}],"about":[{"href":"https:\/\/pavillonchassepeche.ca\/en\/wp-json\/wp\/v2\/types\/product"}],"replies":[{"embeddable":true,"href":"https:\/\/pavillonchassepeche.ca\/en\/wp-json\/wp\/v2\/comments?post=92946"}],"version-history":[{"count":2,"href":"https:\/\/pavillonchassepeche.ca\/en\/wp-json\/wp\/v2\/product\/92946\/revisions"}],"predecessor-version":[{"id":92952,"href":"https:\/\/pavillonchassepeche.ca\/en\/wp-json\/wp\/v2\/product\/92946\/revisions\/92952"}],"wp:featuredmedia":[{"embeddable":true,"href":"https:\/\/pavillonchassepeche.ca\/en\/wp-json\/wp\/v2\/media\/92949"}],"wp:attachment":[{"href":"https:\/\/pavillonchassepeche.ca\/en\/wp-json\/wp\/v2\/media?parent=92946"}],"wp:term":[{"taxonomy":"product_brand","embeddable":true,"href":"https:\/\/pavillonchassepeche.ca\/en\/wp-json\/wp\/v2\/product_brand?post=92946"},{"taxonomy":"product_cat","embeddable":true,"href":"https:\/\/pavillonchassepeche.ca\/en\/wp-json\/wp\/v2\/product_cat?post=92946"},{"taxonomy":"product_tag","embeddable":true,"href":"https:\/\/pavillonchassepeche.ca\/en\/wp-json\/wp\/v2\/product_tag?post=92946"}],"curies":[{"name":"wp","href":"https:\/\/api.w.org\/{rel}","templated":true}]}}