{"id":92898,"date":"2025-12-12T10:59:30","date_gmt":"2025-12-12T15:59:30","guid":{"rendered":"https:\/\/pavillonchassepeche.ca\/?post_type=product&#038;p=92898"},"modified":"2026-02-11T16:45:26","modified_gmt":"2026-02-11T21:45:26","slug":"frabill-sportsman-landing-net-petit","status":"publish","type":"product","link":"https:\/\/pavillonchassepeche.ca\/en\/product\/frabill-sportsman-landing-net-petit\/","title":{"rendered":"FRABILL SPORTSMAN LANDING NET PETIT"},"content":{"rendered":"<p data-start=\"122\" data-end=\"633\">Le Frabill Sportsman Landing Net \u2013 Petit est l\u2019\u00e9puisette parfaite pour les sorties de p\u00eache o\u00f9 tu veux voyager l\u00e9ger sans compromettre la solidit\u00e9. Con\u00e7ue pour manipuler les poissons en douceur sans les blesser, elle offre un contr\u00f4le pr\u00e9cis lors de l\u2019atterrissage. Son format compact la rend id\u00e9ale pour la p\u00eache en embarcation l\u00e9g\u00e8re, en kayak ou directement du bord. Une \u00e9puisette fiable, robuste et pratique pour tout bon p\u00eacheur qui veut garder \u00e7a simple\u2026 et efficace.<\/p>\n<p data-start=\"635\" data-end=\"657\"><strong data-start=\"635\" data-end=\"655\">Caract\u00e9ristiques<\/strong><\/p>\n<ul data-start=\"658\" data-end=\"878\">\n<li data-start=\"658\" data-end=\"710\">\n<p data-start=\"660\" data-end=\"710\">Filet con\u00e7u pour r\u00e9duire les dommages au poisson<\/p>\n<\/li>\n<li data-start=\"711\" data-end=\"738\">\n<p data-start=\"713\" data-end=\"738\">Manche l\u00e9ger et durable<\/p>\n<\/li>\n<li data-start=\"739\" data-end=\"781\">\n<p data-start=\"741\" data-end=\"781\">Format compact id\u00e9al pour le transport<\/p>\n<\/li>\n<li data-start=\"782\" data-end=\"818\">\n<p data-start=\"784\" data-end=\"818\">Facile \u00e0 manier d\u2019une seule main<\/p>\n<\/li>\n<li data-start=\"819\" data-end=\"878\">\n<p data-start=\"821\" data-end=\"878\">Construction robuste adapt\u00e9e aux conditions ext\u00e9rieures<\/p>\n<\/li>\n<\/ul>\n<p data-start=\"880\" data-end=\"911\"><strong data-start=\"880\" data-end=\"909\">Sp\u00e9cifications techniques<\/strong><\/p>\n<ul data-start=\"912\" data-end=\"1095\">\n<li data-start=\"912\" data-end=\"930\">\n<p data-start=\"914\" data-end=\"930\">Taille : Petit<\/p>\n<\/li>\n<li data-start=\"931\" data-end=\"994\">\n<p data-start=\"933\" data-end=\"994\">Mat\u00e9riau : Manche robuste + filet trait\u00e9 pour la durabilit\u00e9<\/p>\n<\/li>\n<li data-start=\"995\" data-end=\"1038\">\n<p data-start=\"997\" data-end=\"1038\">Type : Landing net (\u00e9puisette de p\u00eache)<\/p>\n<\/li>\n<li data-start=\"1039\" data-end=\"1095\">\n<p data-start=\"1041\" data-end=\"1095\">Usage : P\u00eache en eau douce, kayak, quai, bord de l\u2019eau<\/p>\n<\/li>\n<\/ul>\n","protected":false},"excerpt":{"rendered":"<p>Le Frabill Sportsman Landing Net \u2013 Petit est l\u2019\u00e9puisette parfaite pour les sorties de p\u00eache o\u00f9 tu veux voyager l\u00e9ger sans compromettre la solidit\u00e9. Con\u00e7ue pour manipuler les poissons en douceur sans les blesser, elle offre un contr\u00f4le pr\u00e9cis lors de l\u2019atterrissage. Son format compact la rend id\u00e9ale pour la p\u00eache en embarcation l\u00e9g\u00e8re, en [&hellip;]<\/p>\n","protected":false},"featured_media":92901,"comment_status":"open","ping_status":"closed","template":"","meta":{"_acf_changed":false,"pagelayer_contact_templates":[],"_pagelayer_content":""},"product_brand":[],"product_cat":[153,144],"product_tag":[1103],"class_list":{"0":"post-92898","1":"product","2":"type-product","3":"status-publish","4":"has-post-thumbnail","6":"product_cat-peche-accessoires-de-peche","7":"product_cat-peche","8":"product_tag-frabill","10":"first","11":"instock","12":"taxable","13":"shipping-taxable","14":"purchasable","15":"product-type-simple"},"acf":[],"jetpack_sharing_enabled":true,"_links":{"self":[{"href":"https:\/\/pavillonchassepeche.ca\/en\/wp-json\/wp\/v2\/product\/92898","targetHints":{"allow":["GET"]}}],"collection":[{"href":"https:\/\/pavillonchassepeche.ca\/en\/wp-json\/wp\/v2\/product"}],"about":[{"href":"https:\/\/pavillonchassepeche.ca\/en\/wp-json\/wp\/v2\/types\/product"}],"replies":[{"embeddable":true,"href":"https:\/\/pavillonchassepeche.ca\/en\/wp-json\/wp\/v2\/comments?post=92898"}],"version-history":[{"count":1,"href":"https:\/\/pavillonchassepeche.ca\/en\/wp-json\/wp\/v2\/product\/92898\/revisions"}],"predecessor-version":[{"id":92903,"href":"https:\/\/pavillonchassepeche.ca\/en\/wp-json\/wp\/v2\/product\/92898\/revisions\/92903"}],"wp:featuredmedia":[{"embeddable":true,"href":"https:\/\/pavillonchassepeche.ca\/en\/wp-json\/wp\/v2\/media\/92901"}],"wp:attachment":[{"href":"https:\/\/pavillonchassepeche.ca\/en\/wp-json\/wp\/v2\/media?parent=92898"}],"wp:term":[{"taxonomy":"product_brand","embeddable":true,"href":"https:\/\/pavillonchassepeche.ca\/en\/wp-json\/wp\/v2\/product_brand?post=92898"},{"taxonomy":"product_cat","embeddable":true,"href":"https:\/\/pavillonchassepeche.ca\/en\/wp-json\/wp\/v2\/product_cat?post=92898"},{"taxonomy":"product_tag","embeddable":true,"href":"https:\/\/pavillonchassepeche.ca\/en\/wp-json\/wp\/v2\/product_tag?post=92898"}],"curies":[{"name":"wp","href":"https:\/\/api.w.org\/{rel}","templated":true}]}}