{"id":92892,"date":"2025-12-12T10:53:00","date_gmt":"2025-12-12T15:53:00","guid":{"rendered":"https:\/\/pavillonchassepeche.ca\/?post_type=product&#038;p=92892"},"modified":"2026-02-11T16:45:44","modified_gmt":"2026-02-11T21:45:44","slug":"flambeau-blue-ribbon-fly-box","status":"publish","type":"product","link":"https:\/\/pavillonchassepeche.ca\/en\/product\/flambeau-blue-ribbon-fly-box\/","title":{"rendered":"FLAMBEAU BLUE RIBBON FLY BOX"},"content":{"rendered":"<p data-start=\"112\" data-end=\"575\">La Flambeau Blue Ribbon Fly Box est une bo\u00eete \u00e0 mouches pens\u00e9e pour les p\u00eacheurs qui veulent voyager l\u00e9ger sans sacrifier l\u2019organisation. Compacte, robuste et parfaitement am\u00e9nag\u00e9e, elle garde tes mouches bien en place gr\u00e2ce \u00e0 son int\u00e9rieur en mousse haute densit\u00e9. Que tu sois en rivi\u00e8re, en lac ou en plein voyage de p\u00eache, cette fly box te permet de garder ton \u00e9quipement propre, accessible et pr\u00eat \u00e0 lancer au bon moment.<\/p>\n<p data-start=\"577\" data-end=\"599\"><strong data-start=\"577\" data-end=\"597\">Caract\u00e9ristiques<\/strong><\/p>\n<ul data-start=\"600\" data-end=\"922\">\n<li data-start=\"600\" data-end=\"664\">\n<p data-start=\"602\" data-end=\"664\">Int\u00e9rieur en mousse haute densit\u00e9 pour s\u00e9curiser les mouches<\/p>\n<\/li>\n<li data-start=\"665\" data-end=\"734\">\n<p data-start=\"667\" data-end=\"734\">Format compact facile \u00e0 glisser dans une poche ou un sac de p\u00eache<\/p>\n<\/li>\n<li data-start=\"735\" data-end=\"800\">\n<p data-start=\"737\" data-end=\"800\">Construction robuste pour r\u00e9sister aux conditions ext\u00e9rieures<\/p>\n<\/li>\n<li data-start=\"801\" data-end=\"872\">\n<p data-start=\"803\" data-end=\"872\">Organisation simple et efficace pour rep\u00e9rer rapidement tes mouches<\/p>\n<\/li>\n<li data-start=\"873\" data-end=\"922\">\n<p data-start=\"875\" data-end=\"922\">Fermeture solide pour une protection optimale<\/p>\n<\/li>\n<\/ul>\n<p data-start=\"924\" data-end=\"955\"><strong data-start=\"924\" data-end=\"953\">Sp\u00e9cifications techniques<\/strong><\/p>\n<ul data-start=\"956\" data-end=\"1130\">\n<li data-start=\"956\" data-end=\"1014\">\n<p data-start=\"958\" data-end=\"1014\">Mat\u00e9riau : Plastique durable avec mousse haute densit\u00e9<\/p>\n<\/li>\n<li data-start=\"1015\" data-end=\"1033\">\n<p data-start=\"1017\" data-end=\"1033\">Couleur : Bleu<\/p>\n<\/li>\n<li data-start=\"1034\" data-end=\"1070\">\n<p data-start=\"1036\" data-end=\"1070\">Type : Bo\u00eete \u00e0 mouches (Fly Box)<\/p>\n<\/li>\n<li data-start=\"1071\" data-end=\"1130\">\n<p data-start=\"1073\" data-end=\"1130\">Dimensions : Format compact standard (selon mod\u00e8le exact)<\/p>\n<\/li>\n<\/ul>\n","protected":false},"excerpt":{"rendered":"<p>La Flambeau Blue Ribbon Fly Box est une bo\u00eete \u00e0 mouches pens\u00e9e pour les p\u00eacheurs qui veulent voyager l\u00e9ger sans sacrifier l\u2019organisation. Compacte, robuste et parfaitement am\u00e9nag\u00e9e, elle garde tes mouches bien en place gr\u00e2ce \u00e0 son int\u00e9rieur en mousse haute densit\u00e9. Que tu sois en rivi\u00e8re, en lac ou en plein voyage de p\u00eache, [&hellip;]<\/p>\n","protected":false},"featured_media":92895,"comment_status":"open","ping_status":"closed","template":"","meta":{"_acf_changed":false,"pagelayer_contact_templates":[],"_pagelayer_content":""},"product_brand":[],"product_cat":[153,144],"product_tag":[406],"class_list":{"0":"post-92892","1":"product","2":"type-product","3":"status-publish","4":"has-post-thumbnail","6":"product_cat-peche-accessoires-de-peche","7":"product_cat-peche","8":"product_tag-flambeau","10":"first","11":"instock","12":"taxable","13":"shipping-taxable","14":"purchasable","15":"product-type-simple"},"acf":[],"jetpack_sharing_enabled":true,"_links":{"self":[{"href":"https:\/\/pavillonchassepeche.ca\/en\/wp-json\/wp\/v2\/product\/92892","targetHints":{"allow":["GET"]}}],"collection":[{"href":"https:\/\/pavillonchassepeche.ca\/en\/wp-json\/wp\/v2\/product"}],"about":[{"href":"https:\/\/pavillonchassepeche.ca\/en\/wp-json\/wp\/v2\/types\/product"}],"replies":[{"embeddable":true,"href":"https:\/\/pavillonchassepeche.ca\/en\/wp-json\/wp\/v2\/comments?post=92892"}],"version-history":[{"count":1,"href":"https:\/\/pavillonchassepeche.ca\/en\/wp-json\/wp\/v2\/product\/92892\/revisions"}],"predecessor-version":[{"id":92897,"href":"https:\/\/pavillonchassepeche.ca\/en\/wp-json\/wp\/v2\/product\/92892\/revisions\/92897"}],"wp:featuredmedia":[{"embeddable":true,"href":"https:\/\/pavillonchassepeche.ca\/en\/wp-json\/wp\/v2\/media\/92895"}],"wp:attachment":[{"href":"https:\/\/pavillonchassepeche.ca\/en\/wp-json\/wp\/v2\/media?parent=92892"}],"wp:term":[{"taxonomy":"product_brand","embeddable":true,"href":"https:\/\/pavillonchassepeche.ca\/en\/wp-json\/wp\/v2\/product_brand?post=92892"},{"taxonomy":"product_cat","embeddable":true,"href":"https:\/\/pavillonchassepeche.ca\/en\/wp-json\/wp\/v2\/product_cat?post=92892"},{"taxonomy":"product_tag","embeddable":true,"href":"https:\/\/pavillonchassepeche.ca\/en\/wp-json\/wp\/v2\/product_tag?post=92892"}],"curies":[{"name":"wp","href":"https:\/\/api.w.org\/{rel}","templated":true}]}}