{"id":92834,"date":"2025-12-10T13:28:14","date_gmt":"2025-12-10T18:28:14","guid":{"rendered":"https:\/\/pavillonchassepeche.ca\/?post_type=product&#038;p=92834"},"modified":"2026-02-11T16:46:55","modified_gmt":"2026-02-11T21:46:55","slug":"bushline-outdoor-gilet-de-peche-lakota","status":"publish","type":"product","link":"https:\/\/pavillonchassepeche.ca\/en\/product\/bushline-outdoor-gilet-de-peche-lakota\/","title":{"rendered":"BUSHLINE OUTDOOR GILET DE PECHE LAKOTA"},"content":{"rendered":"<p data-start=\"103\" data-end=\"641\">Le <strong data-start=\"106\" data-end=\"151\">gilet de p\u00eache Lakota de Bushline Outdoor<\/strong> est con\u00e7u pour offrir un maximum de rangement, de confort et de libert\u00e9 de mouvement sur l\u2019eau. L\u00e9ger et pratique, il propose de nombreuses poches et compartiments pour organiser facilement vos leurres, outils, bobines et accessoires essentiels. Son tissu r\u00e9sistant et respirant garantit un port confortable m\u00eame lors de longues journ\u00e9es de p\u00eache. Fonctionnel, durable et pens\u00e9 pour les p\u00eacheurs passionn\u00e9s, le Lakota est l\u2019alli\u00e9 parfait pour garder tout votre \u00e9quipement \u00e0 port\u00e9e de main.<\/p>\n<hr data-start=\"643\" data-end=\"646\" \/>\n<h2 data-start=\"648\" data-end=\"671\"><strong data-start=\"651\" data-end=\"671\">Caract\u00e9ristiques<\/strong><\/h2>\n<ul data-start=\"672\" data-end=\"984\">\n<li data-start=\"672\" data-end=\"737\">\n<p data-start=\"674\" data-end=\"737\">Multiples poches et compartiments pour organiser l\u2019\u00e9quipement<\/p>\n<\/li>\n<li data-start=\"738\" data-end=\"766\">\n<p data-start=\"740\" data-end=\"766\">Tissu l\u00e9ger et respirant<\/p>\n<\/li>\n<li data-start=\"767\" data-end=\"820\">\n<p data-start=\"769\" data-end=\"820\">Conception durable adapt\u00e9e aux sorties prolong\u00e9es<\/p>\n<\/li>\n<li data-start=\"821\" data-end=\"885\">\n<p data-start=\"823\" data-end=\"885\">Coupe confortable permettant une grande libert\u00e9 de mouvement<\/p>\n<\/li>\n<li data-start=\"886\" data-end=\"928\">\n<p data-start=\"888\" data-end=\"928\">Fermeture robuste et ajustement facile<\/p>\n<\/li>\n<li data-start=\"929\" data-end=\"984\">\n<p data-start=\"931\" data-end=\"984\">Id\u00e9al pour la p\u00eache en rivi\u00e8re, en lac ou en bateau<\/p>\n<\/li>\n<\/ul>\n<hr data-start=\"986\" data-end=\"989\" \/>\n<h2 data-start=\"991\" data-end=\"1023\"><strong data-start=\"994\" data-end=\"1023\">Sp\u00e9cifications techniques<\/strong><\/h2>\n<ul data-start=\"1024\" data-end=\"1228\">\n<li data-start=\"1024\" data-end=\"1053\">\n<p data-start=\"1026\" data-end=\"1053\">Marque : Bushline Outdoor<\/p>\n<\/li>\n<li data-start=\"1054\" data-end=\"1073\">\n<p data-start=\"1056\" data-end=\"1073\">Mod\u00e8le : Lakota<\/p>\n<\/li>\n<li data-start=\"1074\" data-end=\"1099\">\n<p data-start=\"1076\" data-end=\"1099\">Type : Gilet de p\u00eache<\/p>\n<\/li>\n<li data-start=\"1100\" data-end=\"1143\">\n<p data-start=\"1102\" data-end=\"1143\">Mat\u00e9riau : Tissu r\u00e9sistant et respirant<\/p>\n<\/li>\n<li data-start=\"1144\" data-end=\"1190\">\n<p data-start=\"1146\" data-end=\"1190\">Utilisation : P\u00eache r\u00e9cr\u00e9ative ou sportive<\/p>\n<\/li>\n<li data-start=\"1191\" data-end=\"1228\">\n<p data-start=\"1193\" data-end=\"1228\">Couleur : Selon mod\u00e8le disponible<\/p>\n<\/li>\n<\/ul>\n","protected":false},"excerpt":{"rendered":"<p>Le gilet de p\u00eache Lakota de Bushline Outdoor est con\u00e7u pour offrir un maximum de rangement, de confort et de libert\u00e9 de mouvement sur l\u2019eau. L\u00e9ger et pratique, il propose de nombreuses poches et compartiments pour organiser facilement vos leurres, outils, bobines et accessoires essentiels. Son tissu r\u00e9sistant et respirant garantit un port confortable m\u00eame [&hellip;]<\/p>\n","protected":false},"featured_media":92837,"comment_status":"open","ping_status":"closed","template":"","meta":{"_acf_changed":false,"pagelayer_contact_templates":[],"_pagelayer_content":""},"product_brand":[],"product_cat":[153,144],"product_tag":[337],"class_list":{"0":"post-92834","1":"product","2":"type-product","3":"status-publish","4":"has-post-thumbnail","6":"product_cat-peche-accessoires-de-peche","7":"product_cat-peche","8":"product_tag-bushline","10":"first","11":"instock","12":"taxable","13":"shipping-taxable","14":"purchasable","15":"product-type-simple"},"acf":[],"jetpack_sharing_enabled":true,"_links":{"self":[{"href":"https:\/\/pavillonchassepeche.ca\/en\/wp-json\/wp\/v2\/product\/92834","targetHints":{"allow":["GET"]}}],"collection":[{"href":"https:\/\/pavillonchassepeche.ca\/en\/wp-json\/wp\/v2\/product"}],"about":[{"href":"https:\/\/pavillonchassepeche.ca\/en\/wp-json\/wp\/v2\/types\/product"}],"replies":[{"embeddable":true,"href":"https:\/\/pavillonchassepeche.ca\/en\/wp-json\/wp\/v2\/comments?post=92834"}],"version-history":[{"count":1,"href":"https:\/\/pavillonchassepeche.ca\/en\/wp-json\/wp\/v2\/product\/92834\/revisions"}],"predecessor-version":[{"id":92839,"href":"https:\/\/pavillonchassepeche.ca\/en\/wp-json\/wp\/v2\/product\/92834\/revisions\/92839"}],"wp:featuredmedia":[{"embeddable":true,"href":"https:\/\/pavillonchassepeche.ca\/en\/wp-json\/wp\/v2\/media\/92837"}],"wp:attachment":[{"href":"https:\/\/pavillonchassepeche.ca\/en\/wp-json\/wp\/v2\/media?parent=92834"}],"wp:term":[{"taxonomy":"product_brand","embeddable":true,"href":"https:\/\/pavillonchassepeche.ca\/en\/wp-json\/wp\/v2\/product_brand?post=92834"},{"taxonomy":"product_cat","embeddable":true,"href":"https:\/\/pavillonchassepeche.ca\/en\/wp-json\/wp\/v2\/product_cat?post=92834"},{"taxonomy":"product_tag","embeddable":true,"href":"https:\/\/pavillonchassepeche.ca\/en\/wp-json\/wp\/v2\/product_tag?post=92834"}],"curies":[{"name":"wp","href":"https:\/\/api.w.org\/{rel}","templated":true}]}}