{"id":92758,"date":"2025-12-09T14:49:55","date_gmt":"2025-12-09T19:49:55","guid":{"rendered":"https:\/\/pavillonchassepeche.ca\/?post_type=product&#038;p=92758"},"modified":"2026-02-11T16:48:32","modified_gmt":"2026-02-11T21:48:32","slug":"henry-u-s-survival-ar-7-black-kit","status":"publish","type":"product","link":"https:\/\/pavillonchassepeche.ca\/en\/product\/henry-u-s-survival-ar-7-black-kit\/","title":{"rendered":"HENRY U.S. SURVIVAL AR-7 BLACK KIT"},"content":{"rendered":"<p data-start=\"127\" data-end=\"765\">La Henry U.S. Survival AR-7 est une carabine l\u00e9gendaire con\u00e7ue pour \u00eatre l\u00e9g\u00e8re, compacte et pr\u00eate \u00e0 te suivre partout. Utilis\u00e9e \u00e0 l\u2019origine par les pilotes de l\u2019U.S. Air Force comme arme de survie, elle se d\u00e9monte enti\u00e8rement pour se ranger dans sa propre crosse \u2014 canon, action, chargeurs\u2026 tout se loge \u00e0 l\u2019int\u00e9rieur. Le mod\u00e8le AR-7 Black Kit offre un ensemble complet pens\u00e9 pour le plein air, le camping ou la survie, sans sacrifier la pr\u00e9cision ni la fiabilit\u00e9. Flottante, r\u00e9sistante aux intemp\u00e9ries et facile \u00e0 transporter, c\u2019est la carabine parfaite pour celui qui veut \u00eatre \u00e9quip\u00e9 peu importe o\u00f9 il part.<\/p>\n<p data-start=\"767\" data-end=\"789\"><strong data-start=\"767\" data-end=\"787\">Caract\u00e9ristiques<\/strong><\/p>\n<ul data-start=\"790\" data-end=\"966\">\n<li data-start=\"790\" data-end=\"844\">\n<p data-start=\"792\" data-end=\"844\">Se d\u00e9monte compl\u00e8tement et se range dans la crosse<\/p>\n<\/li>\n<li data-start=\"845\" data-end=\"877\">\n<p data-start=\"847\" data-end=\"877\">Ensemble Survival Kit inclus<\/p>\n<\/li>\n<li data-start=\"878\" data-end=\"913\">\n<p data-start=\"880\" data-end=\"913\">Flottante, l\u00e9g\u00e8re et r\u00e9sistante<\/p>\n<\/li>\n<li data-start=\"914\" data-end=\"940\">\n<p data-start=\"916\" data-end=\"940\">Finition noire durable<\/p>\n<\/li>\n<li data-start=\"941\" data-end=\"966\">\n<p data-start=\"943\" data-end=\"966\">Deux chargeurs inclus<\/p>\n<\/li>\n<\/ul>\n<p data-start=\"968\" data-end=\"999\"><strong data-start=\"968\" data-end=\"997\">Sp\u00e9cifications techniques<\/strong><\/p>\n<ul data-start=\"1000\" data-end=\"1230\">\n<li data-start=\"1000\" data-end=\"1020\">\n<p data-start=\"1002\" data-end=\"1020\">Calibre : .22 LR<\/p>\n<\/li>\n<li data-start=\"1021\" data-end=\"1043\">\n<p data-start=\"1023\" data-end=\"1043\">Capacit\u00e9 : 8 coups<\/p>\n<\/li>\n<li data-start=\"1044\" data-end=\"1073\">\n<p data-start=\"1046\" data-end=\"1073\">Longueur du canon : 16.5&#8243;<\/p>\n<\/li>\n<li data-start=\"1074\" data-end=\"1109\">\n<p data-start=\"1076\" data-end=\"1109\">Longueur totale assembl\u00e9e : 35&#8243;<\/p>\n<\/li>\n<li data-start=\"1110\" data-end=\"1170\">\n<p data-start=\"1112\" data-end=\"1170\">Mat\u00e9riau de la crosse : ABS haute r\u00e9sistance (flottante)<\/p>\n<\/li>\n<li data-start=\"1171\" data-end=\"1197\">\n<p data-start=\"1173\" data-end=\"1197\">Poids : Environ 3.5 lb<\/p>\n<\/li>\n<li data-start=\"1198\" data-end=\"1230\">\n<p data-start=\"1200\" data-end=\"1230\">M\u00e9canisme : Semi-automatique<\/p>\n<\/li>\n<\/ul>\n","protected":false},"excerpt":{"rendered":"<p>La Henry U.S. Survival AR-7 est une carabine l\u00e9gendaire con\u00e7ue pour \u00eatre l\u00e9g\u00e8re, compacte et pr\u00eate \u00e0 te suivre partout. Utilis\u00e9e \u00e0 l\u2019origine par les pilotes de l\u2019U.S. Air Force comme arme de survie, elle se d\u00e9monte enti\u00e8rement pour se ranger dans sa propre crosse \u2014 canon, action, chargeurs\u2026 tout se loge \u00e0 l\u2019int\u00e9rieur. Le [&hellip;]<\/p>\n","protected":false},"featured_media":92761,"comment_status":"open","ping_status":"closed","template":"","meta":{"_acf_changed":false,"pagelayer_contact_templates":[],"_pagelayer_content":""},"product_brand":[],"product_cat":[63,66,21],"product_tag":[417],"class_list":{"0":"post-92758","1":"product","2":"type-product","3":"status-publish","4":"has-post-thumbnail","6":"product_cat-armes-a-feu","7":"product_cat-armes-a-feu-carabines","8":"product_cat-chasse","9":"product_tag-henry","11":"first","12":"instock","13":"taxable","14":"shipping-taxable","15":"purchasable","16":"product-type-simple"},"acf":[],"jetpack_sharing_enabled":true,"_links":{"self":[{"href":"https:\/\/pavillonchassepeche.ca\/en\/wp-json\/wp\/v2\/product\/92758","targetHints":{"allow":["GET"]}}],"collection":[{"href":"https:\/\/pavillonchassepeche.ca\/en\/wp-json\/wp\/v2\/product"}],"about":[{"href":"https:\/\/pavillonchassepeche.ca\/en\/wp-json\/wp\/v2\/types\/product"}],"replies":[{"embeddable":true,"href":"https:\/\/pavillonchassepeche.ca\/en\/wp-json\/wp\/v2\/comments?post=92758"}],"version-history":[{"count":1,"href":"https:\/\/pavillonchassepeche.ca\/en\/wp-json\/wp\/v2\/product\/92758\/revisions"}],"predecessor-version":[{"id":92763,"href":"https:\/\/pavillonchassepeche.ca\/en\/wp-json\/wp\/v2\/product\/92758\/revisions\/92763"}],"wp:featuredmedia":[{"embeddable":true,"href":"https:\/\/pavillonchassepeche.ca\/en\/wp-json\/wp\/v2\/media\/92761"}],"wp:attachment":[{"href":"https:\/\/pavillonchassepeche.ca\/en\/wp-json\/wp\/v2\/media?parent=92758"}],"wp:term":[{"taxonomy":"product_brand","embeddable":true,"href":"https:\/\/pavillonchassepeche.ca\/en\/wp-json\/wp\/v2\/product_brand?post=92758"},{"taxonomy":"product_cat","embeddable":true,"href":"https:\/\/pavillonchassepeche.ca\/en\/wp-json\/wp\/v2\/product_cat?post=92758"},{"taxonomy":"product_tag","embeddable":true,"href":"https:\/\/pavillonchassepeche.ca\/en\/wp-json\/wp\/v2\/product_tag?post=92758"}],"curies":[{"name":"wp","href":"https:\/\/api.w.org\/{rel}","templated":true}]}}