{"id":92721,"date":"2025-12-05T15:57:05","date_gmt":"2025-12-05T20:57:05","guid":{"rendered":"https:\/\/pavillonchassepeche.ca\/?post_type=product&#038;p=92721"},"modified":"2025-12-05T15:57:06","modified_gmt":"2025-12-05T20:57:06","slug":"gks-gant-chevre-flan","status":"publish","type":"product","link":"https:\/\/pavillonchassepeche.ca\/en\/product\/gks-gant-chevre-flan\/","title":{"rendered":"GKS GANT CHEVRE FLAN"},"content":{"rendered":"<p data-start=\"146\" data-end=\"576\">Le <strong data-start=\"149\" data-end=\"176\">gant GKS en chevre flan<\/strong> est con\u00e7u pour offrir une protection fiable et un confort optimal lors de tes activit\u00e9s ext\u00e9rieures. Fabriqu\u00e9 en cuir de ch\u00e8vre de qualit\u00e9, il allie durabilit\u00e9 et souplesse, permettant une excellente dext\u00e9rit\u00e9 pour manipuler outils et \u00e9quipements. Parfait pour le travail, la chasse ou les sorties en plein air, ce gant robuste prot\u00e8ge tes mains tout en restant confortable pour un usage prolong\u00e9.<\/p>\n<hr data-start=\"578\" data-end=\"581\" \/>\n<h2 data-start=\"583\" data-end=\"606\"><strong data-start=\"586\" data-end=\"606\">Caract\u00e9ristiques<\/strong><\/h2>\n<ul data-start=\"607\" data-end=\"861\">\n<li data-start=\"607\" data-end=\"643\">\n<p data-start=\"609\" data-end=\"643\">Cuir de ch\u00e8vre durable et souple<\/p>\n<\/li>\n<li data-start=\"644\" data-end=\"682\">\n<p data-start=\"646\" data-end=\"682\">Confortable pour un usage prolong\u00e9<\/p>\n<\/li>\n<li data-start=\"683\" data-end=\"744\">\n<p data-start=\"685\" data-end=\"744\">Excellente dext\u00e9rit\u00e9 pour manipuler outils et \u00e9quipements<\/p>\n<\/li>\n<li data-start=\"745\" data-end=\"795\">\n<p data-start=\"747\" data-end=\"795\">R\u00e9sistant \u00e0 l\u2019usure pour utilisation intensive<\/p>\n<\/li>\n<li data-start=\"796\" data-end=\"861\">\n<p data-start=\"798\" data-end=\"861\">Id\u00e9al pour le travail, la chasse et les activit\u00e9s ext\u00e9rieures<\/p>\n<\/li>\n<\/ul>\n<hr data-start=\"863\" data-end=\"866\" \/>\n<h2 data-start=\"868\" data-end=\"900\"><strong data-start=\"871\" data-end=\"900\">Sp\u00e9cifications techniques<\/strong><\/h2>\n<ul data-start=\"901\" data-end=\"1055\">\n<li data-start=\"901\" data-end=\"935\">\n<p data-start=\"903\" data-end=\"935\">Mat\u00e9riau : cuir de ch\u00e8vre flan<\/p>\n<\/li>\n<li data-start=\"936\" data-end=\"970\">\n<p data-start=\"938\" data-end=\"970\">Couleur : naturel \/ brun clair<\/p>\n<\/li>\n<li data-start=\"971\" data-end=\"1016\">\n<p data-start=\"973\" data-end=\"1016\">Taille : ajust\u00e9e pour confort et mobilit\u00e9<\/p>\n<\/li>\n<li data-start=\"1017\" data-end=\"1055\">\n<p data-start=\"1019\" data-end=\"1055\">Usage : travail, plein air, chasse<\/p>\n<\/li>\n<\/ul>\n","protected":false},"excerpt":{"rendered":"<p>Le gant GKS en chevre flan est con\u00e7u pour offrir une protection fiable et un confort optimal lors de tes activit\u00e9s ext\u00e9rieures. Fabriqu\u00e9 en cuir de ch\u00e8vre de qualit\u00e9, il allie durabilit\u00e9 et souplesse, permettant une excellente dext\u00e9rit\u00e9 pour manipuler outils et \u00e9quipements. Parfait pour le travail, la chasse ou les sorties en plein air, [&hellip;]<\/p>\n","protected":false},"featured_media":92724,"comment_status":"open","ping_status":"closed","template":"","meta":{"_acf_changed":false,"pagelayer_contact_templates":[],"_pagelayer_content":""},"product_brand":[],"product_cat":[228,1063,197],"product_tag":[481],"class_list":{"0":"post-92721","1":"product","2":"type-product","3":"status-publish","4":"has-post-thumbnail","6":"product_cat-vetements-gants-et-mitaines","7":"product_cat-liquidation","8":"product_cat-vetements","9":"product_tag-gks","11":"first","12":"instock","13":"sale","14":"taxable","15":"shipping-taxable","16":"purchasable","17":"product-type-simple"},"acf":[],"jetpack_sharing_enabled":true,"_links":{"self":[{"href":"https:\/\/pavillonchassepeche.ca\/en\/wp-json\/wp\/v2\/product\/92721","targetHints":{"allow":["GET"]}}],"collection":[{"href":"https:\/\/pavillonchassepeche.ca\/en\/wp-json\/wp\/v2\/product"}],"about":[{"href":"https:\/\/pavillonchassepeche.ca\/en\/wp-json\/wp\/v2\/types\/product"}],"replies":[{"embeddable":true,"href":"https:\/\/pavillonchassepeche.ca\/en\/wp-json\/wp\/v2\/comments?post=92721"}],"version-history":[{"count":2,"href":"https:\/\/pavillonchassepeche.ca\/en\/wp-json\/wp\/v2\/product\/92721\/revisions"}],"predecessor-version":[{"id":92727,"href":"https:\/\/pavillonchassepeche.ca\/en\/wp-json\/wp\/v2\/product\/92721\/revisions\/92727"}],"wp:featuredmedia":[{"embeddable":true,"href":"https:\/\/pavillonchassepeche.ca\/en\/wp-json\/wp\/v2\/media\/92724"}],"wp:attachment":[{"href":"https:\/\/pavillonchassepeche.ca\/en\/wp-json\/wp\/v2\/media?parent=92721"}],"wp:term":[{"taxonomy":"product_brand","embeddable":true,"href":"https:\/\/pavillonchassepeche.ca\/en\/wp-json\/wp\/v2\/product_brand?post=92721"},{"taxonomy":"product_cat","embeddable":true,"href":"https:\/\/pavillonchassepeche.ca\/en\/wp-json\/wp\/v2\/product_cat?post=92721"},{"taxonomy":"product_tag","embeddable":true,"href":"https:\/\/pavillonchassepeche.ca\/en\/wp-json\/wp\/v2\/product_tag?post=92721"}],"curies":[{"name":"wp","href":"https:\/\/api.w.org\/{rel}","templated":true}]}}