{"id":92715,"date":"2025-12-05T15:49:40","date_gmt":"2025-12-05T20:49:40","guid":{"rendered":"https:\/\/pavillonchassepeche.ca\/?post_type=product&#038;p=92715"},"modified":"2025-12-05T15:49:40","modified_gmt":"2025-12-05T20:49:40","slug":"gksii-gants-chauffants-medium","status":"publish","type":"product","link":"https:\/\/pavillonchassepeche.ca\/en\/product\/gksii-gants-chauffants-medium\/","title":{"rendered":"GKSII GANTS CHAUFFANTS medium"},"content":{"rendered":"<p data-start=\"148\" data-end=\"669\">Les <strong data-start=\"152\" data-end=\"178\">gants chauffants GKSII<\/strong> sont parfaits pour affronter le froid intense tout en gardant tes mains au chaud et confortables. Gr\u00e2ce \u00e0 leur syst\u00e8me de chauffage int\u00e9gr\u00e9, tu peux profiter d\u2019une chaleur constante pendant tes activit\u00e9s ext\u00e9rieures, que ce soit la chasse, la p\u00eache ou la motoneige. Con\u00e7us pour \u00eatre r\u00e9sistants, flexibles et ergonomiques, ces gants permettent une excellente dext\u00e9rit\u00e9 tout en offrant une protection thermique optimale. Un indispensable pour ne jamais laisser le froid ralentir ton action.<\/p>\n<hr data-start=\"671\" data-end=\"674\" \/>\n<h2 data-start=\"676\" data-end=\"699\"><strong data-start=\"679\" data-end=\"699\">Caract\u00e9ristiques<\/strong><\/h2>\n<ul data-start=\"700\" data-end=\"987\">\n<li data-start=\"700\" data-end=\"744\">\n<p data-start=\"702\" data-end=\"744\">Chauffage int\u00e9gr\u00e9 pour chaleur constante<\/p>\n<\/li>\n<li data-start=\"745\" data-end=\"802\">\n<p data-start=\"747\" data-end=\"802\">Flexible et ergonomique pour une excellente dext\u00e9rit\u00e9<\/p>\n<\/li>\n<li data-start=\"803\" data-end=\"857\">\n<p data-start=\"805\" data-end=\"857\">Isolation thermique pour garder les mains au chaud<\/p>\n<\/li>\n<li data-start=\"858\" data-end=\"904\">\n<p data-start=\"860\" data-end=\"904\">R\u00e9sistants et durables pour usage intensif<\/p>\n<\/li>\n<li data-start=\"905\" data-end=\"987\">\n<p data-start=\"907\" data-end=\"987\">Parfaits pour la chasse, la p\u00eache, la motoneige et autres activit\u00e9s hivernales<\/p>\n<\/li>\n<\/ul>\n<hr data-start=\"989\" data-end=\"992\" \/>\n<h2 data-start=\"994\" data-end=\"1026\"><strong data-start=\"997\" data-end=\"1026\">Sp\u00e9cifications techniques<\/strong><\/h2>\n<ul data-start=\"1027\" data-end=\"1212\">\n<li data-start=\"1027\" data-end=\"1090\">\n<p data-start=\"1029\" data-end=\"1090\">Mat\u00e9riau : textile technique + \u00e9l\u00e9ments chauffants int\u00e9gr\u00e9s<\/p>\n<\/li>\n<li data-start=\"1091\" data-end=\"1109\">\n<p data-start=\"1093\" data-end=\"1109\">Couleur : noir<\/p>\n<\/li>\n<li data-start=\"1110\" data-end=\"1155\">\n<p data-start=\"1112\" data-end=\"1155\">Taille : ajust\u00e9e pour confort et mobilit\u00e9<\/p>\n<\/li>\n<li data-start=\"1156\" data-end=\"1212\">\n<p data-start=\"1158\" data-end=\"1212\">Syst\u00e8me de chauffage : batterie rechargeable incluse<\/p>\n<\/li>\n<\/ul>\n","protected":false},"excerpt":{"rendered":"<p>Les gants chauffants GKSII sont parfaits pour affronter le froid intense tout en gardant tes mains au chaud et confortables. Gr\u00e2ce \u00e0 leur syst\u00e8me de chauffage int\u00e9gr\u00e9, tu peux profiter d\u2019une chaleur constante pendant tes activit\u00e9s ext\u00e9rieures, que ce soit la chasse, la p\u00eache ou la motoneige. Con\u00e7us pour \u00eatre r\u00e9sistants, flexibles et ergonomiques, ces [&hellip;]<\/p>\n","protected":false},"featured_media":92718,"comment_status":"open","ping_status":"closed","template":"","meta":{"_acf_changed":false,"pagelayer_contact_templates":[],"_pagelayer_content":""},"product_brand":[],"product_cat":[228,1063,197],"product_tag":[481],"class_list":{"0":"post-92715","1":"product","2":"type-product","3":"status-publish","4":"has-post-thumbnail","6":"product_cat-vetements-gants-et-mitaines","7":"product_cat-liquidation","8":"product_cat-vetements","9":"product_tag-gks","11":"first","12":"instock","13":"sale","14":"taxable","15":"shipping-taxable","16":"purchasable","17":"product-type-simple"},"acf":[],"jetpack_sharing_enabled":true,"_links":{"self":[{"href":"https:\/\/pavillonchassepeche.ca\/en\/wp-json\/wp\/v2\/product\/92715","targetHints":{"allow":["GET"]}}],"collection":[{"href":"https:\/\/pavillonchassepeche.ca\/en\/wp-json\/wp\/v2\/product"}],"about":[{"href":"https:\/\/pavillonchassepeche.ca\/en\/wp-json\/wp\/v2\/types\/product"}],"replies":[{"embeddable":true,"href":"https:\/\/pavillonchassepeche.ca\/en\/wp-json\/wp\/v2\/comments?post=92715"}],"version-history":[{"count":1,"href":"https:\/\/pavillonchassepeche.ca\/en\/wp-json\/wp\/v2\/product\/92715\/revisions"}],"predecessor-version":[{"id":92720,"href":"https:\/\/pavillonchassepeche.ca\/en\/wp-json\/wp\/v2\/product\/92715\/revisions\/92720"}],"wp:featuredmedia":[{"embeddable":true,"href":"https:\/\/pavillonchassepeche.ca\/en\/wp-json\/wp\/v2\/media\/92718"}],"wp:attachment":[{"href":"https:\/\/pavillonchassepeche.ca\/en\/wp-json\/wp\/v2\/media?parent=92715"}],"wp:term":[{"taxonomy":"product_brand","embeddable":true,"href":"https:\/\/pavillonchassepeche.ca\/en\/wp-json\/wp\/v2\/product_brand?post=92715"},{"taxonomy":"product_cat","embeddable":true,"href":"https:\/\/pavillonchassepeche.ca\/en\/wp-json\/wp\/v2\/product_cat?post=92715"},{"taxonomy":"product_tag","embeddable":true,"href":"https:\/\/pavillonchassepeche.ca\/en\/wp-json\/wp\/v2\/product_tag?post=92715"}],"curies":[{"name":"wp","href":"https:\/\/api.w.org\/{rel}","templated":true}]}}