{"id":92709,"date":"2025-12-05T15:28:31","date_gmt":"2025-12-05T20:28:31","guid":{"rendered":"https:\/\/pavillonchassepeche.ca\/?post_type=product&#038;p=92709"},"modified":"2025-12-05T15:28:31","modified_gmt":"2025-12-05T20:28:31","slug":"gks-gant-plein-air-hypor-noir","status":"publish","type":"product","link":"https:\/\/pavillonchassepeche.ca\/en\/product\/gks-gant-plein-air-hypor-noir\/","title":{"rendered":"GKS GANT PLEIN AIR HYPOR NOIR"},"content":{"rendered":"<p data-start=\"155\" data-end=\"629\">Le <strong data-start=\"158\" data-end=\"186\">gant plein air GKS Hypor<\/strong> est con\u00e7u pour te prot\u00e9ger efficacement lors de toutes tes activit\u00e9s ext\u00e9rieures, m\u00eame par temps froid et humide. Sa membrane Hypor imperm\u00e9able et respirante garde tes mains au sec tout en assurant une bonne isolation thermique. Confortable et flexible, il permet de manipuler facilement tes \u00e9quipements, que ce soit pour la chasse, la p\u00eache ou les sorties en motoneige. Un gant fiable et durable pour affronter les \u00e9l\u00e9ments sans compromis.<\/p>\n<hr data-start=\"631\" data-end=\"634\" \/>\n<h2 data-start=\"636\" data-end=\"659\"><strong data-start=\"639\" data-end=\"659\">Caract\u00e9ristiques<\/strong><\/h2>\n<ul data-start=\"660\" data-end=\"936\">\n<li data-start=\"660\" data-end=\"704\">\n<p data-start=\"662\" data-end=\"704\">Membrane Hypor imperm\u00e9able et respirante<\/p>\n<\/li>\n<li data-start=\"705\" data-end=\"759\">\n<p data-start=\"707\" data-end=\"759\">Isolation thermique pour garder les mains au chaud<\/p>\n<\/li>\n<li data-start=\"760\" data-end=\"817\">\n<p data-start=\"762\" data-end=\"817\">Confortable et flexible pour une excellente dext\u00e9rit\u00e9<\/p>\n<\/li>\n<li data-start=\"818\" data-end=\"873\">\n<p data-start=\"820\" data-end=\"873\">R\u00e9sistant et durable pour une utilisation intensive<\/p>\n<\/li>\n<li data-start=\"874\" data-end=\"936\">\n<p data-start=\"876\" data-end=\"936\">Id\u00e9al pour la chasse, la p\u00eache et les activit\u00e9s hivernales<\/p>\n<\/li>\n<\/ul>\n<hr data-start=\"938\" data-end=\"941\" \/>\n<h2 data-start=\"943\" data-end=\"975\"><strong data-start=\"946\" data-end=\"975\">Sp\u00e9cifications techniques<\/strong><\/h2>\n<ul data-start=\"976\" data-end=\"1136\">\n<li data-start=\"976\" data-end=\"1025\">\n<p data-start=\"978\" data-end=\"1025\">Mat\u00e9riau : textile technique + membrane Hypor<\/p>\n<\/li>\n<li data-start=\"1026\" data-end=\"1044\">\n<p data-start=\"1028\" data-end=\"1044\">Couleur : noir<\/p>\n<\/li>\n<li data-start=\"1045\" data-end=\"1090\">\n<p data-start=\"1047\" data-end=\"1090\">Taille : ajust\u00e9e pour confort et mobilit\u00e9<\/p>\n<\/li>\n<li data-start=\"1091\" data-end=\"1136\">\n<p data-start=\"1093\" data-end=\"1136\">Usage : plein air, hiver, chasse et p\u00eache<\/p>\n<\/li>\n<\/ul>\n","protected":false},"excerpt":{"rendered":"<p>Le gant plein air GKS Hypor est con\u00e7u pour te prot\u00e9ger efficacement lors de toutes tes activit\u00e9s ext\u00e9rieures, m\u00eame par temps froid et humide. Sa membrane Hypor imperm\u00e9able et respirante garde tes mains au sec tout en assurant une bonne isolation thermique. Confortable et flexible, il permet de manipuler facilement tes \u00e9quipements, que ce soit [&hellip;]<\/p>\n","protected":false},"featured_media":92712,"comment_status":"open","ping_status":"closed","template":"","meta":{"_acf_changed":false,"pagelayer_contact_templates":[],"_pagelayer_content":""},"product_brand":[],"product_cat":[228,1063,197],"product_tag":[481],"class_list":{"0":"post-92709","1":"product","2":"type-product","3":"status-publish","4":"has-post-thumbnail","6":"product_cat-vetements-gants-et-mitaines","7":"product_cat-liquidation","8":"product_cat-vetements","9":"product_tag-gks","11":"first","12":"instock","13":"sale","14":"taxable","15":"shipping-taxable","16":"purchasable","17":"product-type-simple"},"acf":[],"jetpack_sharing_enabled":true,"_links":{"self":[{"href":"https:\/\/pavillonchassepeche.ca\/en\/wp-json\/wp\/v2\/product\/92709","targetHints":{"allow":["GET"]}}],"collection":[{"href":"https:\/\/pavillonchassepeche.ca\/en\/wp-json\/wp\/v2\/product"}],"about":[{"href":"https:\/\/pavillonchassepeche.ca\/en\/wp-json\/wp\/v2\/types\/product"}],"replies":[{"embeddable":true,"href":"https:\/\/pavillonchassepeche.ca\/en\/wp-json\/wp\/v2\/comments?post=92709"}],"version-history":[{"count":1,"href":"https:\/\/pavillonchassepeche.ca\/en\/wp-json\/wp\/v2\/product\/92709\/revisions"}],"predecessor-version":[{"id":92714,"href":"https:\/\/pavillonchassepeche.ca\/en\/wp-json\/wp\/v2\/product\/92709\/revisions\/92714"}],"wp:featuredmedia":[{"embeddable":true,"href":"https:\/\/pavillonchassepeche.ca\/en\/wp-json\/wp\/v2\/media\/92712"}],"wp:attachment":[{"href":"https:\/\/pavillonchassepeche.ca\/en\/wp-json\/wp\/v2\/media?parent=92709"}],"wp:term":[{"taxonomy":"product_brand","embeddable":true,"href":"https:\/\/pavillonchassepeche.ca\/en\/wp-json\/wp\/v2\/product_brand?post=92709"},{"taxonomy":"product_cat","embeddable":true,"href":"https:\/\/pavillonchassepeche.ca\/en\/wp-json\/wp\/v2\/product_cat?post=92709"},{"taxonomy":"product_tag","embeddable":true,"href":"https:\/\/pavillonchassepeche.ca\/en\/wp-json\/wp\/v2\/product_tag?post=92709"}],"curies":[{"name":"wp","href":"https:\/\/api.w.org\/{rel}","templated":true}]}}