{"id":92179,"date":"2025-11-27T16:56:10","date_gmt":"2025-11-27T21:56:10","guid":{"rendered":"https:\/\/pavillonchassepeche.ca\/?post_type=product&#038;p=92179"},"modified":"2026-02-26T12:54:46","modified_gmt":"2026-02-26T17:54:46","slug":"coldfield-bottes-summit-women-camo-brun-1000grm","status":"publish","type":"product","link":"https:\/\/pavillonchassepeche.ca\/en\/product\/coldfield-bottes-summit-women-camo-brun-1000grm\/","title":{"rendered":"COLDFIELD BOTTES SUMMIT WOMEN CAMO BRUN 1000GRM"},"content":{"rendered":"<p data-start=\"197\" data-end=\"741\">Affrontez les conditions hivernales avec style et confort gr\u00e2ce aux bottes Summit pour femmes de Coldfield. Avec une isolation de <strong data-start=\"327\" data-end=\"337\">1000 g<\/strong> et un design camouflage brun, elles gardent vos pieds au chaud et au sec, m\u00eame lors des journ\u00e9es les plus froides. Parfaites pour la chasse, la p\u00eache ou toute activit\u00e9 en plein air, ces bottes combinent robustesse, l\u00e9g\u00e8ret\u00e9 et adh\u00e9rence optimale pour marcher sur neige, glace ou terrains boueux. Con\u00e7ues sp\u00e9cialement pour les femmes, elles offrent un ajustement confortable tout au long de la journ\u00e9e.<\/p>\n<p data-start=\"743\" data-end=\"767\"><strong data-start=\"743\" data-end=\"765\">Caract\u00e9ristiques :<\/strong><\/p>\n<ul data-start=\"768\" data-end=\"1021\">\n<li data-start=\"768\" data-end=\"824\">\n<p data-start=\"770\" data-end=\"824\">Isolation thermique 1000 g pour une chaleur maximale<\/p>\n<\/li>\n<li data-start=\"825\" data-end=\"883\">\n<p data-start=\"827\" data-end=\"883\">Design camouflage brun pour la discr\u00e9tion en plein air<\/p>\n<\/li>\n<li data-start=\"884\" data-end=\"957\">\n<p data-start=\"886\" data-end=\"957\">Semelle robuste assurant adh\u00e9rence et stabilit\u00e9 sur tous les terrains<\/p>\n<\/li>\n<li data-start=\"958\" data-end=\"1021\">\n<p data-start=\"960\" data-end=\"1021\">Confortable et l\u00e9ger pour des longues journ\u00e9es en ext\u00e9rieur<\/p>\n<\/li>\n<\/ul>\n<p data-start=\"1023\" data-end=\"1056\"><strong data-start=\"1023\" data-end=\"1054\">Sp\u00e9cifications techniques :<\/strong><\/p>\n<ul data-start=\"1057\" data-end=\"1248\">\n<li data-start=\"1057\" data-end=\"1114\">\n<p data-start=\"1059\" data-end=\"1114\">Mat\u00e9riaux : caoutchouc, Evalite et mat\u00e9riaux isolants<\/p>\n<\/li>\n<li data-start=\"1162\" data-end=\"1191\">\n<p data-start=\"1164\" data-end=\"1191\">Couleur : camouflage brun<\/p>\n<\/li>\n<li data-start=\"1192\" data-end=\"1248\">\n<p data-start=\"1194\" data-end=\"1248\">Entretien : nettoyage \u00e0 l\u2019eau ti\u00e8de, s\u00e9chage \u00e0 l\u2019air<\/p>\n<\/li>\n<\/ul>\n","protected":false},"excerpt":{"rendered":"<p>Affrontez les conditions hivernales avec style et confort gr\u00e2ce aux bottes Summit pour femmes de Coldfield. Avec une isolation de 1000 g et un design camouflage brun, elles gardent vos pieds au chaud et au sec, m\u00eame lors des journ\u00e9es les plus froides. Parfaites pour la chasse, la p\u00eache ou toute activit\u00e9 en plein air, [&hellip;]<\/p>\n","protected":false},"featured_media":92182,"comment_status":"open","ping_status":"closed","template":"","meta":{"_acf_changed":false,"pagelayer_contact_templates":[],"_pagelayer_content":""},"product_brand":[],"product_cat":[198,197],"product_tag":[322],"class_list":{"0":"post-92179","1":"product","2":"type-product","3":"status-publish","4":"has-post-thumbnail","6":"product_cat-vetements-bottes-chaussures","7":"product_cat-vetements","8":"product_tag-coldfield","10":"first","11":"instock","12":"sale","13":"taxable","14":"shipping-taxable","15":"purchasable","16":"product-type-variable"},"acf":[],"jetpack_sharing_enabled":true,"_links":{"self":[{"href":"https:\/\/pavillonchassepeche.ca\/en\/wp-json\/wp\/v2\/product\/92179","targetHints":{"allow":["GET"]}}],"collection":[{"href":"https:\/\/pavillonchassepeche.ca\/en\/wp-json\/wp\/v2\/product"}],"about":[{"href":"https:\/\/pavillonchassepeche.ca\/en\/wp-json\/wp\/v2\/types\/product"}],"replies":[{"embeddable":true,"href":"https:\/\/pavillonchassepeche.ca\/en\/wp-json\/wp\/v2\/comments?post=92179"}],"version-history":[{"count":1,"href":"https:\/\/pavillonchassepeche.ca\/en\/wp-json\/wp\/v2\/product\/92179\/revisions"}],"predecessor-version":[{"id":92190,"href":"https:\/\/pavillonchassepeche.ca\/en\/wp-json\/wp\/v2\/product\/92179\/revisions\/92190"}],"wp:featuredmedia":[{"embeddable":true,"href":"https:\/\/pavillonchassepeche.ca\/en\/wp-json\/wp\/v2\/media\/92182"}],"wp:attachment":[{"href":"https:\/\/pavillonchassepeche.ca\/en\/wp-json\/wp\/v2\/media?parent=92179"}],"wp:term":[{"taxonomy":"product_brand","embeddable":true,"href":"https:\/\/pavillonchassepeche.ca\/en\/wp-json\/wp\/v2\/product_brand?post=92179"},{"taxonomy":"product_cat","embeddable":true,"href":"https:\/\/pavillonchassepeche.ca\/en\/wp-json\/wp\/v2\/product_cat?post=92179"},{"taxonomy":"product_tag","embeddable":true,"href":"https:\/\/pavillonchassepeche.ca\/en\/wp-json\/wp\/v2\/product_tag?post=92179"}],"curies":[{"name":"wp","href":"https:\/\/api.w.org\/{rel}","templated":true}]}}