{"id":92164,"date":"2025-11-27T16:45:03","date_gmt":"2025-11-27T21:45:03","guid":{"rendered":"https:\/\/pavillonchassepeche.ca\/?post_type=product&#038;p=92164"},"modified":"2025-11-27T16:45:03","modified_gmt":"2025-11-27T21:45:03","slug":"coldfield-bottes-evalite-ll-avec-feutre","status":"publish","type":"product","link":"https:\/\/pavillonchassepeche.ca\/en\/product\/coldfield-bottes-evalite-ll-avec-feutre\/","title":{"rendered":"COLDFIELD BOTTES EVALITE ll AVEC FEUTRE"},"content":{"rendered":"<p data-start=\"181\" data-end=\"694\">Affrontez l\u2019hiver avec confort et s\u00e9curit\u00e9 gr\u00e2ce aux bottes Evalite II de Coldfield \u00e9quip\u00e9es d\u2019une semelle en feutre. Con\u00e7ues pour la chasse, la p\u00eache et toutes les activit\u00e9s de plein air, ces bottes offrent chaleur, isolation et adh\u00e9rence sur les surfaces glissantes. Leur conception robuste et durable prot\u00e8ge vos pieds contre l\u2019humidit\u00e9 et le froid tout en assurant un ajustement confortable pour des journ\u00e9es longues en ext\u00e9rieur. Id\u00e9ales pour les passionn\u00e9s de plein air qui exigent performance et confort.<\/p>\n<p data-start=\"696\" data-end=\"720\"><strong data-start=\"696\" data-end=\"718\">Caract\u00e9ristiques :<\/strong><\/p>\n<ul data-start=\"721\" data-end=\"974\">\n<li data-start=\"721\" data-end=\"790\">\n<p data-start=\"723\" data-end=\"790\">Semelle en feutre pour une excellente traction sur neige et glace<\/p>\n<\/li>\n<li data-start=\"791\" data-end=\"845\">\n<p data-start=\"793\" data-end=\"845\">Isolation thermique pour garder les pieds au chaud<\/p>\n<\/li>\n<li data-start=\"846\" data-end=\"919\">\n<p data-start=\"848\" data-end=\"919\">Conception robuste et durable pour r\u00e9sister aux conditions difficiles<\/p>\n<\/li>\n<li data-start=\"920\" data-end=\"974\">\n<p data-start=\"922\" data-end=\"974\">Confortable pour des longues journ\u00e9es en plein air<\/p>\n<\/li>\n<\/ul>\n<p data-start=\"976\" data-end=\"1009\"><strong data-start=\"976\" data-end=\"1007\">Sp\u00e9cifications techniques :<\/strong><\/p>\n<ul data-start=\"1010\" data-end=\"1207\">\n<li data-start=\"1010\" data-end=\"1063\">\n<p data-start=\"1012\" data-end=\"1063\">Mat\u00e9riaux : caoutchouc, Evalite et feutre isolant<\/p>\n<\/li>\n<li data-start=\"1151\" data-end=\"1207\">\n<p data-start=\"1153\" data-end=\"1207\">Entretien : nettoyage \u00e0 l\u2019eau ti\u00e8de, s\u00e9chage \u00e0 l\u2019air<\/p>\n<\/li>\n<\/ul>\n","protected":false},"excerpt":{"rendered":"<p>Affrontez l\u2019hiver avec confort et s\u00e9curit\u00e9 gr\u00e2ce aux bottes Evalite II de Coldfield \u00e9quip\u00e9es d\u2019une semelle en feutre. Con\u00e7ues pour la chasse, la p\u00eache et toutes les activit\u00e9s de plein air, ces bottes offrent chaleur, isolation et adh\u00e9rence sur les surfaces glissantes. Leur conception robuste et durable prot\u00e8ge vos pieds contre l\u2019humidit\u00e9 et le froid [&hellip;]<\/p>\n","protected":false},"featured_media":92176,"comment_status":"open","ping_status":"closed","template":"","meta":{"_acf_changed":false,"pagelayer_contact_templates":[],"_pagelayer_content":""},"product_brand":[],"product_cat":[198,1063,197],"product_tag":[322],"class_list":{"0":"post-92164","1":"product","2":"type-product","3":"status-publish","4":"has-post-thumbnail","6":"product_cat-vetements-bottes-chaussures","7":"product_cat-liquidation","8":"product_cat-vetements","9":"product_tag-coldfield","11":"first","12":"instock","13":"sale","14":"taxable","15":"shipping-taxable","16":"purchasable","17":"product-type-variable"},"acf":[],"jetpack_sharing_enabled":true,"_links":{"self":[{"href":"https:\/\/pavillonchassepeche.ca\/en\/wp-json\/wp\/v2\/product\/92164","targetHints":{"allow":["GET"]}}],"collection":[{"href":"https:\/\/pavillonchassepeche.ca\/en\/wp-json\/wp\/v2\/product"}],"about":[{"href":"https:\/\/pavillonchassepeche.ca\/en\/wp-json\/wp\/v2\/types\/product"}],"replies":[{"embeddable":true,"href":"https:\/\/pavillonchassepeche.ca\/en\/wp-json\/wp\/v2\/comments?post=92164"}],"version-history":[{"count":1,"href":"https:\/\/pavillonchassepeche.ca\/en\/wp-json\/wp\/v2\/product\/92164\/revisions"}],"predecessor-version":[{"id":92178,"href":"https:\/\/pavillonchassepeche.ca\/en\/wp-json\/wp\/v2\/product\/92164\/revisions\/92178"}],"wp:featuredmedia":[{"embeddable":true,"href":"https:\/\/pavillonchassepeche.ca\/en\/wp-json\/wp\/v2\/media\/92176"}],"wp:attachment":[{"href":"https:\/\/pavillonchassepeche.ca\/en\/wp-json\/wp\/v2\/media?parent=92164"}],"wp:term":[{"taxonomy":"product_brand","embeddable":true,"href":"https:\/\/pavillonchassepeche.ca\/en\/wp-json\/wp\/v2\/product_brand?post=92164"},{"taxonomy":"product_cat","embeddable":true,"href":"https:\/\/pavillonchassepeche.ca\/en\/wp-json\/wp\/v2\/product_cat?post=92164"},{"taxonomy":"product_tag","embeddable":true,"href":"https:\/\/pavillonchassepeche.ca\/en\/wp-json\/wp\/v2\/product_tag?post=92164"}],"curies":[{"name":"wp","href":"https:\/\/api.w.org\/{rel}","templated":true}]}}