{"id":92037,"date":"2025-11-25T14:54:08","date_gmt":"2025-11-25T19:54:08","guid":{"rendered":"https:\/\/pavillonchassepeche.ca\/?post_type=product&#038;p=92037"},"modified":"2025-12-29T16:14:30","modified_gmt":"2025-12-29T21:14:30","slug":"mobile-warming-gants-chauffants-en-neoprenne","status":"publish","type":"product","link":"https:\/\/pavillonchassepeche.ca\/en\/product\/mobile-warming-gants-chauffants-en-neoprenne\/","title":{"rendered":"MOBILE WARMING GANTS CHAUFFANTS EN N\u00c9OPRENNE"},"content":{"rendered":"<p data-start=\"133\" data-end=\"599\">Les <strong data-start=\"177\" data-end=\"224\">gants chauffants Mobile Warming en n\u00e9opr\u00e8ne<\/strong> sont con\u00e7us pour garder vos mains au chaud et confortables lors des activit\u00e9s ext\u00e9rieures par temps froid. Gr\u00e2ce \u00e0 leur syst\u00e8me de chauffage int\u00e9gr\u00e9, ils offrent une chaleur constante et ajustable pour affronter l\u2019hiver, la chasse, la p\u00eache ou toute aventure en plein air. Souples et r\u00e9sistants, ils combinent confort, isolation et protection contre le vent et l\u2019humidit\u00e9.<\/p>\n<p data-start=\"601\" data-end=\"625\"><strong data-start=\"601\" data-end=\"623\">Caract\u00e9ristiques :<\/strong><\/p>\n<ul data-start=\"626\" data-end=\"901\">\n<li data-start=\"626\" data-end=\"696\">\n<p data-start=\"628\" data-end=\"696\">Syst\u00e8me de chauffage int\u00e9gr\u00e9 avec plusieurs niveaux de temp\u00e9rature<\/p>\n<\/li>\n<li data-start=\"697\" data-end=\"741\">\n<p data-start=\"699\" data-end=\"741\">Conception en n\u00e9opr\u00e8ne souple et isolant<\/p>\n<\/li>\n<li data-start=\"742\" data-end=\"785\">\n<p data-start=\"744\" data-end=\"785\">Protection contre le vent et l\u2019humidit\u00e9<\/p>\n<\/li>\n<li data-start=\"786\" data-end=\"851\">\n<p data-start=\"788\" data-end=\"851\">Ajustement ergonomique pour une libert\u00e9 de mouvement optimale<\/p>\n<\/li>\n<li data-start=\"852\" data-end=\"901\">\n<p data-start=\"854\" data-end=\"901\">Poches discr\u00e8tes pour batterie et accessoires<\/p>\n<\/li>\n<\/ul>\n<p data-start=\"903\" data-end=\"936\"><strong data-start=\"903\" data-end=\"934\">Sp\u00e9cifications techniques :<\/strong><\/p>\n<ul data-start=\"937\" data-end=\"1151\">\n<li data-start=\"937\" data-end=\"987\">\n<p data-start=\"939\" data-end=\"987\">Alimentation : batterie rechargeable (incluse)<\/p>\n<\/li>\n<li data-start=\"988\" data-end=\"1021\">\n<p data-start=\"990\" data-end=\"1021\">Tailles disponibles : S \u00e0 XXL<\/p>\n<\/li>\n<li data-start=\"1048\" data-end=\"1111\">\n<p data-start=\"1050\" data-end=\"1111\">Lavable avec pr\u00e9cautions (retirer la batterie avant lavage)<\/p>\n<\/li>\n<li data-start=\"1112\" data-end=\"1151\">\n<p data-start=\"1114\" data-end=\"1151\">Poids : l\u00e9ger pour confort prolong\u00e9<\/p>\n<\/li>\n<\/ul>\n","protected":false},"excerpt":{"rendered":"<p>Les gants chauffants Mobile Warming en n\u00e9opr\u00e8ne sont con\u00e7us pour garder vos mains au chaud et confortables lors des activit\u00e9s ext\u00e9rieures par temps froid. Gr\u00e2ce \u00e0 leur syst\u00e8me de chauffage int\u00e9gr\u00e9, ils offrent une chaleur constante et ajustable pour affronter l\u2019hiver, la chasse, la p\u00eache ou toute aventure en plein air. Souples et r\u00e9sistants, ils [&hellip;]<\/p>\n","protected":false},"featured_media":92040,"comment_status":"open","ping_status":"closed","template":"","meta":{"_acf_changed":false,"pagelayer_contact_templates":[],"_pagelayer_content":""},"product_brand":[],"product_cat":[228,197],"product_tag":[1098],"class_list":{"0":"post-92037","1":"product","2":"type-product","3":"status-publish","4":"has-post-thumbnail","6":"product_cat-vetements-gants-et-mitaines","7":"product_cat-vetements","8":"product_tag-mobile-warming","10":"first","11":"instock","12":"taxable","13":"shipping-taxable","14":"purchasable","15":"product-type-variable"},"acf":[],"jetpack_sharing_enabled":true,"_links":{"self":[{"href":"https:\/\/pavillonchassepeche.ca\/en\/wp-json\/wp\/v2\/product\/92037","targetHints":{"allow":["GET"]}}],"collection":[{"href":"https:\/\/pavillonchassepeche.ca\/en\/wp-json\/wp\/v2\/product"}],"about":[{"href":"https:\/\/pavillonchassepeche.ca\/en\/wp-json\/wp\/v2\/types\/product"}],"replies":[{"embeddable":true,"href":"https:\/\/pavillonchassepeche.ca\/en\/wp-json\/wp\/v2\/comments?post=92037"}],"version-history":[{"count":1,"href":"https:\/\/pavillonchassepeche.ca\/en\/wp-json\/wp\/v2\/product\/92037\/revisions"}],"predecessor-version":[{"id":92048,"href":"https:\/\/pavillonchassepeche.ca\/en\/wp-json\/wp\/v2\/product\/92037\/revisions\/92048"}],"wp:featuredmedia":[{"embeddable":true,"href":"https:\/\/pavillonchassepeche.ca\/en\/wp-json\/wp\/v2\/media\/92040"}],"wp:attachment":[{"href":"https:\/\/pavillonchassepeche.ca\/en\/wp-json\/wp\/v2\/media?parent=92037"}],"wp:term":[{"taxonomy":"product_brand","embeddable":true,"href":"https:\/\/pavillonchassepeche.ca\/en\/wp-json\/wp\/v2\/product_brand?post=92037"},{"taxonomy":"product_cat","embeddable":true,"href":"https:\/\/pavillonchassepeche.ca\/en\/wp-json\/wp\/v2\/product_cat?post=92037"},{"taxonomy":"product_tag","embeddable":true,"href":"https:\/\/pavillonchassepeche.ca\/en\/wp-json\/wp\/v2\/product_tag?post=92037"}],"curies":[{"name":"wp","href":"https:\/\/api.w.org\/{rel}","templated":true}]}}