{"id":91962,"date":"2025-11-21T15:42:11","date_gmt":"2025-11-21T20:42:11","guid":{"rendered":"https:\/\/pavillonchassepeche.ca\/?post_type=product&#038;p=91962"},"modified":"2026-03-03T12:59:37","modified_gmt":"2026-03-03T17:59:37","slug":"primos-camera-de-surveillance-low-glow-14-megapixels","status":"publish","type":"product","link":"https:\/\/pavillonchassepeche.ca\/en\/product\/primos-camera-de-surveillance-low-glow-14-megapixels\/","title":{"rendered":"PRIMOS CAM\u00c9RA DE SURVEILLANCE LOW GLOW 14 M\u00c9GAPIXELS"},"content":{"rendered":"<p data-start=\"237\" data-end=\"534\">Cam\u00e9ra de surveillance con\u00e7ue pour la chasse et l\u2019observation de la faune, offrant une <strong data-start=\"324\" data-end=\"347\">r\u00e9solution de 14\u202fMP<\/strong> pour des images et vid\u00e9os nettes et d\u00e9taill\u00e9es. \u00c9quip\u00e9e de la technologie <strong data-start=\"422\" data-end=\"434\">Low Glow<\/strong>, elle permet de photographier la faune sans les effrayer gr\u00e2ce \u00e0 un \u00e9clairage infrarouge discret.<\/p>\n<p data-start=\"536\" data-end=\"991\">Robuste et \u00e9tanche, cette cam\u00e9ra r\u00e9siste aux intemp\u00e9ries et aux conditions difficiles en ext\u00e9rieur. Son <strong data-start=\"640\" data-end=\"673\">d\u00e9tecteur de mouvement rapide<\/strong> capture automatiquement les animaux en action, tandis que sa compatibilit\u00e9 avec les smartphones permet de <strong data-start=\"780\" data-end=\"816\">visualiser les images \u00e0 distance<\/strong>. Facile \u00e0 installer et \u00e0 utiliser, elle est id\u00e9ale pour les chasseurs, naturalistes et amateurs de plein air souhaitant surveiller la faune de mani\u00e8re discr\u00e8te et efficace.<\/p>\n<h3 data-start=\"993\" data-end=\"1017\"><strong data-start=\"997\" data-end=\"1017\">Caract\u00e9ristiques<\/strong><\/h3>\n<ul data-start=\"1018\" data-end=\"1329\">\n<li data-start=\"1018\" data-end=\"1046\">\n<p data-start=\"1020\" data-end=\"1046\">R\u00e9solution photo : 14\u202fMP<\/p>\n<\/li>\n<li data-start=\"1047\" data-end=\"1108\">\n<p data-start=\"1049\" data-end=\"1108\">Technologie Low Glow pour un \u00e9clairage infrarouge discret<\/p>\n<\/li>\n<li data-start=\"1109\" data-end=\"1153\">\n<p data-start=\"1111\" data-end=\"1153\">D\u00e9tecteur de mouvement int\u00e9gr\u00e9 et pr\u00e9cis<\/p>\n<\/li>\n<li data-start=\"1154\" data-end=\"1208\">\n<p data-start=\"1156\" data-end=\"1208\">\u00c9tanche et robuste pour une utilisation ext\u00e9rieure<\/p>\n<\/li>\n<li data-start=\"1209\" data-end=\"1236\">\n<p data-start=\"1211\" data-end=\"1236\">Enregistrement vid\u00e9o HD<\/p>\n<\/li>\n<li data-start=\"1237\" data-end=\"1291\">\n<p data-start=\"1239\" data-end=\"1291\">Compatible smartphone pour consultation \u00e0 distance<\/p>\n<\/li>\n<li data-start=\"1292\" data-end=\"1329\">\n<p data-start=\"1294\" data-end=\"1329\">Facile \u00e0 configurer et \u00e0 utiliser<\/p>\n<\/li>\n<\/ul>\n<h3 data-start=\"1331\" data-end=\"1353\"><strong data-start=\"1335\" data-end=\"1353\">Sp\u00e9cifications<\/strong><\/h3>\n<ul data-start=\"1354\" data-end=\"1496\">\n<li data-start=\"1354\" data-end=\"1387\">\n<p data-start=\"1356\" data-end=\"1387\">Port\u00e9e du capteur : env. 20\u202fm<\/p>\n<\/li>\n<li data-start=\"1388\" data-end=\"1442\">\n<p data-start=\"1390\" data-end=\"1442\">Type de batterie : 8 x AA ou batterie rechargeable<\/p>\n<\/li>\n<li data-start=\"1443\" data-end=\"1473\">\n<p data-start=\"1445\" data-end=\"1473\">Dimensions : 14 x 9 x 7\u202fcm<\/p>\n<\/li>\n<li data-start=\"1474\" data-end=\"1496\">\n<p data-start=\"1476\" data-end=\"1496\">Poids : env. 420\u202fg<\/p>\n<\/li>\n<\/ul>\n","protected":false},"excerpt":{"rendered":"<p>Cam\u00e9ra de surveillance con\u00e7ue pour la chasse et l\u2019observation de la faune, offrant une r\u00e9solution de 14\u202fMP pour des images et vid\u00e9os nettes et d\u00e9taill\u00e9es. \u00c9quip\u00e9e de la technologie Low Glow, elle permet de photographier la faune sans les effrayer gr\u00e2ce \u00e0 un \u00e9clairage infrarouge discret. Robuste et \u00e9tanche, cette cam\u00e9ra r\u00e9siste aux intemp\u00e9ries et [&hellip;]<\/p>\n","protected":false},"featured_media":91965,"comment_status":"open","ping_status":"closed","template":"","meta":{"_acf_changed":false,"pagelayer_contact_templates":[],"_pagelayer_content":""},"product_brand":[],"product_cat":[96,21],"product_tag":[264],"class_list":{"0":"post-91962","1":"product","2":"type-product","3":"status-publish","4":"has-post-thumbnail","6":"product_cat-accessoires-optiques","7":"product_cat-chasse","8":"product_tag-primos","10":"first","11":"instock","12":"taxable","13":"shipping-taxable","14":"purchasable","15":"product-type-simple"},"acf":[],"jetpack_sharing_enabled":true,"_links":{"self":[{"href":"https:\/\/pavillonchassepeche.ca\/en\/wp-json\/wp\/v2\/product\/91962","targetHints":{"allow":["GET"]}}],"collection":[{"href":"https:\/\/pavillonchassepeche.ca\/en\/wp-json\/wp\/v2\/product"}],"about":[{"href":"https:\/\/pavillonchassepeche.ca\/en\/wp-json\/wp\/v2\/types\/product"}],"replies":[{"embeddable":true,"href":"https:\/\/pavillonchassepeche.ca\/en\/wp-json\/wp\/v2\/comments?post=91962"}],"version-history":[{"count":1,"href":"https:\/\/pavillonchassepeche.ca\/en\/wp-json\/wp\/v2\/product\/91962\/revisions"}],"predecessor-version":[{"id":91967,"href":"https:\/\/pavillonchassepeche.ca\/en\/wp-json\/wp\/v2\/product\/91962\/revisions\/91967"}],"wp:featuredmedia":[{"embeddable":true,"href":"https:\/\/pavillonchassepeche.ca\/en\/wp-json\/wp\/v2\/media\/91965"}],"wp:attachment":[{"href":"https:\/\/pavillonchassepeche.ca\/en\/wp-json\/wp\/v2\/media?parent=91962"}],"wp:term":[{"taxonomy":"product_brand","embeddable":true,"href":"https:\/\/pavillonchassepeche.ca\/en\/wp-json\/wp\/v2\/product_brand?post=91962"},{"taxonomy":"product_cat","embeddable":true,"href":"https:\/\/pavillonchassepeche.ca\/en\/wp-json\/wp\/v2\/product_cat?post=91962"},{"taxonomy":"product_tag","embeddable":true,"href":"https:\/\/pavillonchassepeche.ca\/en\/wp-json\/wp\/v2\/product_tag?post=91962"}],"curies":[{"name":"wp","href":"https:\/\/api.w.org\/{rel}","templated":true}]}}