{"id":91944,"date":"2025-11-21T15:23:37","date_gmt":"2025-11-21T20:23:37","guid":{"rendered":"https:\/\/pavillonchassepeche.ca\/?post_type=product&#038;p=91944"},"modified":"2026-03-03T13:00:02","modified_gmt":"2026-03-03T18:00:02","slug":"do-all-trap-lance-pigeon-doast234","status":"publish","type":"product","link":"https:\/\/pavillonchassepeche.ca\/en\/product\/do-all-trap-lance-pigeon-doast234\/","title":{"rendered":"DO ALL TRAP LANCE PIGEON DOAST234"},"content":{"rendered":"<p data-start=\"203\" data-end=\"509\">Lance-pigeon robuste et fiable con\u00e7u pour la pratique du tir au pigeon d\u2019argile. Fabriqu\u00e9 avec des mat\u00e9riaux durables, il permet de <strong data-start=\"335\" data-end=\"388\">lancer les cibles de mani\u00e8re constante et pr\u00e9cise<\/strong>, pour des sessions d\u2019entra\u00eenement efficaces. Id\u00e9al pour les tireurs amateurs comme pour les passionn\u00e9s de tir sportif.<\/p>\n<p data-start=\"511\" data-end=\"783\">Gr\u00e2ce \u00e0 sa conception solide, le lance-pigeon DOAST234 supporte une utilisation r\u00e9p\u00e9t\u00e9e et offre une <strong data-start=\"612\" data-end=\"632\">port\u00e9e ajustable<\/strong> selon le niveau et le type d\u2019entra\u00eenement. L\u00e9ger et facile \u00e0 transporter, il est parfait pour une utilisation en club, sur le terrain ou \u00e0 domicile.<\/p>\n<h3 data-start=\"785\" data-end=\"809\"><strong data-start=\"789\" data-end=\"809\">Caract\u00e9ristiques<\/strong><\/h3>\n<ul data-start=\"810\" data-end=\"1031\">\n<li data-start=\"810\" data-end=\"854\">\n<p data-start=\"812\" data-end=\"854\">Lance-pigeon pour tir au pigeon d\u2019argile<\/p>\n<\/li>\n<li data-start=\"855\" data-end=\"890\">\n<p data-start=\"857\" data-end=\"890\">Construction robuste et durable<\/p>\n<\/li>\n<li data-start=\"891\" data-end=\"923\">\n<p data-start=\"893\" data-end=\"923\">Lancement pr\u00e9cis et constant<\/p>\n<\/li>\n<li data-start=\"924\" data-end=\"958\">\n<p data-start=\"926\" data-end=\"958\">Port\u00e9e ajustable selon besoins<\/p>\n<\/li>\n<li data-start=\"959\" data-end=\"992\">\n<p data-start=\"961\" data-end=\"992\">L\u00e9ger et facile \u00e0 transporter<\/p>\n<\/li>\n<li data-start=\"993\" data-end=\"1031\">\n<p data-start=\"995\" data-end=\"1031\">Id\u00e9al pour entra\u00eenement et loisirs<\/p>\n<\/li>\n<\/ul>\n<h3 data-start=\"1033\" data-end=\"1055\"><strong data-start=\"1037\" data-end=\"1055\">Sp\u00e9cifications<\/strong><\/h3>\n<ul data-start=\"1056\" data-end=\"1191\">\n<li data-start=\"1056\" data-end=\"1077\">\n<p data-start=\"1058\" data-end=\"1077\">Mod\u00e8le : DOAST234<\/p>\n<\/li>\n<li data-start=\"1078\" data-end=\"1115\">\n<p data-start=\"1080\" data-end=\"1115\">Dimensions : env. 70 x 30 x 25 cm<\/p>\n<\/li>\n<li data-start=\"1116\" data-end=\"1139\">\n<p data-start=\"1118\" data-end=\"1139\">Poids : env. 5,5 kg<\/p>\n<\/li>\n<li data-start=\"1140\" data-end=\"1191\">\n<p data-start=\"1142\" data-end=\"1191\">Mat\u00e9riaux : acier et plastique haute r\u00e9sistance<\/p>\n<\/li>\n<\/ul>\n","protected":false},"excerpt":{"rendered":"<p>Lance-pigeon robuste et fiable con\u00e7u pour la pratique du tir au pigeon d\u2019argile. Fabriqu\u00e9 avec des mat\u00e9riaux durables, il permet de lancer les cibles de mani\u00e8re constante et pr\u00e9cise, pour des sessions d\u2019entra\u00eenement efficaces. Id\u00e9al pour les tireurs amateurs comme pour les passionn\u00e9s de tir sportif. Gr\u00e2ce \u00e0 sa conception solide, le lance-pigeon DOAST234 supporte [&hellip;]<\/p>\n","protected":false},"featured_media":91947,"comment_status":"open","ping_status":"closed","template":"","meta":{"_acf_changed":false,"pagelayer_contact_templates":[],"_pagelayer_content":""},"product_brand":[],"product_cat":[21,108],"product_tag":[1097],"class_list":{"0":"post-91944","1":"product","2":"type-product","3":"status-publish","4":"has-post-thumbnail","6":"product_cat-chasse","7":"product_cat-equipements-chasse","8":"product_tag-do-all-outdoors","10":"first","11":"instock","12":"taxable","13":"shipping-taxable","14":"purchasable","15":"product-type-simple"},"acf":[],"jetpack_sharing_enabled":true,"_links":{"self":[{"href":"https:\/\/pavillonchassepeche.ca\/en\/wp-json\/wp\/v2\/product\/91944","targetHints":{"allow":["GET"]}}],"collection":[{"href":"https:\/\/pavillonchassepeche.ca\/en\/wp-json\/wp\/v2\/product"}],"about":[{"href":"https:\/\/pavillonchassepeche.ca\/en\/wp-json\/wp\/v2\/types\/product"}],"replies":[{"embeddable":true,"href":"https:\/\/pavillonchassepeche.ca\/en\/wp-json\/wp\/v2\/comments?post=91944"}],"version-history":[{"count":1,"href":"https:\/\/pavillonchassepeche.ca\/en\/wp-json\/wp\/v2\/product\/91944\/revisions"}],"predecessor-version":[{"id":91949,"href":"https:\/\/pavillonchassepeche.ca\/en\/wp-json\/wp\/v2\/product\/91944\/revisions\/91949"}],"wp:featuredmedia":[{"embeddable":true,"href":"https:\/\/pavillonchassepeche.ca\/en\/wp-json\/wp\/v2\/media\/91947"}],"wp:attachment":[{"href":"https:\/\/pavillonchassepeche.ca\/en\/wp-json\/wp\/v2\/media?parent=91944"}],"wp:term":[{"taxonomy":"product_brand","embeddable":true,"href":"https:\/\/pavillonchassepeche.ca\/en\/wp-json\/wp\/v2\/product_brand?post=91944"},{"taxonomy":"product_cat","embeddable":true,"href":"https:\/\/pavillonchassepeche.ca\/en\/wp-json\/wp\/v2\/product_cat?post=91944"},{"taxonomy":"product_tag","embeddable":true,"href":"https:\/\/pavillonchassepeche.ca\/en\/wp-json\/wp\/v2\/product_tag?post=91944"}],"curies":[{"name":"wp","href":"https:\/\/api.w.org\/{rel}","templated":true}]}}