{"id":91932,"date":"2025-11-21T14:50:06","date_gmt":"2025-11-21T19:50:06","guid":{"rendered":"https:\/\/pavillonchassepeche.ca\/?post_type=product&#038;p=91932"},"modified":"2025-12-02T09:26:20","modified_gmt":"2025-12-02T14:26:20","slug":"muddy-camera-cellulaire-mitigator-24mp-2-0","status":"publish","type":"product","link":"https:\/\/pavillonchassepeche.ca\/en\/product\/muddy-camera-cellulaire-mitigator-24mp-2-0\/","title":{"rendered":"MUDDY CAMERA CELLULAIRE MITIGATOR 24MP 2.0"},"content":{"rendered":"<p data-start=\"193\" data-end=\"492\">Cam\u00e9ra cellulaire de chasse et nature con\u00e7ue pour capturer des images et vid\u00e9os de haute qualit\u00e9 avec une r\u00e9solution de 24\u202fMP. \u00c9quip\u00e9e d\u2019un <strong data-start=\"333\" data-end=\"372\">d\u00e9tecteur de mouvement ultra-pr\u00e9cis<\/strong>, elle d\u00e9clenche automatiquement la prise de photo ou vid\u00e9o d\u00e8s qu\u2019un animal passe devant la cam\u00e9ra, sans le d\u00e9ranger.<\/p>\n<p data-start=\"494\" data-end=\"900\">Robuste et <strong data-start=\"505\" data-end=\"516\">\u00e9tanche<\/strong>, elle r\u00e9siste aux intemp\u00e9ries et aux conditions extr\u00eames en for\u00eat ou sur le terrain. Son syst\u00e8me de <strong data-start=\"617\" data-end=\"647\">vision nocturne infrarouge<\/strong> permet de photographier la faune dans l\u2019obscurit\u00e9 totale, avec des images claires et nettes. Compatible avec les t\u00e9l\u00e9phones intelligents, elle permet de <strong data-start=\"801\" data-end=\"846\">visualiser et g\u00e9rer les photos \u00e0 distance<\/strong>, ce qui simplifie grandement le suivi de vos sites.<\/p>\n<p data-start=\"902\" data-end=\"1066\">Facile \u00e0 configurer, cette cam\u00e9ra est id\u00e9ale pour les chasseurs, naturalistes et amateurs de plein air souhaitant surveiller la faune de fa\u00e7on discr\u00e8te et efficace.<\/p>\n<h3 data-start=\"1068\" data-end=\"1092\"><strong data-start=\"1072\" data-end=\"1092\">Caract\u00e9ristiques<\/strong><\/h3>\n<ul data-start=\"1093\" data-end=\"1339\">\n<li data-start=\"1093\" data-end=\"1121\">\n<p data-start=\"1095\" data-end=\"1121\">R\u00e9solution photo : 24\u202fMP<\/p>\n<\/li>\n<li data-start=\"1122\" data-end=\"1166\">\n<p data-start=\"1124\" data-end=\"1166\">D\u00e9tecteur de mouvement int\u00e9gr\u00e9 et pr\u00e9cis<\/p>\n<\/li>\n<li data-start=\"1167\" data-end=\"1194\">\n<p data-start=\"1169\" data-end=\"1194\">Enregistrement vid\u00e9o HD<\/p>\n<\/li>\n<li data-start=\"1195\" data-end=\"1225\">\n<p data-start=\"1197\" data-end=\"1225\">Vision nocturne infrarouge<\/p>\n<\/li>\n<li data-start=\"1226\" data-end=\"1248\">\n<p data-start=\"1228\" data-end=\"1248\">\u00c9tanche et robuste<\/p>\n<\/li>\n<li data-start=\"1249\" data-end=\"1303\">\n<p data-start=\"1251\" data-end=\"1303\">Compatible smartphone pour consultation \u00e0 distance<\/p>\n<\/li>\n<li data-start=\"1304\" data-end=\"1339\">\n<p data-start=\"1306\" data-end=\"1339\">Facile \u00e0 configurer et utiliser<\/p>\n<\/li>\n<\/ul>\n<h3 data-start=\"1341\" data-end=\"1363\"><strong data-start=\"1345\" data-end=\"1363\">Sp\u00e9cifications<\/strong><\/h3>\n<ul data-start=\"1364\" data-end=\"1507\">\n<li data-start=\"1364\" data-end=\"1397\">\n<p data-start=\"1366\" data-end=\"1397\">Port\u00e9e du capteur : env. 20\u202fm<\/p>\n<\/li>\n<li data-start=\"1398\" data-end=\"1452\">\n<p data-start=\"1400\" data-end=\"1452\">Type de batterie : 8 x AA ou batterie rechargeable<\/p>\n<\/li>\n<li data-start=\"1453\" data-end=\"1484\">\n<p data-start=\"1455\" data-end=\"1484\">Dimensions : 15 x 10 x 7\u202fcm<\/p>\n<\/li>\n<li data-start=\"1485\" data-end=\"1507\">\n<p data-start=\"1487\" data-end=\"1507\">Poids : env. 450\u202fg<\/p>\n<\/li>\n<\/ul>\n","protected":false},"excerpt":{"rendered":"<p>Cam\u00e9ra cellulaire de chasse et nature con\u00e7ue pour capturer des images et vid\u00e9os de haute qualit\u00e9 avec une r\u00e9solution de 24\u202fMP. \u00c9quip\u00e9e d\u2019un d\u00e9tecteur de mouvement ultra-pr\u00e9cis, elle d\u00e9clenche automatiquement la prise de photo ou vid\u00e9o d\u00e8s qu\u2019un animal passe devant la cam\u00e9ra, sans le d\u00e9ranger. Robuste et \u00e9tanche, elle r\u00e9siste aux intemp\u00e9ries et aux [&hellip;]<\/p>\n","protected":false},"featured_media":91935,"comment_status":"open","ping_status":"closed","template":"","meta":{"_acf_changed":false,"pagelayer_contact_templates":[],"_pagelayer_content":""},"product_brand":[],"product_cat":[96,21],"product_tag":[1096],"class_list":{"0":"post-91932","1":"product","2":"type-product","3":"status-publish","4":"has-post-thumbnail","6":"product_cat-accessoires-optiques","7":"product_cat-chasse","8":"product_tag-muddy","10":"first","11":"instock","12":"taxable","13":"shipping-taxable","14":"purchasable","15":"product-type-simple"},"acf":[],"jetpack_sharing_enabled":true,"_links":{"self":[{"href":"https:\/\/pavillonchassepeche.ca\/en\/wp-json\/wp\/v2\/product\/91932","targetHints":{"allow":["GET"]}}],"collection":[{"href":"https:\/\/pavillonchassepeche.ca\/en\/wp-json\/wp\/v2\/product"}],"about":[{"href":"https:\/\/pavillonchassepeche.ca\/en\/wp-json\/wp\/v2\/types\/product"}],"replies":[{"embeddable":true,"href":"https:\/\/pavillonchassepeche.ca\/en\/wp-json\/wp\/v2\/comments?post=91932"}],"version-history":[{"count":1,"href":"https:\/\/pavillonchassepeche.ca\/en\/wp-json\/wp\/v2\/product\/91932\/revisions"}],"predecessor-version":[{"id":91937,"href":"https:\/\/pavillonchassepeche.ca\/en\/wp-json\/wp\/v2\/product\/91932\/revisions\/91937"}],"wp:featuredmedia":[{"embeddable":true,"href":"https:\/\/pavillonchassepeche.ca\/en\/wp-json\/wp\/v2\/media\/91935"}],"wp:attachment":[{"href":"https:\/\/pavillonchassepeche.ca\/en\/wp-json\/wp\/v2\/media?parent=91932"}],"wp:term":[{"taxonomy":"product_brand","embeddable":true,"href":"https:\/\/pavillonchassepeche.ca\/en\/wp-json\/wp\/v2\/product_brand?post=91932"},{"taxonomy":"product_cat","embeddable":true,"href":"https:\/\/pavillonchassepeche.ca\/en\/wp-json\/wp\/v2\/product_cat?post=91932"},{"taxonomy":"product_tag","embeddable":true,"href":"https:\/\/pavillonchassepeche.ca\/en\/wp-json\/wp\/v2\/product_tag?post=91932"}],"curies":[{"name":"wp","href":"https:\/\/api.w.org\/{rel}","templated":true}]}}