{"id":91780,"date":"2025-10-22T16:08:11","date_gmt":"2025-10-22T20:08:11","guid":{"rendered":"https:\/\/pavillonchassepeche.ca\/?post_type=product&#038;p=91780"},"modified":"2025-10-22T16:08:11","modified_gmt":"2025-10-22T20:08:11","slug":"cz-457-log-range-precision-black-22lr-20brl","status":"publish","type":"product","link":"https:\/\/pavillonchassepeche.ca\/en\/product\/cz-457-log-range-precision-black-22lr-20brl\/","title":{"rendered":"CZ 457 LOG RANGE PRECISION BLACK 22LR 20&#8221;BRL"},"content":{"rendered":"<p data-start=\"66\" data-end=\"522\">Rifle \u00e0 verrou con\u00e7u pour le tir de pr\u00e9cision en .22 LR, le CZ 457 Long Range Precision (LRP) en finition noire combine la r\u00e9putation de CZ pour la fiabilit\u00e9 avec une configuration pens\u00e9e pour la pr\u00e9cision \u00e0 longue distance en calibre rimfire. Id\u00e9al pour l\u2019entrainement au tir, le plinking technique, le tir sportif et la chasse au petit gibier, ce mod\u00e8le offre une plate\u2011forme stable et pr\u00e9cise qui plaira autant aux tireurs exigeants qu\u2019aux instructeurs.<\/p>\n<h3 data-start=\"524\" data-end=\"550\"><strong data-start=\"528\" data-end=\"550\">Caract\u00e9ristiques :<\/strong><\/h3>\n<ul data-start=\"551\" data-end=\"1148\">\n<li data-start=\"551\" data-end=\"644\">\n<p data-start=\"553\" data-end=\"644\">Canon profil\u00e9 haute pr\u00e9cision de 20&#8243; pour une excellente stabilit\u00e9 de balle et pr\u00e9cision.<\/p>\n<\/li>\n<li data-start=\"645\" data-end=\"729\">\n<p data-start=\"647\" data-end=\"729\">Action \u00e0 verrou (bolt\u2011action) douce et fiable, pour des cycles de tir r\u00e9guliers.<\/p>\n<\/li>\n<li data-start=\"730\" data-end=\"817\">\n<p data-start=\"732\" data-end=\"817\">Crosse synth\u00e9tique noire, con\u00e7ue pour la rigidit\u00e9 et la r\u00e9sistance aux intemp\u00e9ries.<\/p>\n<\/li>\n<li data-start=\"818\" data-end=\"910\">\n<p data-start=\"820\" data-end=\"910\">D\u00e9tente r\u00e9glable (r\u00e9glages fins pour adapter le poids et la course selon l\u2019utilisateur).<\/p>\n<\/li>\n<li data-start=\"911\" data-end=\"982\">\n<p data-start=\"913\" data-end=\"982\">Chargeur amovible pour une manipulation et un rechargement rapides.<\/p>\n<\/li>\n<li data-start=\"983\" data-end=\"1074\">\n<p data-start=\"985\" data-end=\"1074\">Conception optimis\u00e9e pour l\u2019ajout d\u2019accessoires de pr\u00e9cision (bipied, montage optique).<\/p>\n<\/li>\n<li data-start=\"1075\" data-end=\"1148\">\n<p data-start=\"1077\" data-end=\"1148\">Finition noire sobre, polyvalente et r\u00e9sistante pour un usage intensif.<\/p>\n<\/li>\n<\/ul>\n<h3 data-start=\"1150\" data-end=\"1185\"><strong data-start=\"1154\" data-end=\"1185\">Sp\u00e9cifications techniques :<\/strong><\/h3>\n<ul data-start=\"1186\" data-end=\"1562\">\n<li data-start=\"1186\" data-end=\"1210\">\n<p data-start=\"1188\" data-end=\"1210\">Calibre : <strong data-start=\"1198\" data-end=\"1208\">.22 LR<\/strong><\/p>\n<\/li>\n<li data-start=\"1211\" data-end=\"1257\">\n<p data-start=\"1213\" data-end=\"1257\">Type d\u2019action : <strong data-start=\"1229\" data-end=\"1255\">Bolt\u2011action (\u00e0 verrou)<\/strong><\/p>\n<\/li>\n<li data-start=\"1258\" data-end=\"1295\">\n<p data-start=\"1260\" data-end=\"1295\">Longueur du canon : <strong data-start=\"1280\" data-end=\"1293\">20 pouces<\/strong><\/p>\n<\/li>\n<li data-start=\"1296\" data-end=\"1364\">\n<p data-start=\"1298\" data-end=\"1364\">Capacit\u00e9 du chargeur : <strong data-start=\"1321\" data-end=\"1362\">magasin amovible (en g\u00e9n\u00e9ral 5 coups)<\/strong><\/p>\n<\/li>\n<li data-start=\"1365\" data-end=\"1409\">\n<p data-start=\"1367\" data-end=\"1409\">Crosse : <strong data-start=\"1376\" data-end=\"1407\">synth\u00e9tique \u2013 couleur noire<\/strong><\/p>\n<\/li>\n<li data-start=\"1410\" data-end=\"1483\">\n<p data-start=\"1412\" data-end=\"1483\">Usage : <strong data-start=\"1420\" data-end=\"1481\">tir de pr\u00e9cision, entra\u00eenement, petit gibier, tir sportif<\/strong><\/p>\n<\/li>\n<li data-start=\"1484\" data-end=\"1562\">\n<p data-start=\"1486\" data-end=\"1562\">Compatibilit\u00e9 : pr\u00e9vue pour montages optiques (rail\/monture selon version)<\/p>\n<\/li>\n<\/ul>\n","protected":false},"excerpt":{"rendered":"<p>Rifle \u00e0 verrou con\u00e7u pour le tir de pr\u00e9cision en .22 LR, le CZ 457 Long Range Precision (LRP) en finition noire combine la r\u00e9putation de CZ pour la fiabilit\u00e9 avec une configuration pens\u00e9e pour la pr\u00e9cision \u00e0 longue distance en calibre rimfire. Id\u00e9al pour l\u2019entrainement au tir, le plinking technique, le tir sportif et [&hellip;]<\/p>\n","protected":false},"featured_media":91783,"comment_status":"open","ping_status":"closed","template":"","meta":{"_acf_changed":false,"pagelayer_contact_templates":[],"_pagelayer_content":""},"product_brand":[],"product_cat":[63,66,21],"product_tag":[901],"class_list":{"0":"post-91780","1":"product","2":"type-product","3":"status-publish","4":"has-post-thumbnail","6":"product_cat-armes-a-feu","7":"product_cat-armes-a-feu-carabines","8":"product_cat-chasse","9":"product_tag-cz","11":"first","12":"instock","13":"taxable","14":"shipping-taxable","15":"purchasable","16":"product-type-simple"},"acf":[],"jetpack_sharing_enabled":true,"_links":{"self":[{"href":"https:\/\/pavillonchassepeche.ca\/en\/wp-json\/wp\/v2\/product\/91780","targetHints":{"allow":["GET"]}}],"collection":[{"href":"https:\/\/pavillonchassepeche.ca\/en\/wp-json\/wp\/v2\/product"}],"about":[{"href":"https:\/\/pavillonchassepeche.ca\/en\/wp-json\/wp\/v2\/types\/product"}],"replies":[{"embeddable":true,"href":"https:\/\/pavillonchassepeche.ca\/en\/wp-json\/wp\/v2\/comments?post=91780"}],"version-history":[{"count":1,"href":"https:\/\/pavillonchassepeche.ca\/en\/wp-json\/wp\/v2\/product\/91780\/revisions"}],"predecessor-version":[{"id":91785,"href":"https:\/\/pavillonchassepeche.ca\/en\/wp-json\/wp\/v2\/product\/91780\/revisions\/91785"}],"wp:featuredmedia":[{"embeddable":true,"href":"https:\/\/pavillonchassepeche.ca\/en\/wp-json\/wp\/v2\/media\/91783"}],"wp:attachment":[{"href":"https:\/\/pavillonchassepeche.ca\/en\/wp-json\/wp\/v2\/media?parent=91780"}],"wp:term":[{"taxonomy":"product_brand","embeddable":true,"href":"https:\/\/pavillonchassepeche.ca\/en\/wp-json\/wp\/v2\/product_brand?post=91780"},{"taxonomy":"product_cat","embeddable":true,"href":"https:\/\/pavillonchassepeche.ca\/en\/wp-json\/wp\/v2\/product_cat?post=91780"},{"taxonomy":"product_tag","embeddable":true,"href":"https:\/\/pavillonchassepeche.ca\/en\/wp-json\/wp\/v2\/product_tag?post=91780"}],"curies":[{"name":"wp","href":"https:\/\/api.w.org\/{rel}","templated":true}]}}