{"id":90291,"date":"2025-10-06T16:31:48","date_gmt":"2025-10-06T20:31:48","guid":{"rendered":"https:\/\/pavillonchassepeche.ca\/?post_type=product&#038;p=90291"},"modified":"2025-10-06T16:31:49","modified_gmt":"2025-10-06T20:31:49","slug":"sage-igniter-590-4-5wt-9l-ultra-fats-action-4pcs","status":"publish","type":"product","link":"https:\/\/pavillonchassepeche.ca\/en\/product\/sage-igniter-590-4-5wt-9l-ultra-fats-action-4pcs\/","title":{"rendered":"SAGE IGNITER 590-4 5WT 9&#8217;L ULTRA-FATS ACTION 4PCS"},"content":{"rendered":"<p data-start=\"120\" data-end=\"661\">La <strong data-start=\"123\" data-end=\"149\">Sage Igniter 590-4 5WT<\/strong> est une canne \u00e0 mouche ultra-performante con\u00e7ue pour les p\u00eacheurs recherchant puissance, rapidit\u00e9 et pr\u00e9cision. Avec son action ultra-rapide et sa puissance 5WT, elle permet des lancers pr\u00e9cis sur de longues distances tout en gardant un contr\u00f4le optimal. Sa construction en 4 brins assure un transport facile sans compromettre la solidit\u00e9 et la flexibilit\u00e9 n\u00e9cessaires pour attraper des poissons combatifs. Parfaite pour les rivi\u00e8res et lacs, elle offre une exp\u00e9rience de p\u00eache exceptionnelle \u00e0 chaque lancer.<\/p>\n<p data-start=\"663\" data-end=\"687\"><strong data-start=\"663\" data-end=\"685\">Caract\u00e9ristiques :<\/strong><\/p>\n<ul data-start=\"688\" data-end=\"858\">\n<li data-start=\"688\" data-end=\"719\">\n<p data-start=\"690\" data-end=\"719\">Canne \u00e0 mouche 9 pieds, 5WT<\/p>\n<\/li>\n<li data-start=\"720\" data-end=\"772\">\n<p data-start=\"722\" data-end=\"772\">Action ultra-rapide pour lancers longs et pr\u00e9cis<\/p>\n<\/li>\n<li data-start=\"773\" data-end=\"825\">\n<p data-start=\"775\" data-end=\"825\">Construction en 4 brins pour un transport facile<\/p>\n<\/li>\n<li data-start=\"826\" data-end=\"858\">\n<p data-start=\"828\" data-end=\"858\">Id\u00e9ale pour rivi\u00e8res et lacs<\/p>\n<\/li>\n<\/ul>\n<p data-start=\"860\" data-end=\"893\"><strong data-start=\"860\" data-end=\"891\">Sp\u00e9cifications techniques :<\/strong><\/p>\n<ul data-start=\"894\" data-end=\"1025\">\n<li data-start=\"894\" data-end=\"909\">\n<p data-start=\"896\" data-end=\"909\">Poids : 5WT<\/p>\n<\/li>\n<li data-start=\"910\" data-end=\"932\">\n<p data-start=\"912\" data-end=\"932\">Longueur : 9 pieds<\/p>\n<\/li>\n<li data-start=\"933\" data-end=\"955\">\n<p data-start=\"935\" data-end=\"955\">Sections : 4 brins<\/p>\n<\/li>\n<li data-start=\"956\" data-end=\"982\">\n<p data-start=\"958\" data-end=\"982\">Ligne recommand\u00e9e : #5<\/p>\n<\/li>\n<li data-start=\"983\" data-end=\"1025\">\n<p data-start=\"985\" data-end=\"1025\">Mat\u00e9riau : carbone haut module Igniter<\/p>\n<\/li>\n<\/ul>\n","protected":false},"excerpt":{"rendered":"<p>La Sage Igniter 590-4 5WT est une canne \u00e0 mouche ultra-performante con\u00e7ue pour les p\u00eacheurs recherchant puissance, rapidit\u00e9 et pr\u00e9cision. Avec son action ultra-rapide et sa puissance 5WT, elle permet des lancers pr\u00e9cis sur de longues distances tout en gardant un contr\u00f4le optimal. Sa construction en 4 brins assure un transport facile sans compromettre la [&hellip;]<\/p>\n","protected":false},"featured_media":90295,"comment_status":"open","ping_status":"closed","template":"","meta":{"_acf_changed":false,"pagelayer_contact_templates":[],"_pagelayer_content":""},"product_brand":[],"product_cat":[144,162],"product_tag":[1086],"class_list":{"0":"post-90291","1":"product","2":"type-product","3":"status-publish","4":"has-post-thumbnail","6":"product_cat-peche","7":"product_cat-peche-a-la-mouche","8":"product_tag-sage","10":"first","11":"instock","12":"taxable","13":"shipping-taxable","14":"purchasable","15":"product-type-simple"},"acf":[],"jetpack_sharing_enabled":true,"_links":{"self":[{"href":"https:\/\/pavillonchassepeche.ca\/en\/wp-json\/wp\/v2\/product\/90291","targetHints":{"allow":["GET"]}}],"collection":[{"href":"https:\/\/pavillonchassepeche.ca\/en\/wp-json\/wp\/v2\/product"}],"about":[{"href":"https:\/\/pavillonchassepeche.ca\/en\/wp-json\/wp\/v2\/types\/product"}],"replies":[{"embeddable":true,"href":"https:\/\/pavillonchassepeche.ca\/en\/wp-json\/wp\/v2\/comments?post=90291"}],"version-history":[{"count":1,"href":"https:\/\/pavillonchassepeche.ca\/en\/wp-json\/wp\/v2\/product\/90291\/revisions"}],"predecessor-version":[{"id":90297,"href":"https:\/\/pavillonchassepeche.ca\/en\/wp-json\/wp\/v2\/product\/90291\/revisions\/90297"}],"wp:featuredmedia":[{"embeddable":true,"href":"https:\/\/pavillonchassepeche.ca\/en\/wp-json\/wp\/v2\/media\/90295"}],"wp:attachment":[{"href":"https:\/\/pavillonchassepeche.ca\/en\/wp-json\/wp\/v2\/media?parent=90291"}],"wp:term":[{"taxonomy":"product_brand","embeddable":true,"href":"https:\/\/pavillonchassepeche.ca\/en\/wp-json\/wp\/v2\/product_brand?post=90291"},{"taxonomy":"product_cat","embeddable":true,"href":"https:\/\/pavillonchassepeche.ca\/en\/wp-json\/wp\/v2\/product_cat?post=90291"},{"taxonomy":"product_tag","embeddable":true,"href":"https:\/\/pavillonchassepeche.ca\/en\/wp-json\/wp\/v2\/product_tag?post=90291"}],"curies":[{"name":"wp","href":"https:\/\/api.w.org\/{rel}","templated":true}]}}