{"id":90223,"date":"2025-10-06T14:30:13","date_gmt":"2025-10-06T18:30:13","guid":{"rendered":"https:\/\/pavillonchassepeche.ca\/?post_type=product&#038;p=90223"},"modified":"2025-10-06T14:30:13","modified_gmt":"2025-10-06T18:30:13","slug":"megabass-evoluzion-sp-c40-host-f2-1-2-611t1-s-611-4-12-lb","status":"publish","type":"product","link":"https:\/\/pavillonchassepeche.ca\/en\/product\/megabass-evoluzion-sp-c40-host-f2-1-2-611t1-s-611-4-12-lb\/","title":{"rendered":"MEGABASS EVOLUZION SP (C40-HOST) F2.1\/2-611T1-S 6&#8221;11 4-12 LB"},"content":{"rendered":"<p data-start=\"74\" data-end=\"561\">La canne Megabass Evoluzion SP (C40-HOST) F2.1\/2-611T1-S allie performance et pr\u00e9cision pour les p\u00eacheurs exigeants. Con\u00e7ue pour offrir un contr\u00f4le parfait sur chaque lancer, elle permet de travailler vos leurres avec finesse tout en supportant des combats intenses. Son \u00e9quilibre et sa sensibilit\u00e9 en font un outil id\u00e9al pour cibler diff\u00e9rents types de poissons dans diverses conditions, que ce soit en eau douce ou pr\u00e8s des structures difficiles d\u2019acc\u00e8s.<\/p>\n<p data-start=\"563\" data-end=\"587\"><strong data-start=\"563\" data-end=\"585\">Caract\u00e9ristiques :<\/strong><\/p>\n<ul data-start=\"588\" data-end=\"818\">\n<li data-start=\"588\" data-end=\"642\">\n<p data-start=\"590\" data-end=\"642\">Action rapide pour des lancers pr\u00e9cis et puissants<\/p>\n<\/li>\n<li data-start=\"643\" data-end=\"699\">\n<p data-start=\"645\" data-end=\"699\">Mat\u00e9riaux l\u00e9gers et robustes pour un confort optimal<\/p>\n<\/li>\n<li data-start=\"700\" data-end=\"754\">\n<p data-start=\"702\" data-end=\"754\">Parfaite pour manipuler une large gamme de leurres<\/p>\n<\/li>\n<li data-start=\"755\" data-end=\"818\">\n<p data-start=\"757\" data-end=\"818\">Sensibilit\u00e9 accrue pour d\u00e9tecter les touches les plus fines<\/p>\n<\/li>\n<\/ul>\n<p data-start=\"820\" data-end=\"853\"><strong data-start=\"820\" data-end=\"851\">Sp\u00e9cifications techniques :<\/strong><\/p>\n<ul data-start=\"854\" data-end=\"1001\">\n<li data-start=\"854\" data-end=\"914\">\n<p data-start=\"856\" data-end=\"914\">Mod\u00e8le : Megabass Evoluzion SP (C40-HOST) F2.1\/2-611T1-S<\/p>\n<\/li>\n<li data-start=\"915\" data-end=\"935\">\n<p data-start=\"917\" data-end=\"935\">Longueur : 6&#8217;11&#8221;<\/p>\n<\/li>\n<li data-start=\"936\" data-end=\"959\">\n<p data-start=\"938\" data-end=\"959\">Puissance : 4-12 lb<\/p>\n<\/li>\n<li data-start=\"960\" data-end=\"984\">\n<p data-start=\"962\" data-end=\"984\">Type : canne casting<\/p>\n<\/li>\n<li data-start=\"985\" data-end=\"1001\">\n<p data-start=\"987\" data-end=\"1001\">Sections : 1<\/p>\n<\/li>\n<\/ul>\n","protected":false},"excerpt":{"rendered":"<p>La canne Megabass Evoluzion SP (C40-HOST) F2.1\/2-611T1-S allie performance et pr\u00e9cision pour les p\u00eacheurs exigeants. Con\u00e7ue pour offrir un contr\u00f4le parfait sur chaque lancer, elle permet de travailler vos leurres avec finesse tout en supportant des combats intenses. Son \u00e9quilibre et sa sensibilit\u00e9 en font un outil id\u00e9al pour cibler diff\u00e9rents types de poissons dans [&hellip;]<\/p>\n","protected":false},"featured_media":90226,"comment_status":"open","ping_status":"closed","template":"","meta":{"_acf_changed":false,"pagelayer_contact_templates":[],"_pagelayer_content":""},"product_brand":[],"product_cat":[156,144],"product_tag":[1085],"class_list":{"0":"post-90223","1":"product","2":"type-product","3":"status-publish","4":"has-post-thumbnail","6":"product_cat-peche-cannes-moulinets","7":"product_cat-peche","8":"product_tag-megabass","10":"first","11":"instock","12":"taxable","13":"shipping-taxable","14":"purchasable","15":"product-type-simple"},"acf":[],"jetpack_sharing_enabled":true,"_links":{"self":[{"href":"https:\/\/pavillonchassepeche.ca\/en\/wp-json\/wp\/v2\/product\/90223","targetHints":{"allow":["GET"]}}],"collection":[{"href":"https:\/\/pavillonchassepeche.ca\/en\/wp-json\/wp\/v2\/product"}],"about":[{"href":"https:\/\/pavillonchassepeche.ca\/en\/wp-json\/wp\/v2\/types\/product"}],"replies":[{"embeddable":true,"href":"https:\/\/pavillonchassepeche.ca\/en\/wp-json\/wp\/v2\/comments?post=90223"}],"version-history":[{"count":1,"href":"https:\/\/pavillonchassepeche.ca\/en\/wp-json\/wp\/v2\/product\/90223\/revisions"}],"predecessor-version":[{"id":90228,"href":"https:\/\/pavillonchassepeche.ca\/en\/wp-json\/wp\/v2\/product\/90223\/revisions\/90228"}],"wp:featuredmedia":[{"embeddable":true,"href":"https:\/\/pavillonchassepeche.ca\/en\/wp-json\/wp\/v2\/media\/90226"}],"wp:attachment":[{"href":"https:\/\/pavillonchassepeche.ca\/en\/wp-json\/wp\/v2\/media?parent=90223"}],"wp:term":[{"taxonomy":"product_brand","embeddable":true,"href":"https:\/\/pavillonchassepeche.ca\/en\/wp-json\/wp\/v2\/product_brand?post=90223"},{"taxonomy":"product_cat","embeddable":true,"href":"https:\/\/pavillonchassepeche.ca\/en\/wp-json\/wp\/v2\/product_cat?post=90223"},{"taxonomy":"product_tag","embeddable":true,"href":"https:\/\/pavillonchassepeche.ca\/en\/wp-json\/wp\/v2\/product_tag?post=90223"}],"curies":[{"name":"wp","href":"https:\/\/api.w.org\/{rel}","templated":true}]}}