{"id":89756,"date":"2025-09-24T12:13:58","date_gmt":"2025-09-24T16:13:58","guid":{"rendered":"https:\/\/pavillonchassepeche.ca\/?post_type=product&#038;p=89756"},"modified":"2025-09-24T12:13:59","modified_gmt":"2025-09-24T16:13:59","slug":"poule-des-bois-polar-1-4-zip-carreaux-bruns-femme","status":"publish","type":"product","link":"https:\/\/pavillonchassepeche.ca\/en\/product\/poule-des-bois-polar-1-4-zip-carreaux-bruns-femme\/","title":{"rendered":"POULE DES BOIS POLAR 1\/4 ZIP CARREAUX BRUNS FEMME"},"content":{"rendered":"<p data-start=\"130\" data-end=\"474\">Restez bien au chaud tout en gardant un style forestier avec ce <strong data-start=\"194\" data-end=\"211\">Polar 1\/4 Zip<\/strong> pour femme sign\u00e9 Poule des Bois. Id\u00e9al pour les journ\u00e9es fra\u00eeches de chasse ou pour vos sorties en plein air, ce v\u00eatement combine confort, chaleur et durabilit\u00e9. Sa coupe pens\u00e9e pour les femmes assure libert\u00e9 de mouvement et confort tout au long de la journ\u00e9e.<\/p>\n<p data-start=\"476\" data-end=\"500\"><strong data-start=\"476\" data-end=\"498\">Caract\u00e9ristiques :<\/strong><\/p>\n<ul data-start=\"501\" data-end=\"714\">\n<li data-start=\"501\" data-end=\"565\">\n<p data-start=\"503\" data-end=\"565\">1\/4 zip pour un enfilage facile et une ventilation ajustable<\/p>\n<\/li>\n<li data-start=\"566\" data-end=\"611\">\n<p data-start=\"568\" data-end=\"611\">Motif carreaux bruns classique et \u00e9l\u00e9gant<\/p>\n<\/li>\n<li data-start=\"612\" data-end=\"655\">\n<p data-start=\"614\" data-end=\"655\">Coupe adapt\u00e9e \u00e0 la morphologie f\u00e9minine<\/p>\n<\/li>\n<li data-start=\"656\" data-end=\"714\">\n<p data-start=\"658\" data-end=\"714\">Manches longues avec finition confortable aux poignets<\/p>\n<\/li>\n<\/ul>\n<p data-start=\"716\" data-end=\"749\"><strong data-start=\"716\" data-end=\"747\">Sp\u00e9cifications techniques :<\/strong><\/p>\n<ul data-start=\"750\" data-end=\"915\">\n<li data-start=\"750\" data-end=\"793\">\n<p data-start=\"752\" data-end=\"793\">Mati\u00e8re : tissu polaire doux et isolant<\/p>\n<\/li>\n<li data-start=\"794\" data-end=\"828\">\n<p data-start=\"796\" data-end=\"828\">Entretien : lavable en machine<\/p>\n<\/li>\n<li data-start=\"829\" data-end=\"861\">\n<p data-start=\"831\" data-end=\"861\">Tailles disponibles : S \u00e0 XL<\/p>\n<\/li>\n<li data-start=\"862\" data-end=\"915\">\n<p data-start=\"864\" data-end=\"915\">Usage : chasse, plein air, activit\u00e9s quotidiennes<\/p>\n<\/li>\n<\/ul>\n","protected":false},"excerpt":{"rendered":"<p>Restez bien au chaud tout en gardant un style forestier avec ce Polar 1\/4 Zip pour femme sign\u00e9 Poule des Bois. Id\u00e9al pour les journ\u00e9es fra\u00eeches de chasse ou pour vos sorties en plein air, ce v\u00eatement combine confort, chaleur et durabilit\u00e9. Sa coupe pens\u00e9e pour les femmes assure libert\u00e9 de mouvement et confort tout [&hellip;]<\/p>\n","protected":false},"featured_media":89759,"comment_status":"open","ping_status":"closed","template":"","meta":{"_acf_changed":false,"pagelayer_contact_templates":[],"_pagelayer_content":""},"product_brand":[],"product_cat":[220,197],"product_tag":[843],"class_list":{"0":"post-89756","1":"product","2":"type-product","3":"status-publish","4":"has-post-thumbnail","6":"product_cat-vetements-chandails-et-chemises","7":"product_cat-vetements","8":"product_tag-poule-de-bois","10":"first","11":"instock","12":"taxable","13":"shipping-taxable","14":"purchasable","15":"product-type-variable"},"acf":[],"jetpack_sharing_enabled":true,"_links":{"self":[{"href":"https:\/\/pavillonchassepeche.ca\/en\/wp-json\/wp\/v2\/product\/89756","targetHints":{"allow":["GET"]}}],"collection":[{"href":"https:\/\/pavillonchassepeche.ca\/en\/wp-json\/wp\/v2\/product"}],"about":[{"href":"https:\/\/pavillonchassepeche.ca\/en\/wp-json\/wp\/v2\/types\/product"}],"replies":[{"embeddable":true,"href":"https:\/\/pavillonchassepeche.ca\/en\/wp-json\/wp\/v2\/comments?post=89756"}],"version-history":[{"count":1,"href":"https:\/\/pavillonchassepeche.ca\/en\/wp-json\/wp\/v2\/product\/89756\/revisions"}],"predecessor-version":[{"id":89770,"href":"https:\/\/pavillonchassepeche.ca\/en\/wp-json\/wp\/v2\/product\/89756\/revisions\/89770"}],"wp:featuredmedia":[{"embeddable":true,"href":"https:\/\/pavillonchassepeche.ca\/en\/wp-json\/wp\/v2\/media\/89759"}],"wp:attachment":[{"href":"https:\/\/pavillonchassepeche.ca\/en\/wp-json\/wp\/v2\/media?parent=89756"}],"wp:term":[{"taxonomy":"product_brand","embeddable":true,"href":"https:\/\/pavillonchassepeche.ca\/en\/wp-json\/wp\/v2\/product_brand?post=89756"},{"taxonomy":"product_cat","embeddable":true,"href":"https:\/\/pavillonchassepeche.ca\/en\/wp-json\/wp\/v2\/product_cat?post=89756"},{"taxonomy":"product_tag","embeddable":true,"href":"https:\/\/pavillonchassepeche.ca\/en\/wp-json\/wp\/v2\/product_tag?post=89756"}],"curies":[{"name":"wp","href":"https:\/\/api.w.org\/{rel}","templated":true}]}}