{"id":89613,"date":"2025-09-23T14:29:09","date_gmt":"2025-09-23T18:29:09","guid":{"rendered":"https:\/\/pavillonchassepeche.ca\/?post_type=product&#038;p=89613"},"modified":"2025-09-23T14:29:09","modified_gmt":"2025-09-23T18:29:09","slug":"boyt-harness-company-hu101-mesh-vest-orange","status":"publish","type":"product","link":"https:\/\/pavillonchassepeche.ca\/en\/product\/boyt-harness-company-hu101-mesh-vest-orange\/","title":{"rendered":"BOYT HARNESS COMPANY HU101 MESH VEST ORANGE"},"content":{"rendered":"<p data-start=\"137\" data-end=\"569\">Alliez confort et s\u00e9curit\u00e9 sur le terrain avec le gilet Boyt Harness Company HU101 Mesh Vest en orange. Con\u00e7u sp\u00e9cialement pour les chasseurs, ce gilet l\u00e9ger et respirant offre une excellente ventilation gr\u00e2ce \u00e0 son design en maille. Sa couleur orange haute visibilit\u00e9 am\u00e9liore la s\u00e9curit\u00e9, tandis que ses multiples poches pratiques vous permettent de transporter facilement vos accessoires de chasse.<\/p>\n<p data-start=\"571\" data-end=\"595\"><strong data-start=\"571\" data-end=\"593\">Caract\u00e9ristiques :<\/strong><\/p>\n<ul data-start=\"596\" data-end=\"794\">\n<li data-start=\"596\" data-end=\"642\">\n<p data-start=\"598\" data-end=\"642\">Gilet de chasse Boyt Harness Company HU101<\/p>\n<\/li>\n<li data-start=\"643\" data-end=\"694\">\n<p data-start=\"645\" data-end=\"694\">Design en maille pour une meilleure ventilation<\/p>\n<\/li>\n<li data-start=\"695\" data-end=\"743\">\n<p data-start=\"697\" data-end=\"743\">Couleur orange fluo pour une s\u00e9curit\u00e9 accrue<\/p>\n<\/li>\n<li data-start=\"744\" data-end=\"794\">\n<p data-start=\"746\" data-end=\"794\">Multiples poches pour accessoires et munitions<\/p>\n<\/li>\n<\/ul>\n<p data-start=\"796\" data-end=\"829\"><strong data-start=\"796\" data-end=\"827\">Sp\u00e9cifications techniques :<\/strong><\/p>\n<ul data-start=\"830\" data-end=\"1015\">\n<li data-start=\"830\" data-end=\"880\">\n<p data-start=\"832\" data-end=\"880\">Mat\u00e9riaux : tissu robuste et maille respirante<\/p>\n<\/li>\n<li data-start=\"881\" data-end=\"918\">\n<p data-start=\"883\" data-end=\"918\">Couleur : orange haute visibilit\u00e9<\/p>\n<\/li>\n<li data-start=\"919\" data-end=\"965\">\n<p data-start=\"921\" data-end=\"965\">Taille : disponible en plusieurs grandeurs<\/p>\n<\/li>\n<li data-start=\"966\" data-end=\"1015\">\n<p data-start=\"968\" data-end=\"1015\">Id\u00e9al pour la chasse et activit\u00e9s ext\u00e9rieures<\/p>\n<\/li>\n<\/ul>\n","protected":false},"excerpt":{"rendered":"<p>Alliez confort et s\u00e9curit\u00e9 sur le terrain avec le gilet Boyt Harness Company HU101 Mesh Vest en orange. Con\u00e7u sp\u00e9cialement pour les chasseurs, ce gilet l\u00e9ger et respirant offre une excellente ventilation gr\u00e2ce \u00e0 son design en maille. Sa couleur orange haute visibilit\u00e9 am\u00e9liore la s\u00e9curit\u00e9, tandis que ses multiples poches pratiques vous permettent de [&hellip;]<\/p>\n","protected":false},"featured_media":89616,"comment_status":"open","ping_status":"closed","template":"","meta":{"_acf_changed":false,"pagelayer_contact_templates":[],"_pagelayer_content":""},"product_brand":[],"product_cat":[220,197],"product_tag":[1080],"class_list":{"0":"post-89613","1":"product","2":"type-product","3":"status-publish","4":"has-post-thumbnail","6":"product_cat-vetements-chandails-et-chemises","7":"product_cat-vetements","8":"product_tag-boyt","10":"first","11":"instock","12":"taxable","13":"shipping-taxable","14":"purchasable","15":"product-type-variable"},"acf":[],"jetpack_sharing_enabled":true,"_links":{"self":[{"href":"https:\/\/pavillonchassepeche.ca\/en\/wp-json\/wp\/v2\/product\/89613","targetHints":{"allow":["GET"]}}],"collection":[{"href":"https:\/\/pavillonchassepeche.ca\/en\/wp-json\/wp\/v2\/product"}],"about":[{"href":"https:\/\/pavillonchassepeche.ca\/en\/wp-json\/wp\/v2\/types\/product"}],"replies":[{"embeddable":true,"href":"https:\/\/pavillonchassepeche.ca\/en\/wp-json\/wp\/v2\/comments?post=89613"}],"version-history":[{"count":1,"href":"https:\/\/pavillonchassepeche.ca\/en\/wp-json\/wp\/v2\/product\/89613\/revisions"}],"predecessor-version":[{"id":89627,"href":"https:\/\/pavillonchassepeche.ca\/en\/wp-json\/wp\/v2\/product\/89613\/revisions\/89627"}],"wp:featuredmedia":[{"embeddable":true,"href":"https:\/\/pavillonchassepeche.ca\/en\/wp-json\/wp\/v2\/media\/89616"}],"wp:attachment":[{"href":"https:\/\/pavillonchassepeche.ca\/en\/wp-json\/wp\/v2\/media?parent=89613"}],"wp:term":[{"taxonomy":"product_brand","embeddable":true,"href":"https:\/\/pavillonchassepeche.ca\/en\/wp-json\/wp\/v2\/product_brand?post=89613"},{"taxonomy":"product_cat","embeddable":true,"href":"https:\/\/pavillonchassepeche.ca\/en\/wp-json\/wp\/v2\/product_cat?post=89613"},{"taxonomy":"product_tag","embeddable":true,"href":"https:\/\/pavillonchassepeche.ca\/en\/wp-json\/wp\/v2\/product_tag?post=89613"}],"curies":[{"name":"wp","href":"https:\/\/api.w.org\/{rel}","templated":true}]}}