{"id":89567,"date":"2025-09-23T13:26:44","date_gmt":"2025-09-23T17:26:44","guid":{"rendered":"https:\/\/pavillonchassepeche.ca\/?post_type=product&#038;p=89567"},"modified":"2025-09-23T13:26:44","modified_gmt":"2025-09-23T17:26:44","slug":"nature-tracks-couvre-chaussures-sans-odeur-orange","status":"publish","type":"product","link":"https:\/\/pavillonchassepeche.ca\/en\/product\/nature-tracks-couvre-chaussures-sans-odeur-orange\/","title":{"rendered":"NATURE TRACKS COUVRE CHAUSSURES SANS ODEUR ORANGE"},"content":{"rendered":"<p data-start=\"122\" data-end=\"549\">Prot\u00e9gez vos chaussures tout en restant visible sur le terrain avec ces couvre\u2011chaussures Nature Tracks sans odeur en orange. Con\u00e7us pour les chasseurs, ils offrent une protection contre la boue, l\u2019humidit\u00e9 et les odeurs, tout en assurant confort et discr\u00e9tion. Leur couleur vive garantit une meilleure visibilit\u00e9 pour la s\u00e9curit\u00e9, tandis que le design pratique facilite l\u2019enfilage et le retrait.<\/p>\n<p data-start=\"551\" data-end=\"575\"><strong data-start=\"551\" data-end=\"573\">Caract\u00e9ristiques :<\/strong><\/p>\n<ul data-start=\"576\" data-end=\"749\">\n<li data-start=\"576\" data-end=\"621\">\n<p data-start=\"578\" data-end=\"621\">Couvre\u2011chaussures orange haute visibilit\u00e9<\/p>\n<\/li>\n<li data-start=\"622\" data-end=\"672\">\n<p data-start=\"624\" data-end=\"672\">Technologie sans odeur pour plus de discr\u00e9tion<\/p>\n<\/li>\n<li data-start=\"673\" data-end=\"716\">\n<p data-start=\"675\" data-end=\"716\">Protection contre la boue et l\u2019humidit\u00e9<\/p>\n<\/li>\n<li data-start=\"717\" data-end=\"749\">\n<p data-start=\"719\" data-end=\"749\">Faciles \u00e0 enfiler et retirer<\/p>\n<\/li>\n<\/ul>\n<p data-start=\"751\" data-end=\"784\"><strong data-start=\"751\" data-end=\"782\">Sp\u00e9cifications techniques :<\/strong><\/p>\n<ul data-start=\"785\" data-end=\"961\">\n<li data-start=\"785\" data-end=\"839\">\n<p data-start=\"787\" data-end=\"839\">Mati\u00e8re : tissu synth\u00e9tique durable et imperm\u00e9able<\/p>\n<\/li>\n<li data-start=\"840\" data-end=\"880\">\n<p data-start=\"842\" data-end=\"880\">Taille : ajustable selon la pointure<\/p>\n<\/li>\n<li data-start=\"881\" data-end=\"908\">\n<p data-start=\"883\" data-end=\"908\">Lavable et r\u00e9utilisable<\/p>\n<\/li>\n<li data-start=\"909\" data-end=\"961\">\n<p data-start=\"911\" data-end=\"961\">Convient pour la chasse et activit\u00e9s ext\u00e9rieures<\/p>\n<\/li>\n<\/ul>\n","protected":false},"excerpt":{"rendered":"<p>Prot\u00e9gez vos chaussures tout en restant visible sur le terrain avec ces couvre\u2011chaussures Nature Tracks sans odeur en orange. Con\u00e7us pour les chasseurs, ils offrent une protection contre la boue, l\u2019humidit\u00e9 et les odeurs, tout en assurant confort et discr\u00e9tion. Leur couleur vive garantit une meilleure visibilit\u00e9 pour la s\u00e9curit\u00e9, tandis que le design pratique [&hellip;]<\/p>\n","protected":false},"featured_media":89570,"comment_status":"open","ping_status":"closed","template":"","meta":{"_acf_changed":false,"pagelayer_contact_templates":[],"_pagelayer_content":""},"product_brand":[],"product_cat":[198,197],"product_tag":[1078],"class_list":{"0":"post-89567","1":"product","2":"type-product","3":"status-publish","4":"has-post-thumbnail","6":"product_cat-vetements-bottes-chaussures","7":"product_cat-vetements","8":"product_tag-nature-tracks","10":"first","11":"instock","12":"taxable","13":"shipping-taxable","14":"purchasable","15":"product-type-simple"},"acf":[],"jetpack_sharing_enabled":true,"_links":{"self":[{"href":"https:\/\/pavillonchassepeche.ca\/en\/wp-json\/wp\/v2\/product\/89567","targetHints":{"allow":["GET"]}}],"collection":[{"href":"https:\/\/pavillonchassepeche.ca\/en\/wp-json\/wp\/v2\/product"}],"about":[{"href":"https:\/\/pavillonchassepeche.ca\/en\/wp-json\/wp\/v2\/types\/product"}],"replies":[{"embeddable":true,"href":"https:\/\/pavillonchassepeche.ca\/en\/wp-json\/wp\/v2\/comments?post=89567"}],"version-history":[{"count":1,"href":"https:\/\/pavillonchassepeche.ca\/en\/wp-json\/wp\/v2\/product\/89567\/revisions"}],"predecessor-version":[{"id":89572,"href":"https:\/\/pavillonchassepeche.ca\/en\/wp-json\/wp\/v2\/product\/89567\/revisions\/89572"}],"wp:featuredmedia":[{"embeddable":true,"href":"https:\/\/pavillonchassepeche.ca\/en\/wp-json\/wp\/v2\/media\/89570"}],"wp:attachment":[{"href":"https:\/\/pavillonchassepeche.ca\/en\/wp-json\/wp\/v2\/media?parent=89567"}],"wp:term":[{"taxonomy":"product_brand","embeddable":true,"href":"https:\/\/pavillonchassepeche.ca\/en\/wp-json\/wp\/v2\/product_brand?post=89567"},{"taxonomy":"product_cat","embeddable":true,"href":"https:\/\/pavillonchassepeche.ca\/en\/wp-json\/wp\/v2\/product_cat?post=89567"},{"taxonomy":"product_tag","embeddable":true,"href":"https:\/\/pavillonchassepeche.ca\/en\/wp-json\/wp\/v2\/product_tag?post=89567"}],"curies":[{"name":"wp","href":"https:\/\/api.w.org\/{rel}","templated":true}]}}