{"id":88475,"date":"2025-07-28T14:15:53","date_gmt":"2025-07-28T18:15:53","guid":{"rendered":"https:\/\/pavillonchassepeche.ca\/?post_type=product&#038;p=88475"},"modified":"2026-02-26T10:44:08","modified_gmt":"2026-02-26T15:44:08","slug":"brunton-truarc-5-baseplate-compass","status":"publish","type":"product","link":"https:\/\/pavillonchassepeche.ca\/en\/product\/brunton-truarc-5-baseplate-compass\/","title":{"rendered":"BRUNTON TRUARC 5 BASEPLATE COMPASS"},"content":{"rendered":"<p data-start=\"121\" data-end=\"667\">Compacte, pr\u00e9cise et facile \u00e0 utiliser, la boussole Brunton TruArc 5 est con\u00e7ue pour les amateurs de plein air qui veulent garder le cap, que ce soit en randonn\u00e9e, en exp\u00e9dition ou en situation d\u2019urgence. Dot\u00e9e d\u2019une aiguille globale et du syst\u00e8me TruArc&#x2122;, elle reste fiable partout sur la plan\u00e8te, sans n\u00e9cessiter de r\u00e9ajustement pour l\u2019h\u00e9misph\u00e8re. Sa plaque de base transparente facilite la lecture des cartes topographiques, et ses rep\u00e8res phosphorescents assurent une bonne visibilit\u00e9 m\u00eame en faible luminosit\u00e9.<\/p>\n<p data-start=\"669\" data-end=\"693\"><strong data-start=\"669\" data-end=\"691\">Caract\u00e9ristiques :<\/strong><\/p>\n<ul data-start=\"694\" data-end=\"896\">\n<li data-start=\"694\" data-end=\"733\">\n<p data-start=\"696\" data-end=\"733\">Aiguille globale aimant Ever-North&#x2122;<\/p>\n<\/li>\n<li data-start=\"734\" data-end=\"788\">\n<p data-start=\"736\" data-end=\"788\">Syst\u00e8me TruArc&#x2122; sans correction magn\u00e9tique requise<\/p>\n<\/li>\n<li data-start=\"789\" data-end=\"844\">\n<p data-start=\"791\" data-end=\"844\">Marqueurs phosphorescents pour une lecture nocturne<\/p>\n<\/li>\n<li data-start=\"845\" data-end=\"873\">\n<p data-start=\"847\" data-end=\"873\">R\u00e8gle de mesure int\u00e9gr\u00e9e<\/p>\n<\/li>\n<li data-start=\"874\" data-end=\"896\">\n<p data-start=\"876\" data-end=\"896\">Compacte et l\u00e9g\u00e8re<\/p>\n<\/li>\n<\/ul>\n<p data-start=\"898\" data-end=\"931\"><strong data-start=\"898\" data-end=\"929\">Sp\u00e9cifications techniques :<\/strong><\/p>\n<ul data-start=\"932\" data-end=\"1104\">\n<li data-start=\"932\" data-end=\"968\">\n<p data-start=\"934\" data-end=\"968\">Type : Boussole \u00e0 plaque de base<\/p>\n<\/li>\n<li data-start=\"969\" data-end=\"1002\">\n<p data-start=\"971\" data-end=\"1002\">Poids : Environ 1,8 oz (50 g)<\/p>\n<\/li>\n<li data-start=\"1003\" data-end=\"1038\">\n<p data-start=\"1005\" data-end=\"1038\">\u00c9chelle : pouces et millim\u00e8tres<\/p>\n<\/li>\n<li data-start=\"1039\" data-end=\"1075\">\n<p data-start=\"1041\" data-end=\"1075\">Dimensions : Environ 11 x 5,5 cm<\/p>\n<\/li>\n<li data-start=\"1076\" data-end=\"1104\">\n<p data-start=\"1078\" data-end=\"1104\">Fabrication : \u00c9tats-Unis<\/p>\n<\/li>\n<\/ul>\n","protected":false},"excerpt":{"rendered":"<p>Compacte, pr\u00e9cise et facile \u00e0 utiliser, la boussole Brunton TruArc 5 est con\u00e7ue pour les amateurs de plein air qui veulent garder le cap, que ce soit en randonn\u00e9e, en exp\u00e9dition ou en situation d\u2019urgence. Dot\u00e9e d\u2019une aiguille globale et du syst\u00e8me TruArc&#x2122;, elle reste fiable partout sur la plan\u00e8te, sans n\u00e9cessiter de r\u00e9ajustement pour [&hellip;]<\/p>\n","protected":false},"featured_media":88476,"comment_status":"open","ping_status":"closed","template":"","meta":{"_acf_changed":false,"pagelayer_contact_templates":[],"_pagelayer_content":""},"product_brand":[],"product_cat":[110,1110],"product_tag":[1074],"class_list":{"0":"post-88475","1":"product","2":"type-product","3":"status-publish","4":"has-post-thumbnail","6":"product_cat-plein-air","7":"product_cat-plein-air-randonnee-et-accessoires","8":"product_tag-brunton","10":"first","11":"instock","12":"taxable","13":"shipping-taxable","14":"purchasable","15":"product-type-simple"},"acf":[],"jetpack_sharing_enabled":true,"_links":{"self":[{"href":"https:\/\/pavillonchassepeche.ca\/en\/wp-json\/wp\/v2\/product\/88475","targetHints":{"allow":["GET"]}}],"collection":[{"href":"https:\/\/pavillonchassepeche.ca\/en\/wp-json\/wp\/v2\/product"}],"about":[{"href":"https:\/\/pavillonchassepeche.ca\/en\/wp-json\/wp\/v2\/types\/product"}],"replies":[{"embeddable":true,"href":"https:\/\/pavillonchassepeche.ca\/en\/wp-json\/wp\/v2\/comments?post=88475"}],"version-history":[{"count":2,"href":"https:\/\/pavillonchassepeche.ca\/en\/wp-json\/wp\/v2\/product\/88475\/revisions"}],"predecessor-version":[{"id":93461,"href":"https:\/\/pavillonchassepeche.ca\/en\/wp-json\/wp\/v2\/product\/88475\/revisions\/93461"}],"wp:featuredmedia":[{"embeddable":true,"href":"https:\/\/pavillonchassepeche.ca\/en\/wp-json\/wp\/v2\/media\/88476"}],"wp:attachment":[{"href":"https:\/\/pavillonchassepeche.ca\/en\/wp-json\/wp\/v2\/media?parent=88475"}],"wp:term":[{"taxonomy":"product_brand","embeddable":true,"href":"https:\/\/pavillonchassepeche.ca\/en\/wp-json\/wp\/v2\/product_brand?post=88475"},{"taxonomy":"product_cat","embeddable":true,"href":"https:\/\/pavillonchassepeche.ca\/en\/wp-json\/wp\/v2\/product_cat?post=88475"},{"taxonomy":"product_tag","embeddable":true,"href":"https:\/\/pavillonchassepeche.ca\/en\/wp-json\/wp\/v2\/product_tag?post=88475"}],"curies":[{"name":"wp","href":"https:\/\/api.w.org\/{rel}","templated":true}]}}