{"id":86084,"date":"2025-07-16T14:01:23","date_gmt":"2025-07-16T18:01:23","guid":{"rendered":"https:\/\/pavillonchassepeche.ca\/product\/modular-telescopic-extension-beretta-9\/"},"modified":"2025-11-19T15:07:33","modified_gmt":"2025-11-19T20:07:33","slug":"modular-telescopic-extension-beretta-9","status":"publish","type":"product","link":"https:\/\/pavillonchassepeche.ca\/en\/product\/modular-telescopic-extension-beretta-9\/","title":{"rendered":"MODULAR TELESCOPIC  EXTENSION BERETTA"},"content":{"rendered":"<p data-start=\"130\" data-end=\"651\">Optimisez votre exp\u00e9rience de tir avec le <strong data-start=\"212\" data-end=\"244\">MODULAR TELESCOPIC EXTENSION<\/strong>, un chargeur con\u00e7u pour offrir une flexibilit\u00e9 et une performance accrues. Gr\u00e2ce \u00e0 sa conception modulaire, il s\u2019adapte facilement \u00e0 vos besoins et vous permet d\u2019augmenter la capacit\u00e9 de votre arme en un clin d\u2019\u0153il. Que ce soit pour l\u2019entra\u00eenement, la comp\u00e9tition ou les sorties en plein air, cet accessoire fiable et durable est un incontournable pour tout tireur cherchant \u00e0 maximiser ses performances.<\/p>\n<p data-start=\"653\" data-end=\"677\"><strong data-start=\"653\" data-end=\"675\">Caract\u00e9ristiques :<\/strong><\/p>\n<ul data-start=\"678\" data-end=\"873\">\n<li data-start=\"678\" data-end=\"728\">\n<p data-start=\"680\" data-end=\"728\">Conception modulaire pour une extension facile<\/p>\n<\/li>\n<li data-start=\"729\" data-end=\"774\">\n<p data-start=\"731\" data-end=\"774\">Ajustement t\u00e9lescopique selon vos besoins<\/p>\n<\/li>\n<li data-start=\"775\" data-end=\"820\">\n<p data-start=\"777\" data-end=\"820\">Compatible avec plusieurs mod\u00e8les d\u2019armes<\/p>\n<\/li>\n<li data-start=\"821\" data-end=\"873\">\n<p data-start=\"823\" data-end=\"873\">Fabrication robuste pour une durabilit\u00e9 maximale<\/p>\n<\/li>\n<\/ul>\n<p data-start=\"875\" data-end=\"908\"><strong data-start=\"875\" data-end=\"906\">Sp\u00e9cifications techniques :<\/strong><\/p>\n<ul data-start=\"909\" data-end=\"1061\">\n<li data-start=\"909\" data-end=\"946\">\n<p data-start=\"911\" data-end=\"946\">Mat\u00e9riau : M\u00e9tal de haute qualit\u00e9<\/p>\n<\/li>\n<li data-start=\"947\" data-end=\"986\">\n<p data-start=\"949\" data-end=\"986\">Capacit\u00e9 : Variable selon extension<\/p>\n<\/li>\n<li data-start=\"987\" data-end=\"1032\">\n<p data-start=\"989\" data-end=\"1032\">Poids : L\u00e9ger pour une manipulation ais\u00e9e<\/p>\n<\/li>\n<li data-start=\"1033\" data-end=\"1061\">\n<p data-start=\"1035\" data-end=\"1061\">Finition : Anticorrosion<\/p>\n<\/li>\n<\/ul>\n","protected":false},"excerpt":{"rendered":"<p>Neuf<\/p>\n","protected":false},"featured_media":91928,"comment_status":"open","ping_status":"closed","template":"","meta":{"_acf_changed":false,"pagelayer_contact_templates":[],"_pagelayer_content":""},"product_brand":[],"product_cat":[63,21,71],"product_tag":[360],"class_list":{"0":"post-86084","1":"product","2":"type-product","3":"status-publish","4":"has-post-thumbnail","6":"product_cat-armes-a-feu","7":"product_cat-chasse","8":"product_cat-armes-a-feu-entretien-pieces","9":"product_tag-beretta","11":"first","12":"instock","13":"taxable","14":"shipping-taxable","15":"purchasable","16":"product-type-simple"},"acf":[],"jetpack_sharing_enabled":true,"_links":{"self":[{"href":"https:\/\/pavillonchassepeche.ca\/en\/wp-json\/wp\/v2\/product\/86084","targetHints":{"allow":["GET"]}}],"collection":[{"href":"https:\/\/pavillonchassepeche.ca\/en\/wp-json\/wp\/v2\/product"}],"about":[{"href":"https:\/\/pavillonchassepeche.ca\/en\/wp-json\/wp\/v2\/types\/product"}],"replies":[{"embeddable":true,"href":"https:\/\/pavillonchassepeche.ca\/en\/wp-json\/wp\/v2\/comments?post=86084"}],"version-history":[{"count":4,"href":"https:\/\/pavillonchassepeche.ca\/en\/wp-json\/wp\/v2\/product\/86084\/revisions"}],"predecessor-version":[{"id":91930,"href":"https:\/\/pavillonchassepeche.ca\/en\/wp-json\/wp\/v2\/product\/86084\/revisions\/91930"}],"wp:featuredmedia":[{"embeddable":true,"href":"https:\/\/pavillonchassepeche.ca\/en\/wp-json\/wp\/v2\/media\/91928"}],"wp:attachment":[{"href":"https:\/\/pavillonchassepeche.ca\/en\/wp-json\/wp\/v2\/media?parent=86084"}],"wp:term":[{"taxonomy":"product_brand","embeddable":true,"href":"https:\/\/pavillonchassepeche.ca\/en\/wp-json\/wp\/v2\/product_brand?post=86084"},{"taxonomy":"product_cat","embeddable":true,"href":"https:\/\/pavillonchassepeche.ca\/en\/wp-json\/wp\/v2\/product_cat?post=86084"},{"taxonomy":"product_tag","embeddable":true,"href":"https:\/\/pavillonchassepeche.ca\/en\/wp-json\/wp\/v2\/product_tag?post=86084"}],"curies":[{"name":"wp","href":"https:\/\/api.w.org\/{rel}","templated":true}]}}