{"id":86083,"date":"2025-07-16T14:01:15","date_gmt":"2025-07-16T18:01:15","guid":{"rendered":"https:\/\/pavillonchassepeche.ca\/product\/carlsons-delta-waterfowl-20ga-2pk-mr-lr-beretta-benelli\/"},"modified":"2025-07-16T15:40:59","modified_gmt":"2025-07-16T19:40:59","slug":"carlsons-delta-waterfowl-20ga-2pk-mr-lr-beretta-benelli","status":"publish","type":"product","link":"https:\/\/pavillonchassepeche.ca\/en\/product\/carlsons-delta-waterfowl-20ga-2pk-mr-lr-beretta-benelli\/","title":{"rendered":"CARLSON&#8217;S DELTA WATERFOWL 20GA 2PK MR\/LR BERETTA\/BENELLI"},"content":{"rendered":"<p data-start=\"193\" data-end=\"740\">Le <strong data-start=\"196\" data-end=\"234\">Carlson\u2019s Delta Waterfowl 20GA 2PK<\/strong> est un ensemble de chokes de haute qualit\u00e9 con\u00e7us sp\u00e9cialement pour les fusils Beretta et Benelli calibre 20. Ce pack comprend deux chokes, Medium Range (MR) et Long Range (LR), permettant d\u2019adapter la dispersion des plombs selon la distance de tir pour une pr\u00e9cision optimale \u00e0 chaque coup. Fabriqu\u00e9s avec des mat\u00e9riaux robustes, ces chokes offrent durabilit\u00e9 et performance, id\u00e9aux pour la chasse au gibier d\u2019eau. Faciles \u00e0 installer, ils permettent au tireur de maximiser son efficacit\u00e9 sur le terrain.<\/p>\n<hr data-start=\"742\" data-end=\"745\" \/>\n<p data-start=\"747\" data-end=\"771\"><strong data-start=\"747\" data-end=\"769\">Caract\u00e9ristiques :<\/strong><\/p>\n<ul data-start=\"772\" data-end=\"1035\">\n<li data-start=\"772\" data-end=\"831\">\n<p data-start=\"774\" data-end=\"831\">Pack de 2 chokes : Medium Range (MR) et Long Range (LR)<\/p>\n<\/li>\n<li data-start=\"832\" data-end=\"888\">\n<p data-start=\"834\" data-end=\"888\">Compatible avec fusils Beretta et Benelli calibre 20<\/p>\n<\/li>\n<li data-start=\"889\" data-end=\"946\">\n<p data-start=\"891\" data-end=\"946\">Am\u00e9liore la pr\u00e9cision et le contr\u00f4le de la dispersion<\/p>\n<\/li>\n<li data-start=\"947\" data-end=\"998\">\n<p data-start=\"949\" data-end=\"998\">Mat\u00e9riaux durables et r\u00e9sistants \u00e0 la corrosion<\/p>\n<\/li>\n<li data-start=\"999\" data-end=\"1035\">\n<p data-start=\"1001\" data-end=\"1035\">Installation rapide et s\u00e9curitaire<\/p>\n<\/li>\n<\/ul>\n<p data-start=\"1037\" data-end=\"1070\"><strong data-start=\"1037\" data-end=\"1068\">Sp\u00e9cifications techniques :<\/strong><\/p>\n<ul data-start=\"1071\" data-end=\"1279\">\n<li data-start=\"1071\" data-end=\"1093\">\n<p data-start=\"1073\" data-end=\"1093\">Calibre : 20 Gauge<\/p>\n<\/li>\n<li data-start=\"1094\" data-end=\"1128\">\n<p data-start=\"1096\" data-end=\"1128\">Type : Chokes interchangeables<\/p>\n<\/li>\n<li data-start=\"1129\" data-end=\"1171\">\n<p data-start=\"1131\" data-end=\"1171\">Compatibilit\u00e9 : Beretta \/ Benelli 20GA<\/p>\n<\/li>\n<li data-start=\"1172\" data-end=\"1221\">\n<p data-start=\"1174\" data-end=\"1221\">Usage : Chasse au gibier d\u2019eau et tir sportif<\/p>\n<\/li>\n<li data-start=\"1222\" data-end=\"1279\">\n<p data-start=\"1224\" data-end=\"1279\">Finition : Acier inoxydable ou traitement anticorrosion<\/p>\n<\/li>\n<\/ul>\n","protected":false},"excerpt":{"rendered":"<p>Neuf<\/p>\n","protected":false},"featured_media":86119,"comment_status":"open","ping_status":"closed","template":"","meta":{"_acf_changed":false,"pagelayer_contact_templates":[],"_pagelayer_content":""},"product_brand":[],"product_cat":[63,21,71],"product_tag":[360],"class_list":{"0":"post-86083","1":"product","2":"type-product","3":"status-publish","4":"has-post-thumbnail","6":"product_cat-armes-a-feu","7":"product_cat-chasse","8":"product_cat-armes-a-feu-entretien-pieces","9":"product_tag-beretta","11":"first","12":"instock","13":"taxable","14":"shipping-taxable","15":"purchasable","16":"product-type-simple"},"acf":[],"jetpack_sharing_enabled":true,"_links":{"self":[{"href":"https:\/\/pavillonchassepeche.ca\/en\/wp-json\/wp\/v2\/product\/86083","targetHints":{"allow":["GET"]}}],"collection":[{"href":"https:\/\/pavillonchassepeche.ca\/en\/wp-json\/wp\/v2\/product"}],"about":[{"href":"https:\/\/pavillonchassepeche.ca\/en\/wp-json\/wp\/v2\/types\/product"}],"replies":[{"embeddable":true,"href":"https:\/\/pavillonchassepeche.ca\/en\/wp-json\/wp\/v2\/comments?post=86083"}],"version-history":[{"count":3,"href":"https:\/\/pavillonchassepeche.ca\/en\/wp-json\/wp\/v2\/product\/86083\/revisions"}],"predecessor-version":[{"id":86121,"href":"https:\/\/pavillonchassepeche.ca\/en\/wp-json\/wp\/v2\/product\/86083\/revisions\/86121"}],"wp:featuredmedia":[{"embeddable":true,"href":"https:\/\/pavillonchassepeche.ca\/en\/wp-json\/wp\/v2\/media\/86119"}],"wp:attachment":[{"href":"https:\/\/pavillonchassepeche.ca\/en\/wp-json\/wp\/v2\/media?parent=86083"}],"wp:term":[{"taxonomy":"product_brand","embeddable":true,"href":"https:\/\/pavillonchassepeche.ca\/en\/wp-json\/wp\/v2\/product_brand?post=86083"},{"taxonomy":"product_cat","embeddable":true,"href":"https:\/\/pavillonchassepeche.ca\/en\/wp-json\/wp\/v2\/product_cat?post=86083"},{"taxonomy":"product_tag","embeddable":true,"href":"https:\/\/pavillonchassepeche.ca\/en\/wp-json\/wp\/v2\/product_tag?post=86083"}],"curies":[{"name":"wp","href":"https:\/\/api.w.org\/{rel}","templated":true}]}}