{"id":86079,"date":"2025-07-16T14:01:14","date_gmt":"2025-07-16T18:01:14","guid":{"rendered":"https:\/\/pavillonchassepeche.ca\/product\/beretta-m9a3-177-18rds-magazine\/"},"modified":"2025-07-16T16:39:31","modified_gmt":"2025-07-16T20:39:31","slug":"beretta-m9a3-177-18rds-magazine","status":"publish","type":"product","link":"https:\/\/pavillonchassepeche.ca\/en\/product\/beretta-m9a3-177-18rds-magazine\/","title":{"rendered":"BERETTA M9A3 .177 18RDS MAGAZINE"},"content":{"rendered":"<p data-start=\"145\" data-end=\"638\">Le <strong data-start=\"148\" data-end=\"186\">chargeur Beretta M9A3 calibre .177<\/strong> est con\u00e7u pour offrir une capacit\u00e9 \u00e9tendue et une alimentation fiable \u00e0 votre pistolet \u00e0 air comprim\u00e9. Compatible avec le mod\u00e8le Beretta M9A3 airsoft ou airgun, ce chargeur peut contenir jusqu\u2019\u00e0 <strong data-start=\"382\" data-end=\"394\">18 coups<\/strong> (BBs calibre .177). Fabriqu\u00e9 avec des mat\u00e9riaux robustes, il assure un rechargement rapide et fluide pour des sessions de tir prolong\u00e9es sans interruption. Un accessoire indispensable pour les amateurs de tir sportif et de r\u00e9pliques r\u00e9alistes.<\/p>\n<hr data-start=\"640\" data-end=\"643\" \/>\n<p data-start=\"645\" data-end=\"669\"><strong data-start=\"645\" data-end=\"667\">Caract\u00e9ristiques :<\/strong><\/p>\n<ul data-start=\"670\" data-end=\"884\">\n<li data-start=\"670\" data-end=\"719\">\n<p data-start=\"672\" data-end=\"719\">Chargeur de rechange pour Beretta M9A3 airgun<\/p>\n<\/li>\n<li data-start=\"720\" data-end=\"755\">\n<p data-start=\"722\" data-end=\"755\">Capacit\u00e9 de 18 BBs calibre .177<\/p>\n<\/li>\n<li data-start=\"756\" data-end=\"790\">\n<p data-start=\"758\" data-end=\"790\">Fabrication robuste et durable<\/p>\n<\/li>\n<li data-start=\"791\" data-end=\"820\">\n<p data-start=\"793\" data-end=\"820\">Recharge facile et rapide<\/p>\n<\/li>\n<li data-start=\"821\" data-end=\"884\">\n<p data-start=\"823\" data-end=\"884\">Compatible uniquement avec Beretta M9A3 mod\u00e8le airsoft\/airgun<\/p>\n<\/li>\n<\/ul>\n<p data-start=\"886\" data-end=\"919\"><strong data-start=\"886\" data-end=\"917\">Sp\u00e9cifications techniques :<\/strong><\/p>\n<ul data-start=\"920\" data-end=\"1078\">\n<li data-start=\"920\" data-end=\"947\">\n<p data-start=\"922\" data-end=\"947\">Calibre : .177 BB acier<\/p>\n<\/li>\n<li data-start=\"948\" data-end=\"971\">\n<p data-start=\"950\" data-end=\"971\">Capacit\u00e9 : 18 coups<\/p>\n<\/li>\n<li data-start=\"972\" data-end=\"1014\">\n<p data-start=\"974\" data-end=\"1014\">Mat\u00e9riaux : polym\u00e8re renforc\u00e9 et m\u00e9tal<\/p>\n<\/li>\n<li data-start=\"1015\" data-end=\"1061\">\n<p data-start=\"1017\" data-end=\"1061\">Usage : tir sportif, airsoft, entra\u00eenement<\/p>\n<\/li>\n<li data-start=\"1062\" data-end=\"1078\">\n<p data-start=\"1064\" data-end=\"1078\">Couleur : noir<\/p>\n<\/li>\n<\/ul>\n","protected":false},"excerpt":{"rendered":"<p>Neuf<\/p>\n","protected":false},"featured_media":86136,"comment_status":"open","ping_status":"closed","template":"","meta":{"_acf_changed":false,"pagelayer_contact_templates":[],"_pagelayer_content":""},"product_brand":[],"product_cat":[63,21,71],"product_tag":[],"class_list":{"0":"post-86079","1":"product","2":"type-product","3":"status-publish","4":"has-post-thumbnail","6":"product_cat-armes-a-feu","7":"product_cat-chasse","8":"product_cat-armes-a-feu-entretien-pieces","10":"first","11":"instock","12":"taxable","13":"shipping-taxable","14":"purchasable","15":"product-type-simple"},"acf":[],"jetpack_sharing_enabled":true,"_links":{"self":[{"href":"https:\/\/pavillonchassepeche.ca\/en\/wp-json\/wp\/v2\/product\/86079","targetHints":{"allow":["GET"]}}],"collection":[{"href":"https:\/\/pavillonchassepeche.ca\/en\/wp-json\/wp\/v2\/product"}],"about":[{"href":"https:\/\/pavillonchassepeche.ca\/en\/wp-json\/wp\/v2\/types\/product"}],"replies":[{"embeddable":true,"href":"https:\/\/pavillonchassepeche.ca\/en\/wp-json\/wp\/v2\/comments?post=86079"}],"version-history":[{"count":3,"href":"https:\/\/pavillonchassepeche.ca\/en\/wp-json\/wp\/v2\/product\/86079\/revisions"}],"predecessor-version":[{"id":86138,"href":"https:\/\/pavillonchassepeche.ca\/en\/wp-json\/wp\/v2\/product\/86079\/revisions\/86138"}],"wp:featuredmedia":[{"embeddable":true,"href":"https:\/\/pavillonchassepeche.ca\/en\/wp-json\/wp\/v2\/media\/86136"}],"wp:attachment":[{"href":"https:\/\/pavillonchassepeche.ca\/en\/wp-json\/wp\/v2\/media?parent=86079"}],"wp:term":[{"taxonomy":"product_brand","embeddable":true,"href":"https:\/\/pavillonchassepeche.ca\/en\/wp-json\/wp\/v2\/product_brand?post=86079"},{"taxonomy":"product_cat","embeddable":true,"href":"https:\/\/pavillonchassepeche.ca\/en\/wp-json\/wp\/v2\/product_cat?post=86079"},{"taxonomy":"product_tag","embeddable":true,"href":"https:\/\/pavillonchassepeche.ca\/en\/wp-json\/wp\/v2\/product_tag?post=86079"}],"curies":[{"name":"wp","href":"https:\/\/api.w.org\/{rel}","templated":true}]}}