{"id":86069,"date":"2025-07-16T14:01:12","date_gmt":"2025-07-16T18:01:12","guid":{"rendered":"https:\/\/pavillonchassepeche.ca\/product\/beretta-1301-tactical-fde-12ga-semi-auto-18-5-ws-pica-rail-3\/"},"modified":"2025-10-02T13:36:51","modified_gmt":"2025-10-02T17:36:51","slug":"beretta-1301-tactical-fde-12ga-semi-auto-18-5-ws-pica-rail-3","status":"publish","type":"product","link":"https:\/\/pavillonchassepeche.ca\/en\/product\/beretta-1301-tactical-fde-12ga-semi-auto-18-5-ws-pica-rail-3\/","title":{"rendered":"BERETTA 1301 TACTICAL FDE 12GA SEMI-AUTO 18.5&#8221; WS PICA RAIL"},"content":{"rendered":"<p data-start=\"152\" data-end=\"688\">Le Beretta 1301 Tactical FDE est un fusil semi-automatique 12 gauge con\u00e7u pour la performance tactique et la fiabilit\u00e9 sur le terrain. Avec son canon de 18,5 pouces et son rail Pica, il offre une excellente pr\u00e9cision et la possibilit\u00e9 de monter facilement des accessoires. Sa finition Flat Dark Earth (FDE) lui conf\u00e8re un look moderne tout en restant discret sur le terrain. Id\u00e9al pour la d\u00e9fense personnelle, le tir sportif ou les situations tactiques, ce fusil combine robustesse, rapidit\u00e9 et ergonomie.<\/p>\n<p data-start=\"690\" data-end=\"726\"><strong data-start=\"690\" data-end=\"724\">Caract\u00e9ristiques principales :<\/strong><\/p>\n<ul data-start=\"727\" data-end=\"890\">\n<li data-start=\"727\" data-end=\"752\">\n<p data-start=\"729\" data-end=\"752\">Semi-automatique 12GA<\/p>\n<\/li>\n<li data-start=\"753\" data-end=\"777\">\n<p data-start=\"755\" data-end=\"777\">Canon de 18,5 pouces<\/p>\n<\/li>\n<li data-start=\"778\" data-end=\"816\">\n<p data-start=\"780\" data-end=\"816\">Rail Pica int\u00e9gr\u00e9 pour accessoires<\/p>\n<\/li>\n<li data-start=\"817\" data-end=\"851\">\n<p data-start=\"819\" data-end=\"851\">Finition Flat Dark Earth (FDE)<\/p>\n<\/li>\n<li data-start=\"852\" data-end=\"890\">\n<p data-start=\"854\" data-end=\"890\">Syst\u00e8me de charge rapide et fiable<\/p>\n<\/li>\n<\/ul>\n<p data-start=\"892\" data-end=\"925\"><strong data-start=\"892\" data-end=\"923\">Sp\u00e9cifications techniques :<\/strong><\/p>\n<ul data-start=\"926\" data-end=\"1125\">\n<li data-start=\"926\" data-end=\"962\">\n<p data-start=\"928\" data-end=\"962\">Longueur totale : 950 mm environ<\/p>\n<\/li>\n<li data-start=\"963\" data-end=\"1014\">\n<p data-start=\"965\" data-end=\"1014\">Capacit\u00e9 : variable selon r\u00e9glementation locale<\/p>\n<\/li>\n<li data-start=\"1015\" data-end=\"1041\">\n<p data-start=\"1017\" data-end=\"1041\">Poids : 3,3 kg environ<\/p>\n<\/li>\n<li data-start=\"1042\" data-end=\"1080\">\n<p data-start=\"1044\" data-end=\"1080\">Type de culasse : semi-automatique<\/p>\n<\/li>\n<li data-start=\"1081\" data-end=\"1125\">\n<p data-start=\"1083\" data-end=\"1125\">Compatibilit\u00e9 : cartouches 12GA standard<\/p>\n<\/li>\n<\/ul>\n","protected":false},"excerpt":{"rendered":"<p>Neuf<\/p>\n","protected":false},"featured_media":90065,"comment_status":"open","ping_status":"closed","template":"","meta":{"_acf_changed":false,"pagelayer_contact_templates":[],"_pagelayer_content":""},"product_brand":[],"product_cat":[63,21,67],"product_tag":[360],"class_list":{"0":"post-86069","1":"product","2":"type-product","3":"status-publish","4":"has-post-thumbnail","6":"product_cat-armes-a-feu","7":"product_cat-chasse","8":"product_cat-armes-a-feu-fusils","9":"product_tag-beretta","11":"first","12":"instock","13":"taxable","14":"shipping-taxable","15":"purchasable","16":"product-type-simple"},"acf":[],"jetpack_sharing_enabled":true,"_links":{"self":[{"href":"https:\/\/pavillonchassepeche.ca\/en\/wp-json\/wp\/v2\/product\/86069","targetHints":{"allow":["GET"]}}],"collection":[{"href":"https:\/\/pavillonchassepeche.ca\/en\/wp-json\/wp\/v2\/product"}],"about":[{"href":"https:\/\/pavillonchassepeche.ca\/en\/wp-json\/wp\/v2\/types\/product"}],"replies":[{"embeddable":true,"href":"https:\/\/pavillonchassepeche.ca\/en\/wp-json\/wp\/v2\/comments?post=86069"}],"version-history":[{"count":3,"href":"https:\/\/pavillonchassepeche.ca\/en\/wp-json\/wp\/v2\/product\/86069\/revisions"}],"predecessor-version":[{"id":90067,"href":"https:\/\/pavillonchassepeche.ca\/en\/wp-json\/wp\/v2\/product\/86069\/revisions\/90067"}],"wp:featuredmedia":[{"embeddable":true,"href":"https:\/\/pavillonchassepeche.ca\/en\/wp-json\/wp\/v2\/media\/90065"}],"wp:attachment":[{"href":"https:\/\/pavillonchassepeche.ca\/en\/wp-json\/wp\/v2\/media?parent=86069"}],"wp:term":[{"taxonomy":"product_brand","embeddable":true,"href":"https:\/\/pavillonchassepeche.ca\/en\/wp-json\/wp\/v2\/product_brand?post=86069"},{"taxonomy":"product_cat","embeddable":true,"href":"https:\/\/pavillonchassepeche.ca\/en\/wp-json\/wp\/v2\/product_cat?post=86069"},{"taxonomy":"product_tag","embeddable":true,"href":"https:\/\/pavillonchassepeche.ca\/en\/wp-json\/wp\/v2\/product_tag?post=86069"}],"curies":[{"name":"wp","href":"https:\/\/api.w.org\/{rel}","templated":true}]}}