{"id":81767,"date":"2025-04-18T17:02:41","date_gmt":"2025-04-18T21:02:41","guid":{"rendered":"https:\/\/pavillonchassepeche.ca\/?post_type=product&#038;p=81767"},"modified":"2026-02-17T16:21:21","modified_gmt":"2026-02-17T21:21:21","slug":"stealth-cam-cameras-cellulaire-revolver-pro-360","status":"publish","type":"product","link":"https:\/\/pavillonchassepeche.ca\/en\/product\/stealth-cam-cameras-cellulaire-revolver-pro-360\/","title":{"rendered":"STEALTH CAM CAM\u00c9RAS CELLULAIRE &#8221;REVOLVER PRO 360&#8221;"},"content":{"rendered":"<p>REVOLVER PRO&#x2122; \/ 40MP \/ 360\u00b0 CELLULAR TRAIL CAMERA Nouveau pour 2024 ! Nouvelle cam\u00e9ra de sentier cellulaire \u00e0 360 degr\u00e9s r\u00e9volutionnaire. Revolver Pro apporte des fonctionnalit\u00e9s avanc\u00e9es jamais vues auparavant dans une cam\u00e9ra cellulaire de trail. Offre une d\u00e9tection de mouvement \u00e0 360 degr\u00e9s avec une port\u00e9e de 100 pieds<\/p>\n","protected":false},"excerpt":{"rendered":"<p>REVOLVER PRO&#x2122; \/ 40MP \/ 360\u00b0 CELLULAR TRAIL CAMERA Nouveau pour 2024 ! Nouvelle cam\u00e9ra de sentier cellulaire \u00e0 360 degr\u00e9s r\u00e9volutionnaire. Revolver Pro apporte des fonctionnalit\u00e9s avanc\u00e9es jamais vues auparavant dans une cam\u00e9ra cellulaire de trail. Offre une d\u00e9tection de mouvement \u00e0 360 degr\u00e9s avec une port\u00e9e de 100 pieds<\/p>\n","protected":false},"featured_media":81765,"comment_status":"open","ping_status":"closed","template":"","meta":{"_acf_changed":false,"pagelayer_contact_templates":[],"_pagelayer_content":""},"product_brand":[],"product_cat":[96,21],"product_tag":[829],"class_list":{"0":"post-81767","1":"product","2":"type-product","3":"status-publish","4":"has-post-thumbnail","6":"product_cat-accessoires-optiques","7":"product_cat-chasse","8":"product_tag-stealth-cam","10":"first","11":"instock","12":"taxable","13":"shipping-taxable","14":"purchasable","15":"product-type-simple"},"acf":[],"jetpack_sharing_enabled":true,"_links":{"self":[{"href":"https:\/\/pavillonchassepeche.ca\/en\/wp-json\/wp\/v2\/product\/81767","targetHints":{"allow":["GET"]}}],"collection":[{"href":"https:\/\/pavillonchassepeche.ca\/en\/wp-json\/wp\/v2\/product"}],"about":[{"href":"https:\/\/pavillonchassepeche.ca\/en\/wp-json\/wp\/v2\/types\/product"}],"replies":[{"embeddable":true,"href":"https:\/\/pavillonchassepeche.ca\/en\/wp-json\/wp\/v2\/comments?post=81767"}],"version-history":[{"count":2,"href":"https:\/\/pavillonchassepeche.ca\/en\/wp-json\/wp\/v2\/product\/81767\/revisions"}],"predecessor-version":[{"id":93444,"href":"https:\/\/pavillonchassepeche.ca\/en\/wp-json\/wp\/v2\/product\/81767\/revisions\/93444"}],"wp:featuredmedia":[{"embeddable":true,"href":"https:\/\/pavillonchassepeche.ca\/en\/wp-json\/wp\/v2\/media\/81765"}],"wp:attachment":[{"href":"https:\/\/pavillonchassepeche.ca\/en\/wp-json\/wp\/v2\/media?parent=81767"}],"wp:term":[{"taxonomy":"product_brand","embeddable":true,"href":"https:\/\/pavillonchassepeche.ca\/en\/wp-json\/wp\/v2\/product_brand?post=81767"},{"taxonomy":"product_cat","embeddable":true,"href":"https:\/\/pavillonchassepeche.ca\/en\/wp-json\/wp\/v2\/product_cat?post=81767"},{"taxonomy":"product_tag","embeddable":true,"href":"https:\/\/pavillonchassepeche.ca\/en\/wp-json\/wp\/v2\/product_tag?post=81767"}],"curies":[{"name":"wp","href":"https:\/\/api.w.org\/{rel}","templated":true}]}}