{"id":81690,"date":"2025-04-18T16:59:44","date_gmt":"2025-04-18T20:59:44","guid":{"rendered":"https:\/\/pavillonchassepeche.ca\/?post_type=product&#038;p=81690"},"modified":"2026-02-17T16:29:25","modified_gmt":"2026-02-17T21:29:25","slug":"columbia-steens-mountain-polaire-a-bouton-pression","status":"publish","type":"product","link":"https:\/\/pavillonchassepeche.ca\/en\/product\/columbia-steens-mountain-polaire-a-bouton-pression\/","title":{"rendered":"COLUMBIA STEENS MOUNTAIN POLAIRE A BOUTON PRESSION"},"content":{"rendered":"<p>L\u2019une de nos polaires les plus populaires donne un nouveau look \u00e0 ce pull doux et \u00e0 une encolure ajustable \u00e0 boutons-pression pour une couverture adaptable. Une collection de couleurs neutres, tonales et m\u00eame quelques touches de couleurs vous permet de faire le plein de vos nuances pr\u00e9f\u00e9r\u00e9es.<\/p>\n<p>Sp\u00e9cifications du produit<\/p>\n<p>* Tissus : 100% polyester MTR filament fleece 250g<\/p>\n<p>* Coupe : R\u00e9gulier<\/p>\n<p>* Longueur : 30,5 po<\/p>\n","protected":false},"excerpt":{"rendered":"<p>L\u2019une de nos polaires les plus populaires donne un nouveau look \u00e0 ce pull doux et \u00e0 une encolure ajustable \u00e0 boutons-pression pour une couverture adaptable. Une collection de couleurs neutres, tonales et m\u00eame quelques touches de couleurs vous permet de faire le plein de vos nuances pr\u00e9f\u00e9r\u00e9es. Sp\u00e9cifications du produit * Tissus : 100% [&hellip;]<\/p>\n","protected":false},"featured_media":81686,"comment_status":"open","ping_status":"closed","template":"","meta":{"_acf_changed":false,"pagelayer_contact_templates":[],"_pagelayer_content":""},"product_brand":[],"product_cat":[220,235,197],"product_tag":[334],"class_list":{"0":"post-81690","1":"product","2":"type-product","3":"status-publish","4":"has-post-thumbnail","6":"product_cat-vetements-chandails-et-chemises","7":"product_cat-vetements-manteaux-pantalons","8":"product_cat-vetements","9":"product_tag-columbia","11":"first","12":"instock","13":"taxable","14":"shipping-taxable","15":"purchasable","16":"product-type-variable"},"acf":[],"jetpack_sharing_enabled":true,"_links":{"self":[{"href":"https:\/\/pavillonchassepeche.ca\/en\/wp-json\/wp\/v2\/product\/81690","targetHints":{"allow":["GET"]}}],"collection":[{"href":"https:\/\/pavillonchassepeche.ca\/en\/wp-json\/wp\/v2\/product"}],"about":[{"href":"https:\/\/pavillonchassepeche.ca\/en\/wp-json\/wp\/v2\/types\/product"}],"replies":[{"embeddable":true,"href":"https:\/\/pavillonchassepeche.ca\/en\/wp-json\/wp\/v2\/comments?post=81690"}],"version-history":[{"count":1,"href":"https:\/\/pavillonchassepeche.ca\/en\/wp-json\/wp\/v2\/product\/81690\/revisions"}],"predecessor-version":[{"id":82557,"href":"https:\/\/pavillonchassepeche.ca\/en\/wp-json\/wp\/v2\/product\/81690\/revisions\/82557"}],"wp:featuredmedia":[{"embeddable":true,"href":"https:\/\/pavillonchassepeche.ca\/en\/wp-json\/wp\/v2\/media\/81686"}],"wp:attachment":[{"href":"https:\/\/pavillonchassepeche.ca\/en\/wp-json\/wp\/v2\/media?parent=81690"}],"wp:term":[{"taxonomy":"product_brand","embeddable":true,"href":"https:\/\/pavillonchassepeche.ca\/en\/wp-json\/wp\/v2\/product_brand?post=81690"},{"taxonomy":"product_cat","embeddable":true,"href":"https:\/\/pavillonchassepeche.ca\/en\/wp-json\/wp\/v2\/product_cat?post=81690"},{"taxonomy":"product_tag","embeddable":true,"href":"https:\/\/pavillonchassepeche.ca\/en\/wp-json\/wp\/v2\/product_tag?post=81690"}],"curies":[{"name":"wp","href":"https:\/\/api.w.org\/{rel}","templated":true}]}}