{"id":81675,"date":"2025-04-18T16:58:43","date_gmt":"2025-04-18T20:58:43","guid":{"rendered":"https:\/\/pavillonchassepeche.ca\/?post_type=product&#038;p=81675"},"modified":"2026-02-17T16:32:12","modified_gmt":"2026-02-17T21:32:12","slug":"spypoint-flex-plus","status":"publish","type":"product","link":"https:\/\/pavillonchassepeche.ca\/en\/product\/spypoint-flex-plus\/","title":{"rendered":"SPYPOINT &#8221;FLEX-PLUS&#8221;"},"content":{"rendered":"<p>La configuration de la FLEX-PLUS est simple gr\u00e2ce \u00e0 l&#8217;activation mobile et aux boutons sur la cam\u00e9ra qui vous permettent de formater la carte microSD requise (non incluse) et de prendre une photo test.<\/p>\n<\/p>\n<p>La cam\u00e9ra est dot\u00e9e de quatre modes de capture : Photo, Vid\u00e9o, Intervalle, et Intervalle+. La fonction Intervalle prend des photos \u00e0 l&#8217;intervalle de votre choix. La fonction Intervalle+ prend des photos \u00e0 l&#8217;intervalle de votre choix et lorsque le capteur de d\u00e9tection de la cam\u00e9ra se d\u00e9clenche, ce qui est parfait pour surveiller de vastes zones au-del\u00e0 de la port\u00e9e de d\u00e9tection de la cam\u00e9ra. La cam\u00e9ra FLEX-PLUS est \u00e9galement dot\u00e9e du Mode instantan\u00e9, qui vous permet de modifier les param\u00e8tres et faire des requ\u00eates sur demande de photos et de vid\u00e9os haute d\u00e9finition instantan\u00e9ment par l&#8217;entremise de l&#8217;application SPYPOINT. Le d\u00e9clencheur r\u00e9actif optimise les param\u00e8tres de la cam\u00e9ra pour atteindre les conditions exactes au moment de la prise afin d&#8217;obtenir la meilleure qualit\u00e9 d&#8217;image, \u00e0 chaque fois. \u00c9quip\u00e9e de la technologie de capture en continu, la FLEX PLUS peut envoyer et capturer simultan\u00e9ment, pour que vous ne manquiez pas une minute d&#8217;action sur le terrain. La cam\u00e9ra FLEX-PLUS de SPYPOINT est \u00e9quip\u00e9e d&#8217;un GPS pour utiliser la fonction Cartes de l&#8217;application SPYPOINT.<\/p>\n<p>&#8211;<\/p>\n<p>Setting up the FLEX-PLUS is simple, with mobile activation and on-camera buttons that allow you to format the required microSD card (not included) and take a test photo.<\/p>\n<\/p>\n<p>The camera offers four capture modes: Photo, Video, Time-Lapse, and Time-Lapse+. The Time-Lapse function takes photos at your preferred interval. The Time-Lapse+ function takes photos at your preferred interval and when the camera\u2019s detection sensor is triggered, perfect for monitoring large areas beyond the camera\u2019s detection range. The FLEX-PLUS also features Instant Mode, which allows you to change settings and request on-demand or high-definition photos and videos instantly via the SPYPOINT app. The responsive trigger optimizes the camera\u2019s settings for the exact conditions at the time of the photo to deliver the best quality image, every time. Equipped with Constant Capture technology, the FLEX-PLUS can send and capture simultaneously, so you won\u2019t miss a minute of action in the field. The FLEX-PLUS is also GPS-enabled to work with the maps feature on the SPYPOINT app.<\/p>\n","protected":false},"excerpt":{"rendered":"<p>La configuration de la FLEX-PLUS est simple gr\u00e2ce \u00e0 l&#8217;activation mobile et aux boutons sur la cam\u00e9ra qui vous permettent de formater la carte microSD requise (non incluse) et de prendre une photo test. La cam\u00e9ra est dot\u00e9e de quatre modes de capture : Photo, Vid\u00e9o, Intervalle, et Intervalle+. La fonction Intervalle prend des photos [&hellip;]<\/p>\n","protected":false},"featured_media":81673,"comment_status":"open","ping_status":"closed","template":"","meta":{"_acf_changed":false,"pagelayer_contact_templates":[],"_pagelayer_content":""},"product_brand":[],"product_cat":[96,21],"product_tag":[498],"class_list":{"0":"post-81675","1":"product","2":"type-product","3":"status-publish","4":"has-post-thumbnail","6":"product_cat-accessoires-optiques","7":"product_cat-chasse","8":"product_tag-spypoint","10":"first","11":"instock","12":"taxable","13":"shipping-taxable","14":"purchasable","15":"product-type-simple"},"acf":[],"jetpack_sharing_enabled":true,"_links":{"self":[{"href":"https:\/\/pavillonchassepeche.ca\/en\/wp-json\/wp\/v2\/product\/81675","targetHints":{"allow":["GET"]}}],"collection":[{"href":"https:\/\/pavillonchassepeche.ca\/en\/wp-json\/wp\/v2\/product"}],"about":[{"href":"https:\/\/pavillonchassepeche.ca\/en\/wp-json\/wp\/v2\/types\/product"}],"replies":[{"embeddable":true,"href":"https:\/\/pavillonchassepeche.ca\/en\/wp-json\/wp\/v2\/comments?post=81675"}],"version-history":[{"count":1,"href":"https:\/\/pavillonchassepeche.ca\/en\/wp-json\/wp\/v2\/product\/81675\/revisions"}],"predecessor-version":[{"id":82561,"href":"https:\/\/pavillonchassepeche.ca\/en\/wp-json\/wp\/v2\/product\/81675\/revisions\/82561"}],"wp:featuredmedia":[{"embeddable":true,"href":"https:\/\/pavillonchassepeche.ca\/en\/wp-json\/wp\/v2\/media\/81673"}],"wp:attachment":[{"href":"https:\/\/pavillonchassepeche.ca\/en\/wp-json\/wp\/v2\/media?parent=81675"}],"wp:term":[{"taxonomy":"product_brand","embeddable":true,"href":"https:\/\/pavillonchassepeche.ca\/en\/wp-json\/wp\/v2\/product_brand?post=81675"},{"taxonomy":"product_cat","embeddable":true,"href":"https:\/\/pavillonchassepeche.ca\/en\/wp-json\/wp\/v2\/product_cat?post=81675"},{"taxonomy":"product_tag","embeddable":true,"href":"https:\/\/pavillonchassepeche.ca\/en\/wp-json\/wp\/v2\/product_tag?post=81675"}],"curies":[{"name":"wp","href":"https:\/\/api.w.org\/{rel}","templated":true}]}}