{"id":81648,"date":"2025-04-18T16:57:22","date_gmt":"2025-04-18T20:57:22","guid":{"rendered":"https:\/\/pavillonchassepeche.ca\/?post_type=product&#038;p=81648"},"modified":"2025-11-07T17:45:22","modified_gmt":"2025-11-07T22:45:22","slug":"stoeger-p3000-max7-3","status":"publish","type":"product","link":"https:\/\/pavillonchassepeche.ca\/en\/product\/stoeger-p3000-max7-3\/","title":{"rendered":"STOEGER P3000 MAX7 3&#8221;"},"content":{"rendered":"<p>Le P3000 de Stoeger \u00e9tablit la norme en mati\u00e8re de fiabilit\u00e9 \u00e0 un prix abordable. Ce fusil de chasse sans fioritures de Stoeger g\u00e9rera de mani\u00e8re fiable n\u2019importe quelle charge de calibre 12, des balles de campagne de 2 3\/4 \u00ab aux magnums de 3 \u00bb.<\/p>\n","protected":false},"excerpt":{"rendered":"<p>Le P3000 de Stoeger \u00e9tablit la norme en mati\u00e8re de fiabilit\u00e9 \u00e0 un prix abordable. Ce fusil de chasse sans fioritures de Stoeger g\u00e9rera de mani\u00e8re fiable n\u2019importe quelle charge de calibre 12, des balles de campagne de 2 3\/4 \u00ab aux magnums de 3 \u00bb.<\/p>\n","protected":false},"featured_media":81646,"comment_status":"open","ping_status":"closed","template":"","meta":{"_acf_changed":false,"pagelayer_contact_templates":[],"_pagelayer_content":""},"product_brand":[],"product_cat":[67],"product_tag":[277],"class_list":{"0":"post-81648","1":"product","2":"type-product","3":"status-publish","4":"has-post-thumbnail","6":"product_cat-armes-a-feu-fusils","7":"product_tag-stoeger","9":"first","10":"instock","11":"taxable","12":"shipping-taxable","13":"purchasable","14":"product-type-simple"},"acf":[],"jetpack_sharing_enabled":true,"_links":{"self":[{"href":"https:\/\/pavillonchassepeche.ca\/en\/wp-json\/wp\/v2\/product\/81648","targetHints":{"allow":["GET"]}}],"collection":[{"href":"https:\/\/pavillonchassepeche.ca\/en\/wp-json\/wp\/v2\/product"}],"about":[{"href":"https:\/\/pavillonchassepeche.ca\/en\/wp-json\/wp\/v2\/types\/product"}],"replies":[{"embeddable":true,"href":"https:\/\/pavillonchassepeche.ca\/en\/wp-json\/wp\/v2\/comments?post=81648"}],"version-history":[{"count":1,"href":"https:\/\/pavillonchassepeche.ca\/en\/wp-json\/wp\/v2\/product\/81648\/revisions"}],"predecessor-version":[{"id":82567,"href":"https:\/\/pavillonchassepeche.ca\/en\/wp-json\/wp\/v2\/product\/81648\/revisions\/82567"}],"wp:featuredmedia":[{"embeddable":true,"href":"https:\/\/pavillonchassepeche.ca\/en\/wp-json\/wp\/v2\/media\/81646"}],"wp:attachment":[{"href":"https:\/\/pavillonchassepeche.ca\/en\/wp-json\/wp\/v2\/media?parent=81648"}],"wp:term":[{"taxonomy":"product_brand","embeddable":true,"href":"https:\/\/pavillonchassepeche.ca\/en\/wp-json\/wp\/v2\/product_brand?post=81648"},{"taxonomy":"product_cat","embeddable":true,"href":"https:\/\/pavillonchassepeche.ca\/en\/wp-json\/wp\/v2\/product_cat?post=81648"},{"taxonomy":"product_tag","embeddable":true,"href":"https:\/\/pavillonchassepeche.ca\/en\/wp-json\/wp\/v2\/product_tag?post=81648"}],"curies":[{"name":"wp","href":"https:\/\/api.w.org\/{rel}","templated":true}]}}