{"id":81640,"date":"2025-04-18T16:56:45","date_gmt":"2025-04-18T20:56:45","guid":{"rendered":"https:\/\/pavillonchassepeche.ca\/?post_type=product&#038;p=81640"},"modified":"2026-02-17T16:34:41","modified_gmt":"2026-02-17T21:34:41","slug":"stealth-cam-lecteur-de-carte-touch-screen-sd1080p","status":"publish","type":"product","link":"https:\/\/pavillonchassepeche.ca\/en\/product\/stealth-cam-lecteur-de-carte-touch-screen-sd1080p\/","title":{"rendered":"STEALTH CAM LECTEUR DE CARTE &#8216;TOUCH SCREEN SD&#8217;1080P"},"content":{"rendered":"<p>-\u00c9cran tactile ACL couleur de 4,3 po<\/p>\n<p>-Pincez et zoomez, glissez<\/p>\n<p>-R\u00e9solution de lecture vid\u00e9o jusqu&#8217;\u00e0 1080P FULL HD<\/p>\n<p>-Bo\u00eetier robuste avec boutons caoutchout\u00e9s durables<\/p>\n<p>-Fonctionnement du menu intuitif<\/p>\n<p>-Options de suppression de fichiers individuels ainsi que fonction d&#8217;effacement de carte<\/p>\n<p>-Connexion mini USB &#8211; c\u00e2ble non inclus<\/p>\n<p>-Emplacement pour carte m\u00e9moire SD jusqu&#8217;\u00e0 64 Go<\/p>\n<p>-Luminosit\u00e9 et volume r\u00e9glables<\/p>\n<p>-Prise casque pour la lecture audio<\/p>\n<p>-Comprend une lani\u00e8re de poignet<\/p>\n<p>-Aliment\u00e9 par 4 piles &#8220;AAA&#8221; &#8211; non incluses<\/p>\n","protected":false},"excerpt":{"rendered":"<p>-\u00c9cran tactile ACL couleur de 4,3 po -Pincez et zoomez, glissez -R\u00e9solution de lecture vid\u00e9o jusqu&#8217;\u00e0 1080P FULL HD -Bo\u00eetier robuste avec boutons caoutchout\u00e9s durables -Fonctionnement du menu intuitif -Options de suppression de fichiers individuels ainsi que fonction d&#8217;effacement de carte -Connexion mini USB &#8211; c\u00e2ble non inclus -Emplacement pour carte m\u00e9moire SD jusqu&#8217;\u00e0 64 [&hellip;]<\/p>\n","protected":false},"featured_media":81638,"comment_status":"open","ping_status":"closed","template":"","meta":{"_acf_changed":false,"pagelayer_contact_templates":[],"_pagelayer_content":""},"product_brand":[],"product_cat":[96,21],"product_tag":[829],"class_list":{"0":"post-81640","1":"product","2":"type-product","3":"status-publish","4":"has-post-thumbnail","6":"product_cat-accessoires-optiques","7":"product_cat-chasse","8":"product_tag-stealth-cam","10":"first","11":"instock","12":"taxable","13":"shipping-taxable","14":"purchasable","15":"product-type-simple"},"acf":[],"jetpack_sharing_enabled":true,"_links":{"self":[{"href":"https:\/\/pavillonchassepeche.ca\/en\/wp-json\/wp\/v2\/product\/81640","targetHints":{"allow":["GET"]}}],"collection":[{"href":"https:\/\/pavillonchassepeche.ca\/en\/wp-json\/wp\/v2\/product"}],"about":[{"href":"https:\/\/pavillonchassepeche.ca\/en\/wp-json\/wp\/v2\/types\/product"}],"replies":[{"embeddable":true,"href":"https:\/\/pavillonchassepeche.ca\/en\/wp-json\/wp\/v2\/comments?post=81640"}],"version-history":[{"count":1,"href":"https:\/\/pavillonchassepeche.ca\/en\/wp-json\/wp\/v2\/product\/81640\/revisions"}],"predecessor-version":[{"id":82569,"href":"https:\/\/pavillonchassepeche.ca\/en\/wp-json\/wp\/v2\/product\/81640\/revisions\/82569"}],"wp:featuredmedia":[{"embeddable":true,"href":"https:\/\/pavillonchassepeche.ca\/en\/wp-json\/wp\/v2\/media\/81638"}],"wp:attachment":[{"href":"https:\/\/pavillonchassepeche.ca\/en\/wp-json\/wp\/v2\/media?parent=81640"}],"wp:term":[{"taxonomy":"product_brand","embeddable":true,"href":"https:\/\/pavillonchassepeche.ca\/en\/wp-json\/wp\/v2\/product_brand?post=81640"},{"taxonomy":"product_cat","embeddable":true,"href":"https:\/\/pavillonchassepeche.ca\/en\/wp-json\/wp\/v2\/product_cat?post=81640"},{"taxonomy":"product_tag","embeddable":true,"href":"https:\/\/pavillonchassepeche.ca\/en\/wp-json\/wp\/v2\/product_tag?post=81640"}],"curies":[{"name":"wp","href":"https:\/\/api.w.org\/{rel}","templated":true}]}}