{"id":81307,"date":"2025-04-18T16:48:56","date_gmt":"2025-04-18T20:48:56","guid":{"rendered":"https:\/\/pavillonchassepeche.ca\/?post_type=product&#038;p=81307"},"modified":"2026-03-18T10:35:24","modified_gmt":"2026-03-18T14:35:24","slug":"vmc-bucktail-jigs","status":"publish","type":"product","link":"https:\/\/pavillonchassepeche.ca\/en\/product\/vmc-bucktail-jigs\/","title":{"rendered":"VMC BUCKTAIL JIGS"},"content":{"rendered":"<p data-start=\"91\" data-end=\"527\">Les <em data-start=\"115\" data-end=\"134\">VMC Bucktail Jigs<\/em> sont des leurres polyvalents et efficaces, con\u00e7us pour imiter un poisson-app\u00e2t en mouvement naturel gr\u00e2ce \u00e0 leur jupe en poils de bucktail. Ils offrent une action fluide dans l\u2019eau, id\u00e9ale pour d\u00e9clencher des attaques de carnassiers comme le dor\u00e9, l\u2019achigan ou le brochet. Utilisables en jig vertical ou en lancer-ramener, ces jigs sont un excellent choix pour la p\u00eache en eau douce ou sal\u00e9e.<\/p>\n<p data-start=\"529\" data-end=\"553\"><strong data-start=\"529\" data-end=\"551\">Caract\u00e9ristiques :<\/strong><\/p>\n<ul data-start=\"554\" data-end=\"917\">\n<li data-start=\"554\" data-end=\"618\">\n<p data-start=\"556\" data-end=\"618\">Jig avec jupe en poils de bucktail pour un mouvement naturel<\/p>\n<\/li>\n<li data-start=\"619\" data-end=\"669\">\n<p data-start=\"621\" data-end=\"669\">Conception robuste et hame\u00e7on de haute qualit\u00e9<\/p>\n<\/li>\n<li data-start=\"670\" data-end=\"733\">\n<p data-start=\"672\" data-end=\"733\">Parfait pour une pr\u00e9sentation r\u00e9aliste en toutes conditions<\/p>\n<\/li>\n<li data-start=\"734\" data-end=\"793\">\n<p data-start=\"736\" data-end=\"793\">Id\u00e9al pour dor\u00e9, brochet, achigan et autres carnassiers<\/p>\n<\/li>\n<li data-start=\"794\" data-end=\"855\">\n<p data-start=\"796\" data-end=\"855\">Convient aux techniques de jig vertical ou lancer-ramener<\/p>\n<\/li>\n<li data-start=\"856\" data-end=\"917\">\n<p data-start=\"858\" data-end=\"917\">Couleurs attrayantes pour diff\u00e9rentes situations de p\u00eache<\/p>\n<\/li>\n<\/ul>\n<p data-start=\"919\" data-end=\"952\"><strong data-start=\"919\" data-end=\"950\">Sp\u00e9cifications techniques :<\/strong><\/p>\n<ul data-start=\"953\" data-end=\"1135\">\n<li data-start=\"953\" data-end=\"969\">\n<p data-start=\"955\" data-end=\"969\">Marque : VMC<\/p>\n<\/li>\n<li data-start=\"970\" data-end=\"996\">\n<p data-start=\"972\" data-end=\"996\">Mod\u00e8le : Bucktail Jigs<\/p>\n<\/li>\n<li data-start=\"997\" data-end=\"1031\">\n<p data-start=\"999\" data-end=\"1031\">Type : Jig avec poils naturels<\/p>\n<\/li>\n<li data-start=\"1032\" data-end=\"1087\">\n<p data-start=\"1034\" data-end=\"1087\">Usage : P\u00eache aux carnassiers en eau douce ou sal\u00e9e<\/p>\n<\/li>\n<li data-start=\"1088\" data-end=\"1135\">\n<p data-start=\"1090\" data-end=\"1135\">Disponible en plusieurs tailles et couleurs<\/p>\n<\/li>\n<\/ul>\n","protected":false},"excerpt":{"rendered":"<p>Les VMC Bucktail Jigs sont des leurres polyvalents et efficaces, con\u00e7us pour imiter un poisson-app\u00e2t en mouvement naturel gr\u00e2ce \u00e0 leur jupe en poils de bucktail. Ils offrent une action fluide dans l\u2019eau, id\u00e9ale pour d\u00e9clencher des attaques de carnassiers comme le dor\u00e9, l\u2019achigan ou le brochet. Utilisables en jig vertical ou en lancer-ramener, ces [&hellip;]<\/p>\n","protected":false},"featured_media":81287,"comment_status":"open","ping_status":"closed","template":"","meta":{"_acf_changed":false,"pagelayer_contact_templates":[],"_pagelayer_content":""},"product_brand":[],"product_cat":[144,162],"product_tag":[881],"class_list":{"0":"post-81307","1":"product","2":"type-product","3":"status-publish","4":"has-post-thumbnail","6":"product_cat-peche","7":"product_cat-peche-a-la-mouche","8":"product_tag-vmc","10":"first","11":"instock","12":"taxable","13":"shipping-taxable","14":"purchasable","15":"product-type-variable"},"acf":[],"jetpack_sharing_enabled":true,"_links":{"self":[{"href":"https:\/\/pavillonchassepeche.ca\/en\/wp-json\/wp\/v2\/product\/81307","targetHints":{"allow":["GET"]}}],"collection":[{"href":"https:\/\/pavillonchassepeche.ca\/en\/wp-json\/wp\/v2\/product"}],"about":[{"href":"https:\/\/pavillonchassepeche.ca\/en\/wp-json\/wp\/v2\/types\/product"}],"replies":[{"embeddable":true,"href":"https:\/\/pavillonchassepeche.ca\/en\/wp-json\/wp\/v2\/comments?post=81307"}],"version-history":[{"count":2,"href":"https:\/\/pavillonchassepeche.ca\/en\/wp-json\/wp\/v2\/product\/81307\/revisions"}],"predecessor-version":[{"id":85758,"href":"https:\/\/pavillonchassepeche.ca\/en\/wp-json\/wp\/v2\/product\/81307\/revisions\/85758"}],"wp:featuredmedia":[{"embeddable":true,"href":"https:\/\/pavillonchassepeche.ca\/en\/wp-json\/wp\/v2\/media\/81287"}],"wp:attachment":[{"href":"https:\/\/pavillonchassepeche.ca\/en\/wp-json\/wp\/v2\/media?parent=81307"}],"wp:term":[{"taxonomy":"product_brand","embeddable":true,"href":"https:\/\/pavillonchassepeche.ca\/en\/wp-json\/wp\/v2\/product_brand?post=81307"},{"taxonomy":"product_cat","embeddable":true,"href":"https:\/\/pavillonchassepeche.ca\/en\/wp-json\/wp\/v2\/product_cat?post=81307"},{"taxonomy":"product_tag","embeddable":true,"href":"https:\/\/pavillonchassepeche.ca\/en\/wp-json\/wp\/v2\/product_tag?post=81307"}],"curies":[{"name":"wp","href":"https:\/\/api.w.org\/{rel}","templated":true}]}}