{"id":81234,"date":"2025-04-18T16:46:07","date_gmt":"2025-04-18T20:46:07","guid":{"rendered":"https:\/\/pavillonchassepeche.ca\/?post_type=product&#038;p=81234"},"modified":"2025-12-19T10:48:17","modified_gmt":"2025-12-19T15:48:17","slug":"campana-oreiller-en-mousse-auto-gonflante-tan","status":"publish","type":"product","link":"https:\/\/pavillonchassepeche.ca\/en\/product\/campana-oreiller-en-mousse-auto-gonflante-tan\/","title":{"rendered":"CAMPANA OREILLER EN MOUSSE AUTO GONFLANTE &#8211; TAN"},"content":{"rendered":"<p data-start=\"111\" data-end=\"682\">Le <strong data-start=\"114\" data-end=\"159\">Campana Oreiller en Mousse Auto Gonflante<\/strong> couleur tan est l\u2019accessoire id\u00e9al pour un confort optimal en camping ou en plein air. Facile \u00e0 transporter gr\u00e2ce \u00e0 son design compact et l\u00e9ger, cet oreiller se gonfle automatiquement en quelques secondes, offrant un soutien ferme et agr\u00e9able pour la t\u00eate et le cou. Sa mousse \u00e0 m\u00e9moire de forme \u00e9pouse parfaitement les contours, garantissant un sommeil r\u00e9parateur apr\u00e8s une longue journ\u00e9e en nature. Durable et r\u00e9sistant, il est parfait pour les chasseurs, campeurs et randonneurs qui veulent allier confort et praticit\u00e9.<\/p>\n<hr data-start=\"684\" data-end=\"687\" \/>\n<p data-start=\"689\" data-end=\"713\"><strong data-start=\"689\" data-end=\"711\">Caract\u00e9ristiques :<\/strong><\/p>\n<ul data-start=\"714\" data-end=\"983\">\n<li data-start=\"714\" data-end=\"778\">\n<p data-start=\"716\" data-end=\"778\">Mousse auto gonflante pour un gonflage rapide et sans effort<\/p>\n<\/li>\n<li data-start=\"779\" data-end=\"838\">\n<p data-start=\"781\" data-end=\"838\">Couleur tan discr\u00e8te et adapt\u00e9e aux activit\u00e9s en nature<\/p>\n<\/li>\n<li data-start=\"839\" data-end=\"884\">\n<p data-start=\"841\" data-end=\"884\">Compact et l\u00e9ger pour un transport facile<\/p>\n<\/li>\n<li data-start=\"885\" data-end=\"929\">\n<p data-start=\"887\" data-end=\"929\">Confort optimal avec soutien ergonomique<\/p>\n<\/li>\n<li data-start=\"930\" data-end=\"983\">\n<p data-start=\"932\" data-end=\"983\">R\u00e9sistant et durable pour une utilisation prolong\u00e9e<\/p>\n<\/li>\n<\/ul>\n<hr data-start=\"985\" data-end=\"988\" \/>\n<p data-start=\"990\" data-end=\"1023\"><strong data-start=\"990\" data-end=\"1021\">Sp\u00e9cifications techniques :<\/strong><\/p>\n<ul data-start=\"1024\" data-end=\"1206\">\n<li data-start=\"1024\" data-end=\"1067\">\n<p data-start=\"1026\" data-end=\"1067\">Type : Oreiller auto gonflant en mousse<\/p>\n<\/li>\n<li data-start=\"1068\" data-end=\"1085\">\n<p data-start=\"1070\" data-end=\"1085\">Couleur : Tan<\/p>\n<\/li>\n<li data-start=\"1086\" data-end=\"1147\">\n<p data-start=\"1088\" data-end=\"1147\">Dimensions : Variable selon mod\u00e8le (\u00e0 pr\u00e9ciser si besoin)<\/p>\n<\/li>\n<li data-start=\"1148\" data-end=\"1206\">\n<p data-start=\"1150\" data-end=\"1206\">Usage recommand\u00e9 : Camping, randonn\u00e9e, chasse, plein air<\/p>\n<\/li>\n<\/ul>\n","protected":false},"excerpt":{"rendered":"<p>Le Campana Oreiller en Mousse Auto Gonflante couleur tan est l\u2019accessoire id\u00e9al pour un confort optimal en camping ou en plein air. Facile \u00e0 transporter gr\u00e2ce \u00e0 son design compact et l\u00e9ger, cet oreiller se gonfle automatiquement en quelques secondes, offrant un soutien ferme et agr\u00e9able pour la t\u00eate et le cou. Sa mousse \u00e0 [&hellip;]<\/p>\n","protected":false},"featured_media":81230,"comment_status":"open","ping_status":"closed","template":"","meta":{"_acf_changed":false,"pagelayer_contact_templates":[],"_pagelayer_content":""},"product_brand":[],"product_cat":[111,110],"product_tag":[328],"class_list":{"0":"post-81234","1":"product","2":"type-product","3":"status-publish","4":"has-post-thumbnail","6":"product_cat-plein-air-camping-et-couchage","7":"product_cat-plein-air","8":"product_tag-campana","10":"first","11":"instock","12":"taxable","13":"shipping-taxable","14":"purchasable","15":"product-type-simple"},"acf":[],"jetpack_sharing_enabled":true,"_links":{"self":[{"href":"https:\/\/pavillonchassepeche.ca\/en\/wp-json\/wp\/v2\/product\/81234","targetHints":{"allow":["GET"]}}],"collection":[{"href":"https:\/\/pavillonchassepeche.ca\/en\/wp-json\/wp\/v2\/product"}],"about":[{"href":"https:\/\/pavillonchassepeche.ca\/en\/wp-json\/wp\/v2\/types\/product"}],"replies":[{"embeddable":true,"href":"https:\/\/pavillonchassepeche.ca\/en\/wp-json\/wp\/v2\/comments?post=81234"}],"version-history":[{"count":2,"href":"https:\/\/pavillonchassepeche.ca\/en\/wp-json\/wp\/v2\/product\/81234\/revisions"}],"predecessor-version":[{"id":85861,"href":"https:\/\/pavillonchassepeche.ca\/en\/wp-json\/wp\/v2\/product\/81234\/revisions\/85861"}],"wp:featuredmedia":[{"embeddable":true,"href":"https:\/\/pavillonchassepeche.ca\/en\/wp-json\/wp\/v2\/media\/81230"}],"wp:attachment":[{"href":"https:\/\/pavillonchassepeche.ca\/en\/wp-json\/wp\/v2\/media?parent=81234"}],"wp:term":[{"taxonomy":"product_brand","embeddable":true,"href":"https:\/\/pavillonchassepeche.ca\/en\/wp-json\/wp\/v2\/product_brand?post=81234"},{"taxonomy":"product_cat","embeddable":true,"href":"https:\/\/pavillonchassepeche.ca\/en\/wp-json\/wp\/v2\/product_cat?post=81234"},{"taxonomy":"product_tag","embeddable":true,"href":"https:\/\/pavillonchassepeche.ca\/en\/wp-json\/wp\/v2\/product_tag?post=81234"}],"curies":[{"name":"wp","href":"https:\/\/api.w.org\/{rel}","templated":true}]}}