{"id":80533,"date":"2025-04-18T16:24:00","date_gmt":"2025-04-18T20:24:00","guid":{"rendered":"https:\/\/pavillonchassepeche.ca\/?post_type=product&#038;p=80533"},"modified":"2026-04-16T04:48:18","modified_gmt":"2026-04-16T08:48:18","slug":"ganka-pantoufles-buckland-sava-unisexe","status":"publish","type":"product","link":"https:\/\/pavillonchassepeche.ca\/en\/product\/ganka-pantoufles-buckland-sava-unisexe\/","title":{"rendered":"GANKA PANTOUFLES BUCKLAND &#8221;SAVA&#8221; UNISEXE"},"content":{"rendered":"<p data-start=\"186\" data-end=\"645\">Confortables et polyvalentes, les pantoufles <strong data-start=\"231\" data-end=\"256\">GANKA Buckland &#8220;Sava&#8221;<\/strong> sont parfaites pour la maison ou le chalet. Leur rev\u00eatement en nylon durable associ\u00e9 \u00e0 une doublure en polyester assure douceur et chaleur \u00e0 tes pieds tout au long de la journ\u00e9e. La semelle en TPR offre une bonne adh\u00e9rence et une r\u00e9sistance suffisante pour un usage int\u00e9rieur comme ext\u00e9rieur l\u00e9ger. Faciles d\u2019entretien, ces pantoufles allient praticit\u00e9 et confort pour un usage quotidien.<\/p>\n<hr data-start=\"647\" data-end=\"650\" \/>\n<p data-start=\"652\" data-end=\"676\"><strong data-start=\"652\" data-end=\"674\">Caract\u00e9ristiques :<\/strong><\/p>\n<ul data-start=\"677\" data-end=\"916\">\n<li data-start=\"677\" data-end=\"733\">\n<p data-start=\"679\" data-end=\"733\">Pantoufles unisexe adapt\u00e9es \u00e0 la maison et au chalet<\/p>\n<\/li>\n<li data-start=\"734\" data-end=\"775\">\n<p data-start=\"736\" data-end=\"775\">Rev\u00eatement ext\u00e9rieur en nylon robuste<\/p>\n<\/li>\n<li data-start=\"776\" data-end=\"818\">\n<p data-start=\"778\" data-end=\"818\">Doublure int\u00e9rieure douce en polyester<\/p>\n<\/li>\n<li data-start=\"819\" data-end=\"865\">\n<p data-start=\"821\" data-end=\"865\">Semelle en TPR antid\u00e9rapante et r\u00e9sistante<\/p>\n<\/li>\n<li data-start=\"866\" data-end=\"916\">\n<p data-start=\"868\" data-end=\"916\">Confortables et l\u00e9g\u00e8res pour un usage prolong\u00e9<\/p>\n<\/li>\n<\/ul>\n<hr data-start=\"918\" data-end=\"921\" \/>\n<p data-start=\"923\" data-end=\"956\"><strong data-start=\"923\" data-end=\"954\">Sp\u00e9cifications techniques :<\/strong><\/p>\n<ul data-start=\"957\" data-end=\"1168\">\n<li data-start=\"957\" data-end=\"1028\">\n<p data-start=\"959\" data-end=\"1028\">Mat\u00e9riaux : Nylon (rev\u00eatement), Polyester (doublure), TPR (semelle)<\/p>\n<\/li>\n<li data-start=\"1029\" data-end=\"1168\">\n<p data-start=\"1031\" data-end=\"1044\">Entretien :<\/p>\n<ul data-start=\"1047\" data-end=\"1168\">\n<li data-start=\"1047\" data-end=\"1081\">\n<p data-start=\"1049\" data-end=\"1081\">Ne pas utiliser de javellisant<\/p>\n<\/li>\n<li data-start=\"1084\" data-end=\"1118\">\n<p data-start=\"1086\" data-end=\"1118\">Laver \u00e0 la main \u00e0 l&#8217;eau froide<\/p>\n<\/li>\n<li data-start=\"1121\" data-end=\"1146\">\n<p data-start=\"1123\" data-end=\"1146\">Suspendre pour s\u00e9cher<\/p>\n<\/li>\n<li data-start=\"1149\" data-end=\"1168\">\n<p data-start=\"1151\" data-end=\"1168\">Ne pas repasser<\/p>\n<\/li>\n<\/ul>\n<\/li>\n<\/ul>\n","protected":false},"excerpt":{"rendered":"<p>Confortables et polyvalentes, les pantoufles GANKA Buckland &#8220;Sava&#8221; sont parfaites pour la maison ou le chalet. Leur rev\u00eatement en nylon durable associ\u00e9 \u00e0 une doublure en polyester assure douceur et chaleur \u00e0 tes pieds tout au long de la journ\u00e9e. La semelle en TPR offre une bonne adh\u00e9rence et une r\u00e9sistance suffisante pour un usage [&hellip;]<\/p>\n","protected":false},"featured_media":80527,"comment_status":"open","ping_status":"closed","template":"","meta":{"_acf_changed":false,"pagelayer_contact_templates":[],"_pagelayer_content":""},"product_brand":[],"product_cat":[1063,197],"product_tag":[335],"class_list":{"0":"post-80533","1":"product","2":"type-product","3":"status-publish","4":"has-post-thumbnail","6":"product_cat-liquidation","7":"product_cat-vetements","8":"product_tag-ganka","10":"first","11":"instock","12":"taxable","13":"shipping-taxable","14":"purchasable","15":"product-type-variable"},"acf":[],"jetpack_sharing_enabled":true,"_links":{"self":[{"href":"https:\/\/pavillonchassepeche.ca\/en\/wp-json\/wp\/v2\/product\/80533","targetHints":{"allow":["GET"]}}],"collection":[{"href":"https:\/\/pavillonchassepeche.ca\/en\/wp-json\/wp\/v2\/product"}],"about":[{"href":"https:\/\/pavillonchassepeche.ca\/en\/wp-json\/wp\/v2\/types\/product"}],"replies":[{"embeddable":true,"href":"https:\/\/pavillonchassepeche.ca\/en\/wp-json\/wp\/v2\/comments?post=80533"}],"version-history":[{"count":2,"href":"https:\/\/pavillonchassepeche.ca\/en\/wp-json\/wp\/v2\/product\/80533\/revisions"}],"predecessor-version":[{"id":88571,"href":"https:\/\/pavillonchassepeche.ca\/en\/wp-json\/wp\/v2\/product\/80533\/revisions\/88571"}],"wp:featuredmedia":[{"embeddable":true,"href":"https:\/\/pavillonchassepeche.ca\/en\/wp-json\/wp\/v2\/media\/80527"}],"wp:attachment":[{"href":"https:\/\/pavillonchassepeche.ca\/en\/wp-json\/wp\/v2\/media?parent=80533"}],"wp:term":[{"taxonomy":"product_brand","embeddable":true,"href":"https:\/\/pavillonchassepeche.ca\/en\/wp-json\/wp\/v2\/product_brand?post=80533"},{"taxonomy":"product_cat","embeddable":true,"href":"https:\/\/pavillonchassepeche.ca\/en\/wp-json\/wp\/v2\/product_cat?post=80533"},{"taxonomy":"product_tag","embeddable":true,"href":"https:\/\/pavillonchassepeche.ca\/en\/wp-json\/wp\/v2\/product_tag?post=80533"}],"curies":[{"name":"wp","href":"https:\/\/api.w.org\/{rel}","templated":true}]}}