{"id":80463,"date":"2025-04-18T16:21:31","date_gmt":"2025-04-18T20:21:31","guid":{"rendered":"https:\/\/pavillonchassepeche.ca\/?post_type=product&#038;p=80463"},"modified":"2025-06-16T15:56:02","modified_gmt":"2025-06-16T19:56:02","slug":"spypoint-camera-cellulaire-flex-g-36-duo-pack","status":"publish","type":"product","link":"https:\/\/pavillonchassepeche.ca\/en\/product\/spypoint-camera-cellulaire-flex-g-36-duo-pack\/","title":{"rendered":"SPYPOINT CAMERA CELLULAIRE FLEX G-36 &#8211; DUO PACK"},"content":{"rendered":"<p data-start=\"194\" data-end=\"778\">Le pack duo de cam\u00e9ras cellulaires <strong data-start=\"249\" data-end=\"271\">SPYPOINT Flex G-36<\/strong> offre une solution id\u00e9ale pour surveiller votre territoire ou vos sites de chasse \u00e0 distance. Gr\u00e2ce \u00e0 leur technologie cellulaire avanc\u00e9e, ces cam\u00e9ras transmettent des images et vid\u00e9os en temps r\u00e9el directement sur votre t\u00e9l\u00e9phone ou ordinateur, vous permettant de garder un \u0153il sur le gibier sans vous d\u00e9placer. Compactes, robustes et faciles \u00e0 installer, elles sont con\u00e7ues pour r\u00e9sister aux conditions ext\u00e9rieures difficiles. Ce duo pack vous assure une couverture \u00e9tendue et une meilleure surveillance.<\/p>\n<p data-start=\"780\" data-end=\"804\"><strong data-start=\"780\" data-end=\"802\">Caract\u00e9ristiques :<\/strong><\/p>\n<ul data-start=\"805\" data-end=\"1176\">\n<li data-start=\"805\" data-end=\"875\">\n<p data-start=\"807\" data-end=\"875\">Technologie cellulaire pour envoi d\u2019images et vid\u00e9os en temps r\u00e9el<\/p>\n<\/li>\n<li data-start=\"876\" data-end=\"910\">\n<p data-start=\"878\" data-end=\"910\">R\u00e9solution photo haute qualit\u00e9<\/p>\n<\/li>\n<li data-start=\"911\" data-end=\"973\">\n<p data-start=\"913\" data-end=\"973\">Vid\u00e9o avec son pour une meilleure analyse des d\u00e9placements<\/p>\n<\/li>\n<li data-start=\"974\" data-end=\"1012\">\n<p data-start=\"976\" data-end=\"1012\">Facile \u00e0 installer et \u00e0 configurer<\/p>\n<\/li>\n<li data-start=\"1013\" data-end=\"1079\">\n<p data-start=\"1015\" data-end=\"1079\">Fonctionne avec batterie longue dur\u00e9e (batteries non incluses)<\/p>\n<\/li>\n<li data-start=\"1080\" data-end=\"1123\">\n<p data-start=\"1082\" data-end=\"1123\">R\u00e9sistante aux intemp\u00e9ries et aux chocs<\/p>\n<\/li>\n<li data-start=\"1124\" data-end=\"1176\">\n<p data-start=\"1126\" data-end=\"1176\">Pack de deux cam\u00e9ras pour une couverture \u00e9tendue<\/p>\n<\/li>\n<\/ul>\n<p data-start=\"1178\" data-end=\"1200\"><strong data-start=\"1178\" data-end=\"1198\">Sp\u00e9cifications :<\/strong><\/p>\n<ul data-start=\"1201\" data-end=\"1416\">\n<li data-start=\"1201\" data-end=\"1223\">\n<p data-start=\"1203\" data-end=\"1223\">Mod\u00e8le : Flex G-36<\/p>\n<\/li>\n<li data-start=\"1224\" data-end=\"1260\">\n<p data-start=\"1226\" data-end=\"1260\">R\u00e9solution photo : jusqu\u2019\u00e0 20 MP<\/p>\n<\/li>\n<li data-start=\"1261\" data-end=\"1302\">\n<p data-start=\"1263\" data-end=\"1302\">Port\u00e9e infrarouge : jusqu\u2019\u00e0 25 m\u00e8tres<\/p>\n<\/li>\n<li data-start=\"1303\" data-end=\"1351\">\n<p data-start=\"1305\" data-end=\"1351\">Connectivit\u00e9 : 3G\/4G selon r\u00e9seau disponible<\/p>\n<\/li>\n<li data-start=\"1352\" data-end=\"1385\">\n<p data-start=\"1354\" data-end=\"1385\">Dimensions : compact et l\u00e9ger<\/p>\n<\/li>\n<li data-start=\"1386\" data-end=\"1416\">\n<p data-start=\"1388\" data-end=\"1416\">Garantie : selon fabricant<\/p>\n<\/li>\n<\/ul>\n","protected":false},"excerpt":{"rendered":"<p>Le pack duo de cam\u00e9ras cellulaires SPYPOINT Flex G-36 offre une solution id\u00e9ale pour surveiller votre territoire ou vos sites de chasse \u00e0 distance. Gr\u00e2ce \u00e0 leur technologie cellulaire avanc\u00e9e, ces cam\u00e9ras transmettent des images et vid\u00e9os en temps r\u00e9el directement sur votre t\u00e9l\u00e9phone ou ordinateur, vous permettant de garder un \u0153il sur le gibier [&hellip;]<\/p>\n","protected":false},"featured_media":80461,"comment_status":"open","ping_status":"closed","template":"","meta":{"_acf_changed":false,"pagelayer_contact_templates":[],"_pagelayer_content":""},"product_brand":[],"product_cat":[96,21],"product_tag":[498],"class_list":{"0":"post-80463","1":"product","2":"type-product","3":"status-publish","4":"has-post-thumbnail","6":"product_cat-accessoires-optiques","7":"product_cat-chasse","8":"product_tag-spypoint","10":"first","11":"instock","12":"taxable","13":"shipping-taxable","14":"purchasable","15":"product-type-simple"},"acf":[],"jetpack_sharing_enabled":true,"_links":{"self":[{"href":"https:\/\/pavillonchassepeche.ca\/en\/wp-json\/wp\/v2\/product\/80463","targetHints":{"allow":["GET"]}}],"collection":[{"href":"https:\/\/pavillonchassepeche.ca\/en\/wp-json\/wp\/v2\/product"}],"about":[{"href":"https:\/\/pavillonchassepeche.ca\/en\/wp-json\/wp\/v2\/types\/product"}],"replies":[{"embeddable":true,"href":"https:\/\/pavillonchassepeche.ca\/en\/wp-json\/wp\/v2\/comments?post=80463"}],"version-history":[{"count":1,"href":"https:\/\/pavillonchassepeche.ca\/en\/wp-json\/wp\/v2\/product\/80463\/revisions"}],"predecessor-version":[{"id":85316,"href":"https:\/\/pavillonchassepeche.ca\/en\/wp-json\/wp\/v2\/product\/80463\/revisions\/85316"}],"wp:featuredmedia":[{"embeddable":true,"href":"https:\/\/pavillonchassepeche.ca\/en\/wp-json\/wp\/v2\/media\/80461"}],"wp:attachment":[{"href":"https:\/\/pavillonchassepeche.ca\/en\/wp-json\/wp\/v2\/media?parent=80463"}],"wp:term":[{"taxonomy":"product_brand","embeddable":true,"href":"https:\/\/pavillonchassepeche.ca\/en\/wp-json\/wp\/v2\/product_brand?post=80463"},{"taxonomy":"product_cat","embeddable":true,"href":"https:\/\/pavillonchassepeche.ca\/en\/wp-json\/wp\/v2\/product_cat?post=80463"},{"taxonomy":"product_tag","embeddable":true,"href":"https:\/\/pavillonchassepeche.ca\/en\/wp-json\/wp\/v2\/product_tag?post=80463"}],"curies":[{"name":"wp","href":"https:\/\/api.w.org\/{rel}","templated":true}]}}