{"id":80423,"date":"2025-04-18T16:20:24","date_gmt":"2025-04-18T20:20:24","guid":{"rendered":"https:\/\/pavillonchassepeche.ca\/?post_type=product&#038;p=80423"},"modified":"2026-04-03T13:05:44","modified_gmt":"2026-04-03T17:05:44","slug":"buckner-jumelle-birdy-10x50-mm","status":"publish","type":"product","link":"https:\/\/pavillonchassepeche.ca\/en\/product\/buckner-jumelle-birdy-10x50-mm\/","title":{"rendered":"BUCKNER JUMELLE &#8221;BIRDY&#8221; 10X50 MM"},"content":{"rendered":"<p data-start=\"177\" data-end=\"839\">Les jumelles Buckner &#8220;Birdy&#8221; 10&#215;50 mm offrent un grossissement puissant de 10x et un objectif large de 50 mm pour une observation d\u00e9taill\u00e9e et lumineuse. Con\u00e7ues pour les passionn\u00e9s de nature et d\u2019activit\u00e9s de plein air, elles int\u00e8grent un prisme BAK4 de type PORRO et des lentilles enti\u00e8rement multicouches pour une image nette et pr\u00e9cise. Leur construction \u00e9tanche, purg\u00e9e \u00e0 l\u2019azote, emp\u00eache la formation de bu\u00e9e et garantit une utilisation fiable quelles que soient les conditions. Avec une mise au point centrale facile \u00e0 manipuler et une structure robuste en ABS avec une armure en caoutchouc antid\u00e9rapante, elles allient confort, durabilit\u00e9 et performance.<\/p>\n<hr data-start=\"841\" data-end=\"844\" \/>\n<h3 data-start=\"846\" data-end=\"872\"><strong data-start=\"850\" data-end=\"870\">Caract\u00e9ristiques<\/strong><\/h3>\n<ul data-start=\"873\" data-end=\"1477\">\n<li data-start=\"873\" data-end=\"928\">\n<p data-start=\"875\" data-end=\"928\">Grossissement : 10x pour une observation rapproch\u00e9e<\/p>\n<\/li>\n<li data-start=\"929\" data-end=\"993\">\n<p data-start=\"931\" data-end=\"993\">Diam\u00e8tre de l\u2019objectif : 50 mm pour une meilleure luminosit\u00e9<\/p>\n<\/li>\n<li data-start=\"994\" data-end=\"1059\">\n<p data-start=\"996\" data-end=\"1059\">Prisme BAK4 de type PORRO pour une qualit\u00e9 d\u2019image sup\u00e9rieure<\/p>\n<\/li>\n<li data-start=\"1060\" data-end=\"1128\">\n<p data-start=\"1062\" data-end=\"1128\">Lentilles enti\u00e8rement multicouches (MC) pour une clart\u00e9 optimale<\/p>\n<\/li>\n<li data-start=\"1129\" data-end=\"1175\">\n<p data-start=\"1131\" data-end=\"1175\">Champ de vision de 5,8\u00b0 pour une vue large<\/p>\n<\/li>\n<li data-start=\"1176\" data-end=\"1225\">\n<p data-start=\"1178\" data-end=\"1225\">Distance minimale de mise au point : 5 m\u00e8tres<\/p>\n<\/li>\n<li data-start=\"1226\" data-end=\"1280\">\n<p data-start=\"1228\" data-end=\"1280\">Construction \u00e9tanche et purg\u00e9e \u00e0 l\u2019azote anti-bu\u00e9e<\/p>\n<\/li>\n<li data-start=\"1281\" data-end=\"1316\">\n<p data-start=\"1283\" data-end=\"1316\">Mise au point centrale pratique<\/p>\n<\/li>\n<li data-start=\"1317\" data-end=\"1419\">\n<p data-start=\"1319\" data-end=\"1419\">Coque en ABS haute qualit\u00e9 avec armure en caoutchouc inodore antid\u00e9rapante et r\u00e9sistante aux chocs<\/p>\n<\/li>\n<li data-start=\"1420\" data-end=\"1477\">\n<p data-start=\"1422\" data-end=\"1477\">Inclus \u00e9tui en nylon et sangle pour un transport facile<\/p>\n<\/li>\n<\/ul>\n<hr data-start=\"1479\" data-end=\"1482\" \/>\n<h3 data-start=\"1484\" data-end=\"1519\"><strong data-start=\"1488\" data-end=\"1517\">Sp\u00e9cifications techniques<\/strong><\/h3>\n<ul data-start=\"1520\" data-end=\"1888\">\n<li data-start=\"1520\" data-end=\"1540\">\n<p data-start=\"1522\" data-end=\"1540\">Marque : Buckner<\/p>\n<\/li>\n<li data-start=\"1541\" data-end=\"1568\">\n<p data-start=\"1543\" data-end=\"1568\">Mod\u00e8le : Birdy 10&#215;50 mm<\/p>\n<\/li>\n<li data-start=\"1569\" data-end=\"1592\">\n<p data-start=\"1571\" data-end=\"1592\">Grossissement : 10x<\/p>\n<\/li>\n<li data-start=\"1593\" data-end=\"1627\">\n<p data-start=\"1595\" data-end=\"1627\">Diam\u00e8tre de l\u2019objectif : 50 mm<\/p>\n<\/li>\n<li data-start=\"1628\" data-end=\"1660\">\n<p data-start=\"1630\" data-end=\"1660\">Type de prisme : PORRO, BAK4<\/p>\n<\/li>\n<li data-start=\"1661\" data-end=\"1709\">\n<p data-start=\"1663\" data-end=\"1709\">Rev\u00eatements de lentilles : multicouches (MC)<\/p>\n<\/li>\n<li data-start=\"1710\" data-end=\"1736\">\n<p data-start=\"1712\" data-end=\"1736\">Champ de vision : 5,8\u00b0<\/p>\n<\/li>\n<li data-start=\"1737\" data-end=\"1781\">\n<p data-start=\"1739\" data-end=\"1781\">Distance minimale de mise au point : 5 m<\/p>\n<\/li>\n<li data-start=\"1782\" data-end=\"1816\">\n<p data-start=\"1784\" data-end=\"1816\">Dimensions : 200 x 180 x 65 mm<\/p>\n<\/li>\n<li data-start=\"1817\" data-end=\"1834\">\n<p data-start=\"1819\" data-end=\"1834\">Poids : 600 g<\/p>\n<\/li>\n<li data-start=\"1835\" data-end=\"1866\">\n<p data-start=\"1837\" data-end=\"1866\">Mat\u00e9riaux : ABS, caoutchouc<\/p>\n<\/li>\n<li data-start=\"1867\" data-end=\"1888\">\n<p data-start=\"1869\" data-end=\"1888\">\u00c9tanche et antibu\u00e9e<\/p>\n<\/li>\n<\/ul>\n","protected":false},"excerpt":{"rendered":"<p>Les jumelles Buckner &#8220;Birdy&#8221; 10&#215;50 mm offrent un grossissement puissant de 10x et un objectif large de 50 mm pour une observation d\u00e9taill\u00e9e et lumineuse. Con\u00e7ues pour les passionn\u00e9s de nature et d\u2019activit\u00e9s de plein air, elles int\u00e8grent un prisme BAK4 de type PORRO et des lentilles enti\u00e8rement multicouches pour une image nette et pr\u00e9cise. [&hellip;]<\/p>\n","protected":false},"featured_media":80421,"comment_status":"open","ping_status":"closed","template":"","meta":{"_acf_changed":false,"pagelayer_contact_templates":[],"_pagelayer_content":""},"product_brand":[],"product_cat":[110,1110],"product_tag":[325],"class_list":{"0":"post-80423","1":"product","2":"type-product","3":"status-publish","4":"has-post-thumbnail","6":"product_cat-plein-air","7":"product_cat-plein-air-randonnee-et-accessoires","8":"product_tag-buckner","10":"first","11":"instock","12":"taxable","13":"shipping-taxable","14":"purchasable","15":"product-type-simple"},"acf":[],"jetpack_sharing_enabled":true,"_links":{"self":[{"href":"https:\/\/pavillonchassepeche.ca\/en\/wp-json\/wp\/v2\/product\/80423","targetHints":{"allow":["GET"]}}],"collection":[{"href":"https:\/\/pavillonchassepeche.ca\/en\/wp-json\/wp\/v2\/product"}],"about":[{"href":"https:\/\/pavillonchassepeche.ca\/en\/wp-json\/wp\/v2\/types\/product"}],"replies":[{"embeddable":true,"href":"https:\/\/pavillonchassepeche.ca\/en\/wp-json\/wp\/v2\/comments?post=80423"}],"version-history":[{"count":2,"href":"https:\/\/pavillonchassepeche.ca\/en\/wp-json\/wp\/v2\/product\/80423\/revisions"}],"predecessor-version":[{"id":88338,"href":"https:\/\/pavillonchassepeche.ca\/en\/wp-json\/wp\/v2\/product\/80423\/revisions\/88338"}],"wp:featuredmedia":[{"embeddable":true,"href":"https:\/\/pavillonchassepeche.ca\/en\/wp-json\/wp\/v2\/media\/80421"}],"wp:attachment":[{"href":"https:\/\/pavillonchassepeche.ca\/en\/wp-json\/wp\/v2\/media?parent=80423"}],"wp:term":[{"taxonomy":"product_brand","embeddable":true,"href":"https:\/\/pavillonchassepeche.ca\/en\/wp-json\/wp\/v2\/product_brand?post=80423"},{"taxonomy":"product_cat","embeddable":true,"href":"https:\/\/pavillonchassepeche.ca\/en\/wp-json\/wp\/v2\/product_cat?post=80423"},{"taxonomy":"product_tag","embeddable":true,"href":"https:\/\/pavillonchassepeche.ca\/en\/wp-json\/wp\/v2\/product_tag?post=80423"}],"curies":[{"name":"wp","href":"https:\/\/api.w.org\/{rel}","templated":true}]}}