{"id":80340,"date":"2025-04-18T16:18:07","date_gmt":"2025-04-18T20:18:07","guid":{"rendered":"https:\/\/pavillonchassepeche.ca\/?post_type=product&#038;p=80340"},"modified":"2025-08-11T13:51:24","modified_gmt":"2025-08-11T17:51:24","slug":"boito-miura-ii-ct-20ga-over-under-28","status":"publish","type":"product","link":"https:\/\/pavillonchassepeche.ca\/en\/product\/boito-miura-ii-ct-20ga-over-under-28\/","title":{"rendered":"BOITO MIURA II CT 20GA OVER-UNDER 28&#8221;"},"content":{"rendered":"<p data-start=\"202\" data-end=\"585\">Le fusil Boito Miura II CT calibre 20 gauge est un mod\u00e8le superpos\u00e9 \u00e0 deux canons de 28 pouces, con\u00e7u pour la chasse et le tir sportif. Il offre une bonne maniabilit\u00e9 gr\u00e2ce \u00e0 son poids \u00e9quilibr\u00e9 et sa crosse ergonomique. La double g\u00e2chette permet un tir rapide et pr\u00e9cis sur deux cibles diff\u00e9rentes, tandis que sa fabrication robuste assure une fiabilit\u00e9 durable.<\/p>\n<hr data-start=\"587\" data-end=\"590\" \/>\n<p data-start=\"592\" data-end=\"616\"><strong data-start=\"592\" data-end=\"614\">Caract\u00e9ristiques :<\/strong><\/p>\n<ul data-start=\"617\" data-end=\"912\">\n<li data-start=\"617\" data-end=\"639\">\n<p data-start=\"619\" data-end=\"639\">Calibre : 20 gauge<\/p>\n<\/li>\n<li data-start=\"640\" data-end=\"690\">\n<p data-start=\"642\" data-end=\"690\">Configuration : canons superpos\u00e9s (Over-Under)<\/p>\n<\/li>\n<li data-start=\"691\" data-end=\"726\">\n<p data-start=\"693\" data-end=\"726\">Longueur des canons : 28 pouces<\/p>\n<\/li>\n<li data-start=\"727\" data-end=\"746\">\n<p data-start=\"729\" data-end=\"746\">Double g\u00e2chette<\/p>\n<\/li>\n<li data-start=\"747\" data-end=\"796\">\n<p data-start=\"749\" data-end=\"796\">Crosse ergonomique en bois finition classique<\/p>\n<\/li>\n<li data-start=\"797\" data-end=\"826\">\n<p data-start=\"799\" data-end=\"826\">S\u00e9lecteur de canon manuel<\/p>\n<\/li>\n<li data-start=\"827\" data-end=\"888\">\n<p data-start=\"829\" data-end=\"888\">Syst\u00e8me de verrouillage solide pour une s\u00e9curit\u00e9 optimale<\/p>\n<\/li>\n<li data-start=\"889\" data-end=\"912\">\n<p data-start=\"891\" data-end=\"912\">Canon avec choke fixe<\/p>\n<\/li>\n<\/ul>\n<hr data-start=\"914\" data-end=\"917\" \/>\n<p data-start=\"919\" data-end=\"941\"><strong data-start=\"919\" data-end=\"939\">Sp\u00e9cifications :<\/strong><\/p>\n<ul data-start=\"942\" data-end=\"1103\">\n<li data-start=\"942\" data-end=\"978\">\n<p data-start=\"944\" data-end=\"978\">Longueur totale : environ 115 cm<\/p>\n<\/li>\n<li data-start=\"979\" data-end=\"1005\">\n<p data-start=\"981\" data-end=\"1005\">Poids : environ 2,7 kg<\/p>\n<\/li>\n<li data-start=\"1006\" data-end=\"1028\">\n<p data-start=\"1008\" data-end=\"1028\">Capacit\u00e9 : 2 coups<\/p>\n<\/li>\n<li data-start=\"1029\" data-end=\"1073\">\n<p data-start=\"1031\" data-end=\"1073\">Finition : canon bleu, crosse bois verni<\/p>\n<\/li>\n<li data-start=\"1074\" data-end=\"1103\">\n<p data-start=\"1076\" data-end=\"1103\">Usage : chasse, tir sportif<\/p>\n<\/li>\n<\/ul>\n","protected":false},"excerpt":{"rendered":"<p>Le fusil Boito Miura II CT calibre 20 gauge est un mod\u00e8le superpos\u00e9 \u00e0 deux canons de 28 pouces, con\u00e7u pour la chasse et le tir sportif. Il offre une bonne maniabilit\u00e9 gr\u00e2ce \u00e0 son poids \u00e9quilibr\u00e9 et sa crosse ergonomique. La double g\u00e2chette permet un tir rapide et pr\u00e9cis sur deux cibles diff\u00e9rentes, tandis [&hellip;]<\/p>\n","protected":false},"featured_media":85030,"comment_status":"open","ping_status":"closed","template":"","meta":{"_acf_changed":false,"pagelayer_contact_templates":[],"_pagelayer_content":""},"product_brand":[],"product_cat":[67],"product_tag":[],"class_list":{"0":"post-80340","1":"product","2":"type-product","3":"status-publish","4":"has-post-thumbnail","6":"product_cat-armes-a-feu-fusils","8":"first","9":"instock","10":"taxable","11":"shipping-taxable","12":"purchasable","13":"product-type-simple"},"acf":[],"jetpack_sharing_enabled":true,"_links":{"self":[{"href":"https:\/\/pavillonchassepeche.ca\/en\/wp-json\/wp\/v2\/product\/80340","targetHints":{"allow":["GET"]}}],"collection":[{"href":"https:\/\/pavillonchassepeche.ca\/en\/wp-json\/wp\/v2\/product"}],"about":[{"href":"https:\/\/pavillonchassepeche.ca\/en\/wp-json\/wp\/v2\/types\/product"}],"replies":[{"embeddable":true,"href":"https:\/\/pavillonchassepeche.ca\/en\/wp-json\/wp\/v2\/comments?post=80340"}],"version-history":[{"count":2,"href":"https:\/\/pavillonchassepeche.ca\/en\/wp-json\/wp\/v2\/product\/80340\/revisions"}],"predecessor-version":[{"id":85029,"href":"https:\/\/pavillonchassepeche.ca\/en\/wp-json\/wp\/v2\/product\/80340\/revisions\/85029"}],"wp:featuredmedia":[{"embeddable":true,"href":"https:\/\/pavillonchassepeche.ca\/en\/wp-json\/wp\/v2\/media\/85030"}],"wp:attachment":[{"href":"https:\/\/pavillonchassepeche.ca\/en\/wp-json\/wp\/v2\/media?parent=80340"}],"wp:term":[{"taxonomy":"product_brand","embeddable":true,"href":"https:\/\/pavillonchassepeche.ca\/en\/wp-json\/wp\/v2\/product_brand?post=80340"},{"taxonomy":"product_cat","embeddable":true,"href":"https:\/\/pavillonchassepeche.ca\/en\/wp-json\/wp\/v2\/product_cat?post=80340"},{"taxonomy":"product_tag","embeddable":true,"href":"https:\/\/pavillonchassepeche.ca\/en\/wp-json\/wp\/v2\/product_tag?post=80340"}],"curies":[{"name":"wp","href":"https:\/\/api.w.org\/{rel}","templated":true}]}}