{"id":80223,"date":"2025-04-18T16:14:15","date_gmt":"2025-04-18T20:14:15","guid":{"rendered":"https:\/\/pavillonchassepeche.ca\/?post_type=product&#038;p=80223"},"modified":"2025-10-02T14:19:10","modified_gmt":"2025-10-02T18:19:10","slug":"rossi-ss-poly-tuffy-turkey-410ga-3-bk-od","status":"publish","type":"product","link":"https:\/\/pavillonchassepeche.ca\/en\/product\/rossi-ss-poly-tuffy-turkey-410ga-3-bk-od\/","title":{"rendered":"ROSSI SS POLY TUFFY TURKEY 410GA 3&#8221; BK\/OD"},"content":{"rendered":"<p data-start=\"134\" data-end=\"678\">Le Rossi SS Poly Tuffy Turkey est un fusil de chasse de calibre 410GA sp\u00e9cialement con\u00e7u pour la chasse \u00e0 la dinde. Avec son canon de 3 pouces et sa finition bicolore noir\/olive (BK\/OD), il offre une pr\u00e9cision et une maniabilit\u00e9 optimales sur le terrain. L\u00e9ger et facile \u00e0 manier, il est id\u00e9al pour les chasseurs de dinde recherchant un fusil fiable et performant. Sa conception robuste et ses composants de qualit\u00e9 garantissent une durabilit\u00e9 exceptionnelle, m\u00eame lors des sessions de chasse les plus exigeantes.<\/p>\n<p data-start=\"680\" data-end=\"716\"><strong data-start=\"680\" data-end=\"714\">Caract\u00e9ristiques principales :<\/strong><\/p>\n<ul data-start=\"717\" data-end=\"864\">\n<li data-start=\"717\" data-end=\"740\">\n<p data-start=\"719\" data-end=\"740\">Fusil calibre 410GA<\/p>\n<\/li>\n<li data-start=\"741\" data-end=\"762\">\n<p data-start=\"743\" data-end=\"762\">Canon de 3 pouces<\/p>\n<\/li>\n<li data-start=\"763\" data-end=\"796\">\n<p data-start=\"765\" data-end=\"796\">Conception l\u00e9g\u00e8re et maniable<\/p>\n<\/li>\n<li data-start=\"797\" data-end=\"828\">\n<p data-start=\"799\" data-end=\"828\">Finition noir\/olive (BK\/OD)<\/p>\n<\/li>\n<li data-start=\"829\" data-end=\"864\">\n<p data-start=\"831\" data-end=\"864\">Id\u00e9al pour la chasse \u00e0 la dinde<\/p>\n<\/li>\n<\/ul>\n<p data-start=\"866\" data-end=\"899\"><strong data-start=\"866\" data-end=\"897\">Sp\u00e9cifications techniques :<\/strong><\/p>\n<ul data-start=\"900\" data-end=\"1117\">\n<li data-start=\"900\" data-end=\"936\">\n<p data-start=\"902\" data-end=\"936\">Longueur totale : environ 102 cm<\/p>\n<\/li>\n<li data-start=\"937\" data-end=\"963\">\n<p data-start=\"939\" data-end=\"963\">Poids : environ 2,5 kg<\/p>\n<\/li>\n<li data-start=\"964\" data-end=\"1030\">\n<p data-start=\"966\" data-end=\"1030\">Type de culasse : mono-coup ou semi-automatique (selon mod\u00e8le)<\/p>\n<\/li>\n<li data-start=\"1031\" data-end=\"1071\">\n<p data-start=\"1033\" data-end=\"1071\">Mat\u00e9riau du canon : acier inoxydable<\/p>\n<\/li>\n<li data-start=\"1072\" data-end=\"1117\">\n<p data-start=\"1074\" data-end=\"1117\">Crosse et garde-main : polym\u00e8re r\u00e9sistant<\/p>\n<\/li>\n<\/ul>\n","protected":false},"excerpt":{"rendered":"<p>Le Rossi SS Poly Tuffy Turkey est un fusil de chasse de calibre 410GA sp\u00e9cialement con\u00e7u pour la chasse \u00e0 la dinde. Avec son canon de 3 pouces et sa finition bicolore noir\/olive (BK\/OD), il offre une pr\u00e9cision et une maniabilit\u00e9 optimales sur le terrain. L\u00e9ger et facile \u00e0 manier, il est id\u00e9al pour les [&hellip;]<\/p>\n","protected":false},"featured_media":90079,"comment_status":"open","ping_status":"closed","template":"","meta":{"_acf_changed":false,"pagelayer_contact_templates":[],"_pagelayer_content":""},"product_brand":[],"product_cat":[21,63,67],"product_tag":[800],"class_list":{"0":"post-80223","1":"product","2":"type-product","3":"status-publish","4":"has-post-thumbnail","6":"product_cat-chasse","7":"product_cat-armes-a-feu","8":"product_cat-armes-a-feu-fusils","9":"product_tag-rossi","11":"first","12":"instock","13":"taxable","14":"shipping-taxable","15":"purchasable","16":"product-type-simple"},"acf":[],"jetpack_sharing_enabled":true,"_links":{"self":[{"href":"https:\/\/pavillonchassepeche.ca\/en\/wp-json\/wp\/v2\/product\/80223","targetHints":{"allow":["GET"]}}],"collection":[{"href":"https:\/\/pavillonchassepeche.ca\/en\/wp-json\/wp\/v2\/product"}],"about":[{"href":"https:\/\/pavillonchassepeche.ca\/en\/wp-json\/wp\/v2\/types\/product"}],"replies":[{"embeddable":true,"href":"https:\/\/pavillonchassepeche.ca\/en\/wp-json\/wp\/v2\/comments?post=80223"}],"version-history":[{"count":2,"href":"https:\/\/pavillonchassepeche.ca\/en\/wp-json\/wp\/v2\/product\/80223\/revisions"}],"predecessor-version":[{"id":90078,"href":"https:\/\/pavillonchassepeche.ca\/en\/wp-json\/wp\/v2\/product\/80223\/revisions\/90078"}],"wp:featuredmedia":[{"embeddable":true,"href":"https:\/\/pavillonchassepeche.ca\/en\/wp-json\/wp\/v2\/media\/90079"}],"wp:attachment":[{"href":"https:\/\/pavillonchassepeche.ca\/en\/wp-json\/wp\/v2\/media?parent=80223"}],"wp:term":[{"taxonomy":"product_brand","embeddable":true,"href":"https:\/\/pavillonchassepeche.ca\/en\/wp-json\/wp\/v2\/product_brand?post=80223"},{"taxonomy":"product_cat","embeddable":true,"href":"https:\/\/pavillonchassepeche.ca\/en\/wp-json\/wp\/v2\/product_cat?post=80223"},{"taxonomy":"product_tag","embeddable":true,"href":"https:\/\/pavillonchassepeche.ca\/en\/wp-json\/wp\/v2\/product_tag?post=80223"}],"curies":[{"name":"wp","href":"https:\/\/api.w.org\/{rel}","templated":true}]}}