{"id":79964,"date":"2025-04-18T16:08:05","date_gmt":"2025-04-18T20:08:05","guid":{"rendered":"https:\/\/pavillonchassepeche.ca\/?post_type=product&#038;p=79964"},"modified":"2026-01-27T16:31:29","modified_gmt":"2026-01-27T21:31:29","slug":"pronature-chemise-de-peche-breathe-manche-longue-kaki","status":"publish","type":"product","link":"https:\/\/pavillonchassepeche.ca\/en\/product\/pronature-chemise-de-peche-breathe-manche-longue-kaki\/","title":{"rendered":"PRONATURE CHEMISE DE P\u00caCHE -BREATHE- MANCHE LONGUE KAKI"},"content":{"rendered":"<p>Mod\u00e8le : GP-00103<\/p>\n<p data-start=\"194\" data-end=\"905\">La <strong data-start=\"226\" data-end=\"282\">chemise de p\u00eache Pronature Breathe \u00e0 manches longues<\/strong> en kaki est con\u00e7ue pour les passionn\u00e9s de p\u00eache et les amateurs de plein air qui recherchent confort, protection et performance. Sa conception en polyester ripstop l\u00e9ger et respirant assure une excellente durabilit\u00e9 tout en offrant une protection solaire UPF et une r\u00e9sistance aux taches. Le panneau arri\u00e8re ventil\u00e9 favorise la circulation de l\u2019air pour une respirabilit\u00e9 optimale, tandis que les deux poches poitrine pratiques permettent de garder vos petits accessoires \u00e0 port\u00e9e de main. Id\u00e9ale pour les longues journ\u00e9es au bord de l\u2019eau, cette chemise s\u00e8che rapidement et reste confortable dans toutes les conditions.<\/p>\n<hr data-start=\"907\" data-end=\"910\" \/>\n<p data-start=\"912\" data-end=\"934\"><strong data-start=\"912\" data-end=\"932\">Caract\u00e9ristiques<\/strong><\/p>\n<ul data-start=\"935\" data-end=\"1316\">\n<li data-start=\"935\" data-end=\"986\">\n<p data-start=\"937\" data-end=\"986\">Tissu 100 % polyester ripstop, l\u00e9ger et durable<\/p>\n<\/li>\n<li data-start=\"987\" data-end=\"1053\">\n<p data-start=\"989\" data-end=\"1053\">Protection solaire UPF pour une exposition prolong\u00e9e au soleil<\/p>\n<\/li>\n<li data-start=\"1054\" data-end=\"1107\">\n<p data-start=\"1056\" data-end=\"1107\">Traitement anti-taches pour un entretien facilit\u00e9<\/p>\n<\/li>\n<li data-start=\"1108\" data-end=\"1160\">\n<p data-start=\"1110\" data-end=\"1160\">S\u00e9chage rapide pour plus de confort en plein air<\/p>\n<\/li>\n<li data-start=\"1161\" data-end=\"1229\">\n<p data-start=\"1163\" data-end=\"1229\">Deux poches au niveau de la poitrine pour ranger vos accessoires<\/p>\n<\/li>\n<li data-start=\"1230\" data-end=\"1316\">\n<p data-start=\"1232\" data-end=\"1316\">Panneau arri\u00e8re ventil\u00e9 pour am\u00e9liorer la circulation de l\u2019air et la respirabilit\u00e9<\/p>\n<\/li>\n<\/ul>\n<hr data-start=\"1318\" data-end=\"1321\" \/>\n<p data-start=\"1323\" data-end=\"1354\"><strong data-start=\"1323\" data-end=\"1352\">Sp\u00e9cifications techniques<\/strong><\/p>\n<ul data-start=\"1355\" data-end=\"1662\">\n<li data-start=\"1355\" data-end=\"1400\">\n<p data-start=\"1357\" data-end=\"1400\">Type : chemise de p\u00eache \u00e0 manches longues<\/p>\n<\/li>\n<li data-start=\"1401\" data-end=\"1419\">\n<p data-start=\"1403\" data-end=\"1419\">Couleur : kaki<\/p>\n<\/li>\n<li data-start=\"1420\" data-end=\"1472\">\n<p data-start=\"1422\" data-end=\"1472\">Usage recommand\u00e9 : p\u00eache, activit\u00e9s de plein air<\/p>\n<\/li>\n<li data-start=\"1473\" data-end=\"1662\">\n<p data-start=\"1475\" data-end=\"1488\">Entretien :<\/p>\n<ul data-start=\"1491\" data-end=\"1662\">\n<li data-start=\"1491\" data-end=\"1539\">\n<p data-start=\"1493\" data-end=\"1539\">Laver \u00e0 la machine \u00e0 l\u2019envers \u00e0 l\u2019eau froide<\/p>\n<\/li>\n<li data-start=\"1542\" data-end=\"1584\">\n<p data-start=\"1544\" data-end=\"1584\">Ne pas utiliser d\u2019agents blanchissants<\/p>\n<\/li>\n<li data-start=\"1587\" data-end=\"1612\">\n<p data-start=\"1589\" data-end=\"1612\">Suspendre pour s\u00e9cher<\/p>\n<\/li>\n<li data-start=\"1615\" data-end=\"1640\">\n<p data-start=\"1617\" data-end=\"1640\">Ne pas nettoyer \u00e0 sec<\/p>\n<\/li>\n<li data-start=\"1643\" data-end=\"1662\">\n<p data-start=\"1645\" data-end=\"1662\">Ne pas repasser<\/p>\n<\/li>\n<\/ul>\n<\/li>\n<\/ul>\n","protected":false},"excerpt":{"rendered":"<p>Mod\u00e8le : GP-00103 La chemise de p\u00eache Pronature Breathe \u00e0 manches longues en kaki est con\u00e7ue pour les passionn\u00e9s de p\u00eache et les amateurs de plein air qui recherchent confort, protection et performance. Sa conception en polyester ripstop l\u00e9ger et respirant assure une excellente durabilit\u00e9 tout en offrant une protection solaire UPF et une r\u00e9sistance [&hellip;]<\/p>\n","protected":false},"featured_media":93340,"comment_status":"open","ping_status":"closed","template":"","meta":{"_acf_changed":false,"pagelayer_contact_templates":[],"_pagelayer_content":""},"product_brand":[],"product_cat":[220,197],"product_tag":[267],"class_list":{"0":"post-79964","1":"product","2":"type-product","3":"status-publish","4":"has-post-thumbnail","6":"product_cat-vetements-chandails-et-chemises","7":"product_cat-vetements","8":"product_tag-pronature","10":"first","11":"instock","12":"taxable","13":"shipping-taxable","14":"purchasable","15":"product-type-variable"},"acf":[],"jetpack_sharing_enabled":true,"_links":{"self":[{"href":"https:\/\/pavillonchassepeche.ca\/en\/wp-json\/wp\/v2\/product\/79964","targetHints":{"allow":["GET"]}}],"collection":[{"href":"https:\/\/pavillonchassepeche.ca\/en\/wp-json\/wp\/v2\/product"}],"about":[{"href":"https:\/\/pavillonchassepeche.ca\/en\/wp-json\/wp\/v2\/types\/product"}],"replies":[{"embeddable":true,"href":"https:\/\/pavillonchassepeche.ca\/en\/wp-json\/wp\/v2\/comments?post=79964"}],"version-history":[{"count":2,"href":"https:\/\/pavillonchassepeche.ca\/en\/wp-json\/wp\/v2\/product\/79964\/revisions"}],"predecessor-version":[{"id":93342,"href":"https:\/\/pavillonchassepeche.ca\/en\/wp-json\/wp\/v2\/product\/79964\/revisions\/93342"}],"wp:featuredmedia":[{"embeddable":true,"href":"https:\/\/pavillonchassepeche.ca\/en\/wp-json\/wp\/v2\/media\/93340"}],"wp:attachment":[{"href":"https:\/\/pavillonchassepeche.ca\/en\/wp-json\/wp\/v2\/media?parent=79964"}],"wp:term":[{"taxonomy":"product_brand","embeddable":true,"href":"https:\/\/pavillonchassepeche.ca\/en\/wp-json\/wp\/v2\/product_brand?post=79964"},{"taxonomy":"product_cat","embeddable":true,"href":"https:\/\/pavillonchassepeche.ca\/en\/wp-json\/wp\/v2\/product_cat?post=79964"},{"taxonomy":"product_tag","embeddable":true,"href":"https:\/\/pavillonchassepeche.ca\/en\/wp-json\/wp\/v2\/product_tag?post=79964"}],"curies":[{"name":"wp","href":"https:\/\/api.w.org\/{rel}","templated":true}]}}