{"id":79778,"date":"2025-04-18T16:02:41","date_gmt":"2025-04-18T20:02:41","guid":{"rendered":"https:\/\/pavillonchassepeche.ca\/?post_type=product&#038;p=79778"},"modified":"2026-02-26T10:52:28","modified_gmt":"2026-02-26T15:52:28","slug":"dpe-propulsion-slingshot-black","status":"publish","type":"product","link":"https:\/\/pavillonchassepeche.ca\/en\/product\/dpe-propulsion-slingshot-black\/","title":{"rendered":"DPE PROPULSION SLINGSHOT BLACK"},"content":{"rendered":"<p data-start=\"120\" data-end=\"680\">Le <strong data-start=\"123\" data-end=\"157\">DPE Propulsion Slingshot Black<\/strong> est une fronde de haute performance con\u00e7ue pour les chasseurs et les amateurs de tir de pr\u00e9cision. Son design ergonomique et sa construction robuste en mat\u00e9riaux durables offrent une excellente prise en main et une puissance impressionnante pour propulser des projectiles avec pr\u00e9cision. Id\u00e9al pour la chasse, la survie ou le tir r\u00e9cr\u00e9atif, ce slingshot allie efficacit\u00e9 et confort, tout en garantissant une durabilit\u00e9 \u00e0 toute \u00e9preuve. Compact et l\u00e9ger, il se transporte facilement lors de toutes vos sorties en plein air.<\/p>\n<p data-start=\"682\" data-end=\"706\"><strong data-start=\"682\" data-end=\"704\">Caract\u00e9ristiques :<\/strong><\/p>\n<ul data-start=\"707\" data-end=\"1005\">\n<li data-start=\"707\" data-end=\"769\">\n<p data-start=\"709\" data-end=\"769\">Construction robuste et durable en mat\u00e9riaux haute qualit\u00e9<\/p>\n<\/li>\n<li data-start=\"770\" data-end=\"827\">\n<p data-start=\"772\" data-end=\"827\">Design ergonomique pour une prise en main confortable<\/p>\n<\/li>\n<li data-start=\"828\" data-end=\"882\">\n<p data-start=\"830\" data-end=\"882\">Puissance \u00e9lev\u00e9e pour des tirs pr\u00e9cis et efficaces<\/p>\n<\/li>\n<li data-start=\"883\" data-end=\"925\">\n<p data-start=\"885\" data-end=\"925\">Compact et l\u00e9ger, facile \u00e0 transporter<\/p>\n<\/li>\n<li data-start=\"926\" data-end=\"961\">\n<p data-start=\"928\" data-end=\"961\">Couleur noire sobre et \u00e9l\u00e9gante<\/p>\n<\/li>\n<li data-start=\"962\" data-end=\"1005\">\n<p data-start=\"964\" data-end=\"1005\">Adapt\u00e9 pour chasse, tir sportif et survie<\/p>\n<\/li>\n<\/ul>\n<p data-start=\"1007\" data-end=\"1040\"><strong data-start=\"1007\" data-end=\"1038\">Sp\u00e9cifications techniques :<\/strong><\/p>\n<ul data-start=\"1041\" data-end=\"1204\">\n<li data-start=\"1041\" data-end=\"1080\">\n<p data-start=\"1043\" data-end=\"1080\">Mod\u00e8le : Propulsion Slingshot Black<\/p>\n<\/li>\n<li data-start=\"1081\" data-end=\"1140\">\n<p data-start=\"1083\" data-end=\"1140\">Mat\u00e9riaux : Alliage m\u00e9tallique et composants composites<\/p>\n<\/li>\n<li data-start=\"1141\" data-end=\"1170\">\n<p data-start=\"1143\" data-end=\"1170\">Poids : L\u00e9ger et maniable<\/p>\n<\/li>\n<li data-start=\"1171\" data-end=\"1189\">\n<p data-start=\"1173\" data-end=\"1189\">Couleur : Noir<\/p>\n<\/li>\n<li data-start=\"1190\" data-end=\"1204\">\n<p data-start=\"1192\" data-end=\"1204\">Marque : DPE<\/p>\n<\/li>\n<\/ul>\n","protected":false},"excerpt":{"rendered":"<p>Le DPE Propulsion Slingshot Black est une fronde de haute performance con\u00e7ue pour les chasseurs et les amateurs de tir de pr\u00e9cision. Son design ergonomique et sa construction robuste en mat\u00e9riaux durables offrent une excellente prise en main et une puissance impressionnante pour propulser des projectiles avec pr\u00e9cision. Id\u00e9al pour la chasse, la survie ou [&hellip;]<\/p>\n","protected":false},"featured_media":79776,"comment_status":"open","ping_status":"closed","template":"","meta":{"_acf_changed":false,"pagelayer_contact_templates":[],"_pagelayer_content":""},"product_brand":[],"product_cat":[108,110,1110],"product_tag":[830,909],"class_list":{"0":"post-79778","1":"product","2":"type-product","3":"status-publish","4":"has-post-thumbnail","6":"product_cat-equipements-chasse","7":"product_cat-plein-air","8":"product_cat-plein-air-randonnee-et-accessoires","9":"product_tag-dpe","10":"product_tag-propulsion","12":"first","13":"instock","14":"taxable","15":"shipping-taxable","16":"purchasable","17":"product-type-simple"},"acf":[],"jetpack_sharing_enabled":true,"_links":{"self":[{"href":"https:\/\/pavillonchassepeche.ca\/en\/wp-json\/wp\/v2\/product\/79778","targetHints":{"allow":["GET"]}}],"collection":[{"href":"https:\/\/pavillonchassepeche.ca\/en\/wp-json\/wp\/v2\/product"}],"about":[{"href":"https:\/\/pavillonchassepeche.ca\/en\/wp-json\/wp\/v2\/types\/product"}],"replies":[{"embeddable":true,"href":"https:\/\/pavillonchassepeche.ca\/en\/wp-json\/wp\/v2\/comments?post=79778"}],"version-history":[{"count":2,"href":"https:\/\/pavillonchassepeche.ca\/en\/wp-json\/wp\/v2\/product\/79778\/revisions"}],"predecessor-version":[{"id":85916,"href":"https:\/\/pavillonchassepeche.ca\/en\/wp-json\/wp\/v2\/product\/79778\/revisions\/85916"}],"wp:featuredmedia":[{"embeddable":true,"href":"https:\/\/pavillonchassepeche.ca\/en\/wp-json\/wp\/v2\/media\/79776"}],"wp:attachment":[{"href":"https:\/\/pavillonchassepeche.ca\/en\/wp-json\/wp\/v2\/media?parent=79778"}],"wp:term":[{"taxonomy":"product_brand","embeddable":true,"href":"https:\/\/pavillonchassepeche.ca\/en\/wp-json\/wp\/v2\/product_brand?post=79778"},{"taxonomy":"product_cat","embeddable":true,"href":"https:\/\/pavillonchassepeche.ca\/en\/wp-json\/wp\/v2\/product_cat?post=79778"},{"taxonomy":"product_tag","embeddable":true,"href":"https:\/\/pavillonchassepeche.ca\/en\/wp-json\/wp\/v2\/product_tag?post=79778"}],"curies":[{"name":"wp","href":"https:\/\/api.w.org\/{rel}","templated":true}]}}