{"id":79595,"date":"2025-04-18T15:57:59","date_gmt":"2025-04-18T19:57:59","guid":{"rendered":"https:\/\/pavillonchassepeche.ca\/?post_type=product&#038;p=79595"},"modified":"2026-04-09T18:00:23","modified_gmt":"2026-04-09T22:00:23","slug":"allen-cibles-pronature-pour-le-dindon-sauvage-qty6","status":"publish","type":"product","link":"https:\/\/pavillonchassepeche.ca\/en\/product\/allen-cibles-pronature-pour-le-dindon-sauvage-qty6\/","title":{"rendered":"ALLEN CIBLES PRONATURE POUR LE DINDON SAUVAGE QTY:6"},"content":{"rendered":"<p data-start=\"137\" data-end=\"594\">Les <strong data-start=\"141\" data-end=\"190\">cibles Allen ProNature pour le dindon sauvage<\/strong>, vendues en lot de 6, sont con\u00e7ues pour am\u00e9liorer la pr\u00e9cision et l\u2019entra\u00eenement des chasseurs. Fabriqu\u00e9es en mat\u00e9riau durable, ces cibles offrent une excellente r\u00e9sistance aux impacts tout en \u00e9tant faciles \u00e0 installer et \u00e0 transporter. Parfaites pour pratiquer le tir \u00e0 la carabine ou au fusil \u00e0 plomb, elles permettent de simuler des situations de chasse r\u00e9alistes et de perfectionner votre technique.<\/p>\n<p data-start=\"596\" data-end=\"620\"><strong data-start=\"596\" data-end=\"618\">Caract\u00e9ristiques :<\/strong><\/p>\n<ul data-start=\"621\" data-end=\"905\">\n<li data-start=\"621\" data-end=\"684\">\n<p data-start=\"623\" data-end=\"684\">Lot de 6 cibles sp\u00e9cialement con\u00e7ues pour le dindon sauvage<\/p>\n<\/li>\n<li data-start=\"685\" data-end=\"745\">\n<p data-start=\"687\" data-end=\"745\">Mat\u00e9riau robuste et durable pour une longue dur\u00e9e de vie<\/p>\n<\/li>\n<li data-start=\"746\" data-end=\"786\">\n<p data-start=\"748\" data-end=\"786\">Faciles \u00e0 installer et \u00e0 transporter<\/p>\n<\/li>\n<li data-start=\"787\" data-end=\"851\">\n<p data-start=\"789\" data-end=\"851\">Id\u00e9al pour l\u2019entra\u00eenement au tir et la pratique de la chasse<\/p>\n<\/li>\n<li data-start=\"852\" data-end=\"905\">\n<p data-start=\"854\" data-end=\"905\">Permet de simuler des sc\u00e9narios de chasse r\u00e9alistes<\/p>\n<\/li>\n<\/ul>\n<p data-start=\"907\" data-end=\"940\"><strong data-start=\"907\" data-end=\"938\">Sp\u00e9cifications techniques :<\/strong><\/p>\n<ul data-start=\"941\" data-end=\"1044\">\n<li data-start=\"941\" data-end=\"964\">\n<p data-start=\"943\" data-end=\"964\">Quantit\u00e9 : 6 cibles<\/p>\n<\/li>\n<li data-start=\"965\" data-end=\"1017\">\n<p data-start=\"967\" data-end=\"1017\">Type : Cibles d\u2019entra\u00eenement pour dindon sauvage<\/p>\n<\/li>\n<li data-start=\"1018\" data-end=\"1044\">\n<p data-start=\"1020\" data-end=\"1044\">Marque : Allen ProNature<\/p>\n<\/li>\n<\/ul>\n","protected":false},"excerpt":{"rendered":"<p>Les cibles Allen ProNature pour le dindon sauvage, vendues en lot de 6, sont con\u00e7ues pour am\u00e9liorer la pr\u00e9cision et l\u2019entra\u00eenement des chasseurs. Fabriqu\u00e9es en mat\u00e9riau durable, ces cibles offrent une excellente r\u00e9sistance aux impacts tout en \u00e9tant faciles \u00e0 installer et \u00e0 transporter. Parfaites pour pratiquer le tir \u00e0 la carabine ou au fusil [&hellip;]<\/p>\n","protected":false},"featured_media":79593,"comment_status":"open","ping_status":"closed","template":"","meta":{"_acf_changed":false,"pagelayer_contact_templates":[],"_pagelayer_content":""},"product_brand":[],"product_cat":[21,90],"product_tag":[315],"class_list":{"0":"post-79595","1":"product","2":"type-product","3":"status-publish","4":"has-post-thumbnail","6":"product_cat-chasse","7":"product_cat-cibles","8":"product_tag-allen","10":"first","11":"instock","12":"taxable","13":"shipping-taxable","14":"purchasable","15":"product-type-simple"},"acf":[],"jetpack_sharing_enabled":true,"_links":{"self":[{"href":"https:\/\/pavillonchassepeche.ca\/en\/wp-json\/wp\/v2\/product\/79595","targetHints":{"allow":["GET"]}}],"collection":[{"href":"https:\/\/pavillonchassepeche.ca\/en\/wp-json\/wp\/v2\/product"}],"about":[{"href":"https:\/\/pavillonchassepeche.ca\/en\/wp-json\/wp\/v2\/types\/product"}],"replies":[{"embeddable":true,"href":"https:\/\/pavillonchassepeche.ca\/en\/wp-json\/wp\/v2\/comments?post=79595"}],"version-history":[{"count":2,"href":"https:\/\/pavillonchassepeche.ca\/en\/wp-json\/wp\/v2\/product\/79595\/revisions"}],"predecessor-version":[{"id":85987,"href":"https:\/\/pavillonchassepeche.ca\/en\/wp-json\/wp\/v2\/product\/79595\/revisions\/85987"}],"wp:featuredmedia":[{"embeddable":true,"href":"https:\/\/pavillonchassepeche.ca\/en\/wp-json\/wp\/v2\/media\/79593"}],"wp:attachment":[{"href":"https:\/\/pavillonchassepeche.ca\/en\/wp-json\/wp\/v2\/media?parent=79595"}],"wp:term":[{"taxonomy":"product_brand","embeddable":true,"href":"https:\/\/pavillonchassepeche.ca\/en\/wp-json\/wp\/v2\/product_brand?post=79595"},{"taxonomy":"product_cat","embeddable":true,"href":"https:\/\/pavillonchassepeche.ca\/en\/wp-json\/wp\/v2\/product_cat?post=79595"},{"taxonomy":"product_tag","embeddable":true,"href":"https:\/\/pavillonchassepeche.ca\/en\/wp-json\/wp\/v2\/product_tag?post=79595"}],"curies":[{"name":"wp","href":"https:\/\/api.w.org\/{rel}","templated":true}]}}