{"id":79506,"date":"2025-04-18T15:55:28","date_gmt":"2025-04-18T19:55:28","guid":{"rendered":"https:\/\/pavillonchassepeche.ca\/?post_type=product&#038;p=79506"},"modified":"2026-04-04T12:04:33","modified_gmt":"2026-04-04T16:04:33","slug":"campana-scie-pliante-lame-7","status":"publish","type":"product","link":"https:\/\/pavillonchassepeche.ca\/en\/product\/campana-scie-pliante-lame-7\/","title":{"rendered":"CAMPANA SCIE PLIANTE LAME 7&#8221;"},"content":{"rendered":"<p data-start=\"142\" data-end=\"686\">La <strong data-start=\"174\" data-end=\"229\">scie pliante Campana avec lame de 7 pouces (180 mm)<\/strong> est un outil l\u00e9ger et compact, parfait pour les activit\u00e9s de plein air comme le camping, la chasse ou la randonn\u00e9e. Sa lame en acier de haute qualit\u00e9, avec un grade de 65 nm, assure une coupe efficace et durable. Gr\u00e2ce \u00e0 ses deux positions de verrouillage, la lame se maintient solidement en place pour une utilisation s\u00e9curitaire. La poign\u00e9e en ABS avec finition antid\u00e9rapante offre une prise confortable et s\u00fbre, m\u00eame en conditions humides ou glissantes.<\/p>\n<hr data-start=\"688\" data-end=\"691\" \/>\n<p data-start=\"693\" data-end=\"717\"><strong data-start=\"693\" data-end=\"715\">Caract\u00e9ristiques :<\/strong><\/p>\n<ul data-start=\"718\" data-end=\"977\">\n<li data-start=\"718\" data-end=\"770\">\n<p data-start=\"720\" data-end=\"770\">Lame pliante de 7 pouces (180 mm) en acier 65 nm<\/p>\n<\/li>\n<li data-start=\"771\" data-end=\"832\">\n<p data-start=\"773\" data-end=\"832\">Deux positions de verrouillage pour s\u00e9curit\u00e9 et stabilit\u00e9<\/p>\n<\/li>\n<li data-start=\"833\" data-end=\"886\">\n<p data-start=\"835\" data-end=\"886\">Poign\u00e9e en ABS l\u00e9g\u00e8re avec finition antid\u00e9rapante<\/p>\n<\/li>\n<li data-start=\"887\" data-end=\"923\">\n<p data-start=\"889\" data-end=\"923\">Compacte et facile \u00e0 transporter<\/p>\n<\/li>\n<li data-start=\"924\" data-end=\"977\">\n<p data-start=\"926\" data-end=\"977\">Id\u00e9ale pour camping, chasse, et activit\u00e9s plein air<\/p>\n<\/li>\n<\/ul>\n<hr data-start=\"979\" data-end=\"982\" \/>\n<p data-start=\"984\" data-end=\"1017\"><strong data-start=\"984\" data-end=\"1015\">Sp\u00e9cifications techniques :<\/strong><\/p>\n<ul data-start=\"1018\" data-end=\"1233\">\n<li data-start=\"1018\" data-end=\"1038\">\n<p data-start=\"1020\" data-end=\"1038\">Marque : Campana<\/p>\n<\/li>\n<li data-start=\"1039\" data-end=\"1062\">\n<p data-start=\"1041\" data-end=\"1062\">Type : Scie pliante<\/p>\n<\/li>\n<li data-start=\"1063\" data-end=\"1103\">\n<p data-start=\"1065\" data-end=\"1103\">Longueur de lame : 7 pouces (180 mm)<\/p>\n<\/li>\n<li data-start=\"1104\" data-end=\"1141\">\n<p data-start=\"1106\" data-end=\"1141\">Mat\u00e9riau lame : Acier grade 65 nm<\/p>\n<\/li>\n<li data-start=\"1142\" data-end=\"1196\">\n<p data-start=\"1144\" data-end=\"1196\">Mat\u00e9riau poign\u00e9e : ABS avec finition antid\u00e9rapante<\/p>\n<\/li>\n<li data-start=\"1197\" data-end=\"1233\">\n<p data-start=\"1199\" data-end=\"1233\">Usage : Coupe, plein air, survie<\/p>\n<\/li>\n<\/ul>\n","protected":false},"excerpt":{"rendered":"<p>La scie pliante Campana avec lame de 7 pouces (180 mm) est un outil l\u00e9ger et compact, parfait pour les activit\u00e9s de plein air comme le camping, la chasse ou la randonn\u00e9e. Sa lame en acier de haute qualit\u00e9, avec un grade de 65 nm, assure une coupe efficace et durable. Gr\u00e2ce \u00e0 ses deux [&hellip;]<\/p>\n","protected":false},"featured_media":79504,"comment_status":"open","ping_status":"closed","template":"","meta":{"_acf_changed":false,"pagelayer_contact_templates":[],"_pagelayer_content":""},"product_brand":[],"product_cat":[113,110],"product_tag":[325],"class_list":{"0":"post-79506","1":"product","2":"type-product","3":"status-publish","4":"has-post-thumbnail","6":"product_cat-plein-air-camping-cuisine-chauffage","7":"product_cat-plein-air","8":"product_tag-buckner","10":"first","11":"instock","12":"taxable","13":"shipping-taxable","14":"purchasable","15":"product-type-simple"},"acf":[],"jetpack_sharing_enabled":true,"_links":{"self":[{"href":"https:\/\/pavillonchassepeche.ca\/en\/wp-json\/wp\/v2\/product\/79506","targetHints":{"allow":["GET"]}}],"collection":[{"href":"https:\/\/pavillonchassepeche.ca\/en\/wp-json\/wp\/v2\/product"}],"about":[{"href":"https:\/\/pavillonchassepeche.ca\/en\/wp-json\/wp\/v2\/types\/product"}],"replies":[{"embeddable":true,"href":"https:\/\/pavillonchassepeche.ca\/en\/wp-json\/wp\/v2\/comments?post=79506"}],"version-history":[{"count":2,"href":"https:\/\/pavillonchassepeche.ca\/en\/wp-json\/wp\/v2\/product\/79506\/revisions"}],"predecessor-version":[{"id":88462,"href":"https:\/\/pavillonchassepeche.ca\/en\/wp-json\/wp\/v2\/product\/79506\/revisions\/88462"}],"wp:featuredmedia":[{"embeddable":true,"href":"https:\/\/pavillonchassepeche.ca\/en\/wp-json\/wp\/v2\/media\/79504"}],"wp:attachment":[{"href":"https:\/\/pavillonchassepeche.ca\/en\/wp-json\/wp\/v2\/media?parent=79506"}],"wp:term":[{"taxonomy":"product_brand","embeddable":true,"href":"https:\/\/pavillonchassepeche.ca\/en\/wp-json\/wp\/v2\/product_brand?post=79506"},{"taxonomy":"product_cat","embeddable":true,"href":"https:\/\/pavillonchassepeche.ca\/en\/wp-json\/wp\/v2\/product_cat?post=79506"},{"taxonomy":"product_tag","embeddable":true,"href":"https:\/\/pavillonchassepeche.ca\/en\/wp-json\/wp\/v2\/product_tag?post=79506"}],"curies":[{"name":"wp","href":"https:\/\/api.w.org\/{rel}","templated":true}]}}