{"id":79417,"date":"2025-04-18T15:53:18","date_gmt":"2025-04-18T19:53:18","guid":{"rendered":"https:\/\/pavillonchassepeche.ca\/?post_type=product&#038;p=79417"},"modified":"2025-12-23T11:51:26","modified_gmt":"2025-12-23T16:51:26","slug":"rapala-performance-tool-combo","status":"publish","type":"product","link":"https:\/\/pavillonchassepeche.ca\/en\/product\/rapala-performance-tool-combo\/","title":{"rendered":"RAPALA PERFORMANCE TOOL COMBO"},"content":{"rendered":"<p data-start=\"103\" data-end=\"601\">Le <em data-start=\"126\" data-end=\"157\">Rapala Performance Tool Combo<\/em> est un ensemble d\u2019outils essentiels pour tout p\u00eacheur, combinant performance, durabilit\u00e9 et praticit\u00e9. Con\u00e7u pour r\u00e9pondre aux besoins sur le terrain comme au quai, cet ensemble comprend des pinces multifonctions, un coupe-fil et d\u2019autres outils pratiques pour faciliter la manipulation de l\u2019\u00e9quipement et des poissons. Solides et ergonomiques, les outils Rapala sont con\u00e7us pour durer et assurer un maximum d\u2019efficacit\u00e9 lors de chaque sortie.<\/p>\n<p data-start=\"603\" data-end=\"627\"><strong data-start=\"603\" data-end=\"625\">Caract\u00e9ristiques :<\/strong><\/p>\n<ul data-start=\"628\" data-end=\"983\">\n<li data-start=\"628\" data-end=\"673\">\n<p data-start=\"630\" data-end=\"673\">Ensemble complet d\u2019outils de p\u00eache Rapala<\/p>\n<\/li>\n<li data-start=\"674\" data-end=\"739\">\n<p data-start=\"676\" data-end=\"739\">Inclut pinces multifonctions, coupe-fil et autres accessoires<\/p>\n<\/li>\n<li data-start=\"740\" data-end=\"803\">\n<p data-start=\"742\" data-end=\"803\">Construction robuste et mat\u00e9riaux r\u00e9sistants \u00e0 la corrosion<\/p>\n<\/li>\n<li data-start=\"804\" data-end=\"864\">\n<p data-start=\"806\" data-end=\"864\">Poign\u00e9es ergonomiques pour une prise en main confortable<\/p>\n<\/li>\n<li data-start=\"865\" data-end=\"919\">\n<p data-start=\"867\" data-end=\"919\">Id\u00e9al pour toutes les situations en p\u00eache sportive<\/p>\n<\/li>\n<li data-start=\"920\" data-end=\"983\">\n<p data-start=\"922\" data-end=\"983\">Parfait pour pr\u00e9parer, manipuler et entretenir ton mat\u00e9riel<\/p>\n<\/li>\n<\/ul>\n<p data-start=\"985\" data-end=\"1018\"><strong data-start=\"985\" data-end=\"1016\">Sp\u00e9cifications techniques :<\/strong><\/p>\n<ul data-start=\"1019\" data-end=\"1195\">\n<li data-start=\"1019\" data-end=\"1038\">\n<p data-start=\"1021\" data-end=\"1038\">Marque : Rapala<\/p>\n<\/li>\n<li data-start=\"1039\" data-end=\"1074\">\n<p data-start=\"1041\" data-end=\"1074\">Mod\u00e8le : Performance Tool Combo<\/p>\n<\/li>\n<li data-start=\"1075\" data-end=\"1128\">\n<p data-start=\"1077\" data-end=\"1128\">Contenu : Outils vari\u00e9s (pinces, coupe-fil, etc.)<\/p>\n<\/li>\n<li data-start=\"1129\" data-end=\"1195\">\n<p data-start=\"1131\" data-end=\"1195\">Usage : Outils multifonctions pour p\u00eache en eau douce ou sal\u00e9e<\/p>\n<\/li>\n<\/ul>\n","protected":false},"excerpt":{"rendered":"<p>Le Rapala Performance Tool Combo est un ensemble d\u2019outils essentiels pour tout p\u00eacheur, combinant performance, durabilit\u00e9 et praticit\u00e9. Con\u00e7u pour r\u00e9pondre aux besoins sur le terrain comme au quai, cet ensemble comprend des pinces multifonctions, un coupe-fil et d\u2019autres outils pratiques pour faciliter la manipulation de l\u2019\u00e9quipement et des poissons. Solides et ergonomiques, les outils [&hellip;]<\/p>\n","protected":false},"featured_media":79415,"comment_status":"open","ping_status":"closed","template":"","meta":{"_acf_changed":false,"pagelayer_contact_templates":[],"_pagelayer_content":""},"product_brand":[],"product_cat":[144],"product_tag":[309,353],"class_list":{"0":"post-79417","1":"product","2":"type-product","3":"status-publish","4":"has-post-thumbnail","6":"product_cat-peche","7":"product_tag-normark","8":"product_tag-rapala","10":"first","11":"instock","12":"taxable","13":"shipping-taxable","14":"purchasable","15":"product-type-simple"},"acf":[],"jetpack_sharing_enabled":true,"_links":{"self":[{"href":"https:\/\/pavillonchassepeche.ca\/en\/wp-json\/wp\/v2\/product\/79417","targetHints":{"allow":["GET"]}}],"collection":[{"href":"https:\/\/pavillonchassepeche.ca\/en\/wp-json\/wp\/v2\/product"}],"about":[{"href":"https:\/\/pavillonchassepeche.ca\/en\/wp-json\/wp\/v2\/types\/product"}],"replies":[{"embeddable":true,"href":"https:\/\/pavillonchassepeche.ca\/en\/wp-json\/wp\/v2\/comments?post=79417"}],"version-history":[{"count":2,"href":"https:\/\/pavillonchassepeche.ca\/en\/wp-json\/wp\/v2\/product\/79417\/revisions"}],"predecessor-version":[{"id":85751,"href":"https:\/\/pavillonchassepeche.ca\/en\/wp-json\/wp\/v2\/product\/79417\/revisions\/85751"}],"wp:featuredmedia":[{"embeddable":true,"href":"https:\/\/pavillonchassepeche.ca\/en\/wp-json\/wp\/v2\/media\/79415"}],"wp:attachment":[{"href":"https:\/\/pavillonchassepeche.ca\/en\/wp-json\/wp\/v2\/media?parent=79417"}],"wp:term":[{"taxonomy":"product_brand","embeddable":true,"href":"https:\/\/pavillonchassepeche.ca\/en\/wp-json\/wp\/v2\/product_brand?post=79417"},{"taxonomy":"product_cat","embeddable":true,"href":"https:\/\/pavillonchassepeche.ca\/en\/wp-json\/wp\/v2\/product_cat?post=79417"},{"taxonomy":"product_tag","embeddable":true,"href":"https:\/\/pavillonchassepeche.ca\/en\/wp-json\/wp\/v2\/product_tag?post=79417"}],"curies":[{"name":"wp","href":"https:\/\/api.w.org\/{rel}","templated":true}]}}